{"id":44477,"date":"2026-05-05T09:52:33","date_gmt":"2026-05-05T07:52:33","guid":{"rendered":"https:\/\/dtgrinder.com\/termek\/damasteel-rwl34-premium-stainless-knife-steel-multiple-sizes\/"},"modified":"2026-05-05T11:33:07","modified_gmt":"2026-05-05T09:33:07","slug":"damasteel-rwl34-premium-stainless-knife-steel-multiple-sizes","status":"publish","type":"product","link":"https:\/\/dtgrinder.com\/en\/termek\/damasteel-rwl34-premium-stainless-knife-steel-multiple-sizes\/","title":{"rendered":"Damasteel\u00ae RWL34 premium stainless knife steel &#8211; multiple sizes"},"content":{"rendered":"<h2>Damasteel\u00ae RWL34 premium stainless knife steel &#8211; multiple sizes<\/h2>\n<p data-start=\"218\" data-end=\"401\"><strong data-start=\"220\" data-end=\"240\">Damasteel RWL34\u2122<\/strong> is a martensitic, stainless, hardenable knife steel manufactured using Rapid Solidified Powder technology.<\/p>\n<p data-start=\"403\" data-end=\"592\">This process results in an extremely <strong data-start=\"427\" data-end=\"459\">fine and homogeneous structure<\/strong>, which ensures excellent edge definition and reliable knife performance.<\/p>\n<h3 data-start=\"1194\" data-end=\"1215\" data-section-id=\"1ojz5d2\">Material characteristics<\/h3>\n<ul>\n<li>martensitic stainless steel<\/li>\n<li>powder metallurgy (RSP) production<\/li>\n<li>homogeneous, fine-grained structure<\/li>\n<li>excellent edge stability<\/li>\n<\/ul>\n<p data-start=\"1344\" data-end=\"1461\">RWL34 is also one of the raw materials for Damasteel&#8217;s damascene steels (e.g. DS93X).<a href=\"\/?product_cat=damasteel_kesalapanyagok\"> You can see the damascene steels available from us by clicking here.<\/a> <\/p>\n<h3 data-start=\"1468\" data-end=\"1495\" data-section-id=\"1hgtmiw\">Area of use<\/h3>\n<ul>\n<li>kitchen knives<\/li>\n<li>outdoor \/ hunting knives<\/li>\n<li>EDC knives<\/li>\n<li>premium custom blades<\/li>\n<\/ul>\n<p data-start=\"1580\" data-end=\"1683\">  The ideal choice for any project where <strong data-start=\"1640\" data-end=\"1682\">long life and reliable performance<\/strong> are important.<\/p>\n<h3 data-start=\"1926\" data-end=\"1963\" data-section-id=\"bfew36\">Why do knifemakers choose it?<\/h3>\n<ul>\n<li>outstanding quality of life<\/li>\n<li>high purity \u2192 stable machining<\/li>\n<li>easy to polish, nice surface finish<\/li>\n<li>One of the most reliable premium materials for modern knife making.<\/li>\n<\/ul>\n<h3 data-section-id=\"105jb8w\" data-start=\"138\" data-end=\"162\">Heat treatment recommendation<\/h3>\n<p data-start=\"164\" data-end=\"344\">A <strong data-start=\"166\" data-end=\"186\">Damasteel RWL34\u2122<\/strong> ac\u00e9l v\u00e9gs\u0151 tulajdons\u00e1gai megfelel\u0151 h\u0151kezel\u00e9ssel \u00e9rhet\u0151k el. Az anyag l\u00e1gy\u00edtott \u00e1llapotban ker\u00fcl sz\u00e1ll\u00edt\u00e1sra, ez\u00e9rt a felhaszn\u00e1l\u00e1s el\u0151tt h\u0151kezel\u00e9s sz\u00fcks\u00e9ges. <\/p>\n<p data-start=\"780\" data-end=\"883\">The table below shows examples of hardness values for different heat treatment combinations.<\/p>\n<table>\n<thead>\n<tr>\n<th>Heat treatment temperature (training) (\u00b0C)<\/th>\n<th>Tempering temperature (\u00b0C)<\/th>\n<th>Time (hours)<\/th>\n<th>Hardness (HRC)<\/th>\n<\/tr>\n<\/thead>\n<tbody>\n<tr>\n<td>1050 \u00b0C<\/td>\n<td>220 \u00b0C<\/td>\n<td>2<\/td>\n<td>59 HRC<\/td>\n<\/tr>\n<tr>\n<td>1050 \u00b0C<\/td>\n<td>175 \u00b0C<\/td>\n<td>2<\/td>\n<td>62 HRC<\/td>\n<\/tr>\n<tr>\n<td>1080 \u00b0C<\/td>\n<td>220 \u00b0C<\/td>\n<td>2<\/td>\n<td>58 HRC<\/td>\n<\/tr>\n<tr>\n<td>1080 \u00b0C<\/td>\n<td>175 \u00b0C<\/td>\n<td>2<\/td>\n<td>63 HRC<\/td>\n<\/tr>\n<tr>\n<td>1100 \u00b0C<\/td>\n<td>175 \u00b0C<\/td>\n<td>2<\/td>\n<td>64 HRC<\/td>\n<\/tr>\n<\/tbody>\n<\/table>\n<p><strong>If you need any Damasteel\u00ae product in a specific size from the known samples, feel free to contact us.<\/strong><\/p>\n<p>Check out more <a href=\"\/?product_cat=kes_alapanyagok&#038;srsltid=AfmBOoojPaNoiUL__a0SdbPNv3j5duERsk9zXDJu-55oHU2KgMSfUbva&amp;v=18bd9197cb1d\">of our knife materials!<\/a><br \/>\nFollow us <strong><a href=\"https:\/\/www.facebook.com\/dtgrinder\/\" target=\"_blank\" rel=\"noopener\">on Facebook<\/a><\/strong> and <strong><a href=\"https:\/\/www.instagram.com\/dt_grinder\" target=\"_blank\" rel=\"noopener\">Instagram<\/a>!<\/strong><\/p>\n","protected":false},"excerpt":{"rendered":"<p><strong data-start=\"2437\" data-end=\"2457\"> RWL34 <\/strong>is a premium powder metallurgical stainless knife steel that offers excellent edge retention, high strength and easy machinability. One of the most reliable premium materials for modern knife making. <\/p>\n","protected":false},"featured_media":44601,"comment_status":"open","ping_status":"closed","template":"","meta":[],"product_brand":[2013],"product_cat":[2010,925,2085],"product_tag":[],"class_list":{"0":"post-44477","1":"product","2":"type-product","3":"status-publish","4":"has-post-thumbnail","6":"product_brand-damasteel","7":"product_cat-damasteel-knife-blade-materials","8":"product_cat-knife_materials","9":"product_cat-knife-steels","11":"first","12":"instock","13":"taxable","14":"shipping-taxable","15":"purchasable","16":"product-type-variable"},"_links":{"self":[{"href":"https:\/\/dtgrinder.com\/en\/wp-json\/wp\/v2\/product\/44477","targetHints":{"allow":["GET"]}}],"collection":[{"href":"https:\/\/dtgrinder.com\/en\/wp-json\/wp\/v2\/product"}],"about":[{"href":"https:\/\/dtgrinder.com\/en\/wp-json\/wp\/v2\/types\/product"}],"replies":[{"embeddable":true,"href":"https:\/\/dtgrinder.com\/en\/wp-json\/wp\/v2\/comments?post=44477"}],"wp:featuredmedia":[{"embeddable":true,"href":"https:\/\/dtgrinder.com\/en\/wp-json\/wp\/v2\/media\/44601"}],"wp:attachment":[{"href":"https:\/\/dtgrinder.com\/en\/wp-json\/wp\/v2\/media?parent=44477"}],"wp:term":[{"taxonomy":"product_brand","embeddable":true,"href":"https:\/\/dtgrinder.com\/en\/wp-json\/wp\/v2\/product_brand?post=44477"},{"taxonomy":"product_cat","embeddable":true,"href":"https:\/\/dtgrinder.com\/en\/wp-json\/wp\/v2\/product_cat?post=44477"},{"taxonomy":"product_tag","embeddable":true,"href":"https:\/\/dtgrinder.com\/en\/wp-json\/wp\/v2\/product_tag?post=44477"}],"curies":[{"name":"wp","href":"https:\/\/api.w.org\/{rel}","templated":true}]}}