{"id":30202,"date":"2025-10-16T15:07:27","date_gmt":"2025-10-16T13:07:27","guid":{"rendered":"https:\/\/dtgrinder.com\/termek\/material-marking-inserts-for-marking-steel-materials-several-types\/"},"modified":"2026-02-03T14:04:45","modified_gmt":"2026-02-03T13:04:45","slug":"material-marking-inserts-for-marking-steel-materials-several-types","status":"publish","type":"product","link":"https:\/\/dtgrinder.com\/en\/termek\/material-marking-inserts-for-marking-steel-materials-several-types\/","title":{"rendered":"Material marking inserts for marking steel materials &#8211; several types"},"content":{"rendered":"<h2>Material marking inserts for marking steel materials &#8211; several types<\/h2>\n<p data-start=\"499\" data-end=\"802\"><strong data-start=\"501\" data-end=\"534\">The material markers<\/strong> allow you to easily and precisely mark the type of steel used on knife blades, tools or metal parts. Made <strong data-start=\"673\" data-end=\"711\">of K110 (D2; 1.2379) tool steel<\/strong>, the indents are extremely durable and wear-resistant. <\/p>\n<h3 data-start=\"1060\" data-end=\"1097\"><strong data-start=\"1067\" data-end=\"1095\">Available material designations:<\/strong><\/h3>\n<p data-start=\"1100\" data-end=\"1108\">1.4116 | RWL34 | 14C28N | 80CrV2 | 75Cr1 | ELMAX | N690<\/p>\n<h3 data-start=\"1176\" data-end=\"1201\"><strong data-start=\"1180\" data-end=\"1199\">Technical data:<\/strong><\/h3>\n<p data-start=\"1204\" data-end=\"1244\">Material: K110 \/ D2 \/ 1.2379 tool steel<\/p>\n<p data-start=\"1273\" data-end=\"1314\">Font height: 2.6-2.8 mm<\/p>\n<p data-start=\"1356\" data-end=\"1401\">Use: with a hand hammer or press<\/p>\n<h3 data-start=\"1759\" data-end=\"1777\"><strong data-start=\"1766\" data-end=\"1775\">We are also happy to implement individual solutions<\/strong><\/h3>\n<p data-start=\"1778\" data-end=\"1992\">We can also produce <strong>your own logo or lettering inserts<\/strong> &#8211; ideal for branding, workshop logos.<br data-start=\"1918\" data-end=\"1921\">Request a quote via our contact form <a href=\"https:\/\/dtgrinder.com\/en\/contact-2\/?v=18bd9197cb1d\"><strong>by clicking here.<\/strong><\/a><\/p>\n<p data-start=\"1778\" data-end=\"1992\">Vagy tov\u00e1bb\u00edtsd nek\u00fcnk emailben a mint\u00e1t az info@dtgrinder.com-ra k\u00e9pf\u00e1jlk\u00e9nt vagy pdf-ben.<\/p>\n","protected":false},"excerpt":{"rendered":"<p><strong data-start=\"501\" data-end=\"534\">The material markers<\/strong> allow you to easily and precisely mark the type of steel used on knife blades, tools or metal parts. Made <strong data-start=\"673\" data-end=\"711\">of K110 \/ D2 \/ 1.2379 tool steel<\/strong>, the indenters are extremely durable and wear-resistant. <\/p>\n","protected":false},"featured_media":30236,"comment_status":"open","ping_status":"closed","template":"","meta":[],"product_brand":[1620],"product_cat":[1791],"product_tag":[],"class_list":{"0":"post-30202","1":"product","2":"type-product","3":"status-publish","4":"has-post-thumbnail","6":"product_brand-dt-grinder-en","7":"product_cat-steel_marking_stamps","9":"first","10":"instock","11":"taxable","12":"shipping-taxable","13":"purchasable","14":"product-type-variable"},"_links":{"self":[{"href":"https:\/\/dtgrinder.com\/en\/wp-json\/wp\/v2\/product\/30202","targetHints":{"allow":["GET"]}}],"collection":[{"href":"https:\/\/dtgrinder.com\/en\/wp-json\/wp\/v2\/product"}],"about":[{"href":"https:\/\/dtgrinder.com\/en\/wp-json\/wp\/v2\/types\/product"}],"replies":[{"embeddable":true,"href":"https:\/\/dtgrinder.com\/en\/wp-json\/wp\/v2\/comments?post=30202"}],"wp:featuredmedia":[{"embeddable":true,"href":"https:\/\/dtgrinder.com\/en\/wp-json\/wp\/v2\/media\/30236"}],"wp:attachment":[{"href":"https:\/\/dtgrinder.com\/en\/wp-json\/wp\/v2\/media?parent=30202"}],"wp:term":[{"taxonomy":"product_brand","embeddable":true,"href":"https:\/\/dtgrinder.com\/en\/wp-json\/wp\/v2\/product_brand?post=30202"},{"taxonomy":"product_cat","embeddable":true,"href":"https:\/\/dtgrinder.com\/en\/wp-json\/wp\/v2\/product_cat?post=30202"},{"taxonomy":"product_tag","embeddable":true,"href":"https:\/\/dtgrinder.com\/en\/wp-json\/wp\/v2\/product_tag?post=30202"}],"curies":[{"name":"wp","href":"https:\/\/api.w.org\/{rel}","templated":true}]}}