{"id":15306,"date":"2024-03-26T14:06:54","date_gmt":"2024-03-26T14:06:54","guid":{"rendered":"https:\/\/dtgrinder.com\/?post_type=product&#038;p=15306"},"modified":"2026-04-14T07:28:12","modified_gmt":"2026-04-14T05:28:12","slug":"polishing-compound-chromax-pink-3-9-lea-pink-polishing-paste-for-ferrous-and-non-ferrous-metals-800-g-masolat","status":"publish","type":"product","link":"https:\/\/dtgrinder.com\/en\/termek\/polishing-compound-chromax-pink-3-9-lea-pink-polishing-paste-for-ferrous-and-non-ferrous-metals-800-g-masolat\/","title":{"rendered":"Polishing compound Plastimax 3\/7 LEA &#8211; Beige \/wood, plastic, stabilized materials for polishing\/ ~800 [g]"},"content":{"rendered":"<p>Plastimax LEA 3\/7 is a fine soft grit polishing rod. For plastic, polyester, stabilized, lacquered and veneered surfaces. For high gloss finishing operations.<\/p>\n<p>General information:<\/p>\n<p>&#8220;&#8230; abrasive and polishing pastes contain 50-60 % abrasive grit, the remainder being agglutinating fats and oils. The pastes can be graded on two scales of value, the degree of abrasion and the surface gloss. While the former shows how much material is being removed (how coarse the paste contains), the surface gloss scale shows how glossy the paste can be used to produce a surface. The two metrics are inversely related, except for some pastes. So, with a high material separation, you will get a lower surface gloss. &#8221;<\/p>\n<p>Plastimax is an increasingly popular polishing rod recommended for polishing stabilised and plastic handle materials.<\/p>\n<p>Source. Written by: G\u00e1bor Jasper &#8211; A pol\u00edroz\u00e1s buktat\u00f3i<\/p>\n","protected":false},"excerpt":{"rendered":"<p>Plastimax LEA 3\/7 is a fine soft grit polishing rod. For plastic, polyester, stabilized, lacquered and veneered surfaces. For high gloss finishing operations.<\/p>\n","protected":false},"featured_media":15308,"comment_status":"open","ping_status":"closed","template":"","meta":[],"product_brand":[1620],"product_cat":[538],"product_tag":[803,1911,303,804,549,305,1915],"class_list":{"0":"post-15306","1":"product","2":"type-product","3":"status-publish","4":"has-post-thumbnail","6":"product_brand-dt-grinder-en","7":"product_cat-polsihing_compound_wheel","8":"product_tag-compund","9":"product_tag-poilrozas","10":"product_tag-polishing-en","11":"product_tag-polishing-compound-en-2","12":"product_tag-polishing-compound-en","13":"product_tag-polishing-material","14":"product_tag-polishingmachine","15":"product_shipping_class-szalagok-en-2","17":"first","18":"instock","19":"taxable","20":"shipping-taxable","21":"purchasable","22":"product-type-simple"},"_links":{"self":[{"href":"https:\/\/dtgrinder.com\/en\/wp-json\/wp\/v2\/product\/15306","targetHints":{"allow":["GET"]}}],"collection":[{"href":"https:\/\/dtgrinder.com\/en\/wp-json\/wp\/v2\/product"}],"about":[{"href":"https:\/\/dtgrinder.com\/en\/wp-json\/wp\/v2\/types\/product"}],"replies":[{"embeddable":true,"href":"https:\/\/dtgrinder.com\/en\/wp-json\/wp\/v2\/comments?post=15306"}],"wp:featuredmedia":[{"embeddable":true,"href":"https:\/\/dtgrinder.com\/en\/wp-json\/wp\/v2\/media\/15308"}],"wp:attachment":[{"href":"https:\/\/dtgrinder.com\/en\/wp-json\/wp\/v2\/media?parent=15306"}],"wp:term":[{"taxonomy":"product_brand","embeddable":true,"href":"https:\/\/dtgrinder.com\/en\/wp-json\/wp\/v2\/product_brand?post=15306"},{"taxonomy":"product_cat","embeddable":true,"href":"https:\/\/dtgrinder.com\/en\/wp-json\/wp\/v2\/product_cat?post=15306"},{"taxonomy":"product_tag","embeddable":true,"href":"https:\/\/dtgrinder.com\/en\/wp-json\/wp\/v2\/product_tag?post=15306"}],"curies":[{"name":"wp","href":"https:\/\/api.w.org\/{rel}","templated":true}]}}