{"id":44149,"date":"2026-04-13T15:06:29","date_gmt":"2026-04-13T13:06:29","guid":{"rendered":"https:\/\/dtgrinder.com\/compare-2\/"},"modified":"2026-04-13T15:06:29","modified_gmt":"2026-04-13T13:06:29","slug":"compare-2","status":"publish","type":"page","link":"https:\/\/dtgrinder.com\/en\/compare-2\/","title":{"rendered":"Compare"},"content":{"rendered":"\t\t<div data-elementor-type=\"wp-page\" data-elementor-id=\"44149\" class=\"elementor elementor-44149 elementor-37965\">\n\t\t\t\t\t\t<section class=\"wd-negative-gap elementor-section elementor-top-section elementor-element elementor-element-8c41c1b elementor-section-boxed elementor-section-height-default elementor-section-height-default\" data-id=\"8c41c1b\" data-element_type=\"section\" data-e-type=\"section\">\n\t\t\t\t\t\t<div class=\"elementor-container elementor-column-gap-default\">\n\t\t\t\t\t<div class=\"elementor-column elementor-col-100 elementor-top-column elementor-element elementor-element-66daca8\" data-id=\"66daca8\" data-element_type=\"column\" data-e-type=\"column\">\n\t\t\t<div class=\"elementor-widget-wrap elementor-element-populated\">\n\t\t\t\t\t\t<div class=\"elementor-element elementor-element-9beb2f2 elementor-widget elementor-widget-wd_compare\" data-id=\"9beb2f2\" data-element_type=\"widget\" data-e-type=\"widget\" data-widget_type=\"wd_compare.default\">\n\t\t\t\t<div class=\"elementor-widget-container\">\n\t\t\t\t\t\t\t<div class=\"wd-empty-block wd-empty-compare\">\n\t\t\t<h2 class=\"wd-empty-block-title\">\n\t\t\t\tCompare list is empty.\t\t\t<\/h2>\n\t\t\t\t\t\t\t<p class=\"wd-empty-block-text\">\n\t\t\t\t\tNincsenek term\u00e9kek az \u00f6sszehasonl\u00edt\u00f3 list\u00e1ban. Hozz\u00e1 kell adnia n\u00e9h\u00e1ny term\u00e9ket az \u00f6sszehasonl\u00edt\u00e1shoz. Sok \u00e9rdekes term\u00e9ket tal\u00e1l a \"Shop\" oldalunkon.\t\t\t\t<\/p>\n\t\t\t\t\t\t<a class=\"button btn btn-accent wd-empty-block-btn\" href=\"https:\/\/dtgrinder.com\/en\/webshop\/\">\n\t\t\t\tReturn to shop\t\t\t<\/a>\n\t\t<\/div>\n\t\t\t\t\t\t<\/div>\n\t\t\t\t<\/div>\n\t\t\t\t\t<\/div>\n\t\t<\/div>\n\t\t\t\t\t<\/div>\n\t\t<\/section>\n\t\t\t\t<\/div>\n\t\t","protected":false},"excerpt":{"rendered":"<p>Compare list is empty. No products added in the compare list. You must add some products to compare them. You<\/p>\n","protected":false},"author":877,"featured_media":0,"parent":0,"menu_order":0,"comment_status":"closed","ping_status":"closed","template":"","meta":{"footnotes":""},"class_list":["post-44149","page","type-page","status-publish","hentry"],"_links":{"self":[{"href":"https:\/\/dtgrinder.com\/en\/wp-json\/wp\/v2\/pages\/44149","targetHints":{"allow":["GET"]}}],"collection":[{"href":"https:\/\/dtgrinder.com\/en\/wp-json\/wp\/v2\/pages"}],"about":[{"href":"https:\/\/dtgrinder.com\/en\/wp-json\/wp\/v2\/types\/page"}],"author":[{"embeddable":true,"href":"https:\/\/dtgrinder.com\/en\/wp-json\/wp\/v2\/users\/877"}],"replies":[{"embeddable":true,"href":"https:\/\/dtgrinder.com\/en\/wp-json\/wp\/v2\/comments?post=44149"}],"version-history":[{"count":1,"href":"https:\/\/dtgrinder.com\/en\/wp-json\/wp\/v2\/pages\/44149\/revisions"}],"predecessor-version":[{"id":44150,"href":"https:\/\/dtgrinder.com\/en\/wp-json\/wp\/v2\/pages\/44149\/revisions\/44150"}],"wp:attachment":[{"href":"https:\/\/dtgrinder.com\/en\/wp-json\/wp\/v2\/media?parent=44149"}],"curies":[{"name":"wp","href":"https:\/\/api.w.org\/{rel}","templated":true}]}}