{"id":44147,"date":"2026-04-13T15:06:00","date_gmt":"2026-04-13T13:06:00","guid":{"rendered":"https:\/\/dtgrinder.com\/whislist\/"},"modified":"2026-04-13T15:06:06","modified_gmt":"2026-04-13T13:06:06","slug":"whislist","status":"publish","type":"page","link":"https:\/\/dtgrinder.com\/en\/whislist\/","title":{"rendered":"Whislist"},"content":{"rendered":"\t\t<div data-elementor-type=\"wp-page\" data-elementor-id=\"44147\" class=\"elementor elementor-44147 elementor-37954\">\n\t\t\t\t\t\t<section class=\"wd-negative-gap elementor-section elementor-top-section elementor-element elementor-element-39fd6e04 elementor-section-boxed elementor-section-height-default elementor-section-height-default\" data-id=\"39fd6e04\" data-element_type=\"section\" data-e-type=\"section\">\n\t\t\t\t\t\t<div class=\"elementor-container elementor-column-gap-default\">\n\t\t\t\t\t<div class=\"elementor-column elementor-col-100 elementor-top-column elementor-element elementor-element-7f1d1b10\" data-id=\"7f1d1b10\" data-element_type=\"column\" data-e-type=\"column\">\n\t\t\t<div class=\"elementor-widget-wrap elementor-element-populated\">\n\t\t\t\t\t\t<div class=\"elementor-element elementor-element-6f681ec2 color-scheme-inherit text-left elementor-widget elementor-widget-text-editor\" data-id=\"6f681ec2\" data-element_type=\"widget\" data-e-type=\"widget\" data-widget_type=\"text-editor.default\">\n\t\t\t\t\t\t\t\t\t\n\t\t\n\t\t\n\n\t\t\t\t<div class=\"\" >\n\t\t\t\t\t\t<div class=\"wd-wishlist-content\">\n\t\t\t\t\t\t\t\t\t\n\t\t<div class=\"wd-empty-block wd-empty-wishlist\">\n\n\t\t<h2 class=\"wd-empty-block-title\">\n\t\t\tThis wishlist is empty.\t\t<\/h2>\n\n\t\t\t\t\t<p class=\"wd-empty-block-text\">\n\t\t\t\tM\u00e9g nincsenek term\u00e9kek a k\u00edv\u00e1ns\u00e1glist\u00e1don. Sok \u00e9rdekes term\u00e9ket tal\u00e1lsz a &#8220;Shop&#8221; oldalunkon.\t\t\t<\/p>\n\t\t\n\t\t\n\t\t\t\t\t<a class=\"button btn btn-accent wd-empty-block-btn\" href=\"https:\/\/dtgrinder.com\/en\/webshop\/\">\n\t\t\t\tReturn to shop\t\t\t<\/a>\n\t\t\n\t\t\t\t\t<\/div>\n\t\t\t\t\t\t\t\t\t\t\t<\/div>\n\t\t\t\t<\/div>\n\t\t\n\t\t\t\t\t\t\t\t<\/div>\n\t\t\t\t\t<\/div>\n\t\t<\/div>\n\t\t\t\t\t<\/div>\n\t\t<\/section>\n\t\t\t\t<\/div>\n\t\t","protected":false},"excerpt":{"rendered":"","protected":false},"author":877,"featured_media":0,"parent":0,"menu_order":0,"comment_status":"closed","ping_status":"closed","template":"","meta":{"footnotes":""},"class_list":["post-44147","page","type-page","status-publish","hentry"],"_links":{"self":[{"href":"https:\/\/dtgrinder.com\/en\/wp-json\/wp\/v2\/pages\/44147","targetHints":{"allow":["GET"]}}],"collection":[{"href":"https:\/\/dtgrinder.com\/en\/wp-json\/wp\/v2\/pages"}],"about":[{"href":"https:\/\/dtgrinder.com\/en\/wp-json\/wp\/v2\/types\/page"}],"author":[{"embeddable":true,"href":"https:\/\/dtgrinder.com\/en\/wp-json\/wp\/v2\/users\/877"}],"replies":[{"embeddable":true,"href":"https:\/\/dtgrinder.com\/en\/wp-json\/wp\/v2\/comments?post=44147"}],"version-history":[{"count":1,"href":"https:\/\/dtgrinder.com\/en\/wp-json\/wp\/v2\/pages\/44147\/revisions"}],"predecessor-version":[{"id":44148,"href":"https:\/\/dtgrinder.com\/en\/wp-json\/wp\/v2\/pages\/44147\/revisions\/44148"}],"wp:attachment":[{"href":"https:\/\/dtgrinder.com\/en\/wp-json\/wp\/v2\/media?parent=44147"}],"curies":[{"name":"wp","href":"https:\/\/api.w.org\/{rel}","templated":true}]}}