{"id":36119,"date":"2025-10-16T08:01:33","date_gmt":"2025-10-16T06:01:33","guid":{"rendered":"https:\/\/dtgrinder.com\/our-certificates\/"},"modified":"2025-10-29T10:19:22","modified_gmt":"2025-10-29T09:19:22","slug":"our-certificates","status":"publish","type":"page","link":"https:\/\/dtgrinder.com\/en\/our-certificates\/","title":{"rendered":"Our certificates"},"content":{"rendered":"\n<div class=\"wp-block-group dtg-heading is-layout-constrained wp-block-group-is-layout-constrained\">\n<p class=\"dtg-eyebrow\">You can view our ISO 9001:2015 certificate below.<\/p>\n\n\n\n<h2 class=\"wp-block-heading dtg-title\">Our certificates<\/h2>\n\n\n\n<p class=\"dtg-sub\">ISO 9001:2015<\/p>\n<\/div>\n\n<div data-wp-interactive=\"core\/file\" class=\"wp-block-file\"><object data-wp-bind--hidden=\"!state.hasPdfPreview\" hidden class=\"wp-block-file__embed\" data=\"https:\/\/dtgrinder.com\/wp-content\/uploads\/2024\/02\/DT_Grinder-MIR-Tanusitvany-2023-hun.pdf\" type=\"application\/pdf\" style=\"width:100%;height:600px\" aria-label=\"Embed of DT_Grinder-MIR-Tan\u00fas\u00edtv\u00e1ny-2023-hun.\"><\/object><a id=\"wp-block-file--media-c43fdf95-841c-41c2-8399-e5a98f35c512\" href=\"https:\/\/dtgrinder.com\/wp-content\/uploads\/2024\/02\/DT_Grinder-MIR-Tanusitvany-2023-hun.pdf\">DT_Grinder-MIR-Tan\u00fas\u00edtv\u00e1ny-2023-hun<\/a><\/div>\n","protected":false},"excerpt":{"rendered":"<p>You can view our ISO 9001:2015 certificate below. Our certificates ISO 9001:2015<\/p>\n","protected":false},"author":101,"featured_media":0,"parent":0,"menu_order":0,"comment_status":"closed","ping_status":"closed","template":"","meta":{"footnotes":""},"class_list":["post-36119","page","type-page","status-publish","hentry"],"_links":{"self":[{"href":"https:\/\/dtgrinder.com\/en\/wp-json\/wp\/v2\/pages\/36119","targetHints":{"allow":["GET"]}}],"collection":[{"href":"https:\/\/dtgrinder.com\/en\/wp-json\/wp\/v2\/pages"}],"about":[{"href":"https:\/\/dtgrinder.com\/en\/wp-json\/wp\/v2\/types\/page"}],"author":[{"embeddable":true,"href":"https:\/\/dtgrinder.com\/en\/wp-json\/wp\/v2\/users\/101"}],"replies":[{"embeddable":true,"href":"https:\/\/dtgrinder.com\/en\/wp-json\/wp\/v2\/comments?post=36119"}],"version-history":[{"count":0,"href":"https:\/\/dtgrinder.com\/en\/wp-json\/wp\/v2\/pages\/36119\/revisions"}],"wp:attachment":[{"href":"https:\/\/dtgrinder.com\/en\/wp-json\/wp\/v2\/media?parent=36119"}],"curies":[{"name":"wp","href":"https:\/\/api.w.org\/{rel}","templated":true}]}}