{"id":44093,"date":"2026-04-27T15:16:19","date_gmt":"2026-04-27T13:16:19","guid":{"rendered":"https:\/\/dtgrinder.com\/?post_type=product&#038;p=44093"},"modified":"2026-04-27T15:16:20","modified_gmt":"2026-04-27T13:16:20","slug":"sia-2946jj-p60-30x1000-mm-schleifband-masolat","status":"publish","type":"product","link":"https:\/\/dtgrinder.com\/de\/termek\/sia-2946jj-p60-30x1000-mm-schleifband-masolat\/","title":{"rendered":"SIA 2946JJ P240 100&#215;915 [mm] Schleifband"},"content":{"rendered":"<h2>SIA 2946JJ P240 100&#215;915 [mm] Schleifband<\/h2>\n<p><strong>Art der Linse: <\/strong>Aluminiumoxid (Korund)<br \/>\n<strong>Tr\u00e4germaterial: <\/strong>JJ flexible Leinwand<br \/>\n<strong>Material der Bindung: <\/strong>Harz<br \/>\n<strong>Erm\u00fcdung der Augen: <\/strong>elektrostatisch geschlossen<br \/>\n<strong>Spezielle Oberfl\u00e4che: <\/strong>K\u00fchlendes Additiv<br \/>\n<strong>Empfohlene Technik: <\/strong>Bandschleifer<br \/>\n<strong>Geeignet f\u00fcr: <\/strong>legierten und unlegierten Stahl, Nichteisenmetalle, Entgraten<\/p>\n<p>Allgemeine Produktion:<br \/>\n&#8211; Ausgezeichnete Anpassungsf\u00e4higkeit an Konturen, Kurven und Profile<br \/>\n&#8211; Ausgezeichnete Oberfl\u00e4chenqualit\u00e4t<br \/>\n&#8211; Vielseitige Anwendung<\/p>\n<p>Anwendungen:<br \/>\n&#8211; Entfernen von Verf\u00e4rbungen<br \/>\n&#8211; Oberfl\u00e4chenvorbereitung<br \/>\n&#8211; Planieren<br \/>\n&#8211; Gl\u00e4tten von Oberfl\u00e4chenfehlern<br \/>\n&#8211; Strukturieren und Endschleifen von Oberfl\u00e4chen Training<\/p>\n<p>Siehe auch<strong> <a href=\"https:\/\/dtgrinder.com\/de\/bandschleifmaschinen\/\">unsere Bandschleifer<\/a><\/strong> !<\/p>\n<p>Folgen Sie uns <a href=\"https:\/\/www.facebook.com\/dtgrinder\/\" target=\"_blank\" rel=\"noopener\"><strong>Facebook<\/strong><\/a>-und <a href=\"https:\/\/www.instagram.com\/dt_grinder\" target=\"_blank\" rel=\"noopener\"><strong>Instagram<\/strong><\/a>-auf Instagram!<\/p>\n","protected":false},"excerpt":{"rendered":"<p>Das SIA 2946JJ P240 100&#215;915 [mm] Schleifband hat eine flexible Leinwandunterlage f\u00fcr die einfache Bearbeitung von Werkst\u00fcckb\u00f6gen. DT Grinder Bandschleifmaschinen und Sch\u00e4rfger\u00e4te.<\/p>\n","protected":false},"featured_media":18612,"comment_status":"open","ping_status":"closed","template":"","meta":[],"product_brand":[1768],"product_cat":[627,649],"product_tag":[],"class_list":{"0":"post-44093","1":"product","2":"type-product","3":"status-publish","4":"has-post-thumbnail","6":"product_brand-sia-de","7":"product_cat-schleifbander","8":"product_cat-schleifbander-100x915-mm","9":"product_shipping_class-bander","11":"first","12":"instock","13":"taxable","14":"shipping-taxable","15":"purchasable","16":"product-type-simple"},"_links":{"self":[{"href":"https:\/\/dtgrinder.com\/de\/wp-json\/wp\/v2\/product\/44093","targetHints":{"allow":["GET"]}}],"collection":[{"href":"https:\/\/dtgrinder.com\/de\/wp-json\/wp\/v2\/product"}],"about":[{"href":"https:\/\/dtgrinder.com\/de\/wp-json\/wp\/v2\/types\/product"}],"replies":[{"embeddable":true,"href":"https:\/\/dtgrinder.com\/de\/wp-json\/wp\/v2\/comments?post=44093"}],"wp:featuredmedia":[{"embeddable":true,"href":"https:\/\/dtgrinder.com\/de\/wp-json\/wp\/v2\/media\/18612"}],"wp:attachment":[{"href":"https:\/\/dtgrinder.com\/de\/wp-json\/wp\/v2\/media?parent=44093"}],"wp:term":[{"taxonomy":"product_brand","embeddable":true,"href":"https:\/\/dtgrinder.com\/de\/wp-json\/wp\/v2\/product_brand?post=44093"},{"taxonomy":"product_cat","embeddable":true,"href":"https:\/\/dtgrinder.com\/de\/wp-json\/wp\/v2\/product_cat?post=44093"},{"taxonomy":"product_tag","embeddable":true,"href":"https:\/\/dtgrinder.com\/de\/wp-json\/wp\/v2\/product_tag?post=44093"}],"curies":[{"name":"wp","href":"https:\/\/api.w.org\/{rel}","templated":true}]}}