{"id":43406,"date":"2026-04-08T12:49:20","date_gmt":"2026-04-08T10:49:20","guid":{"rendered":"https:\/\/dtgrinder.com\/?post_type=product&#038;p=43406"},"modified":"2026-04-08T12:49:20","modified_gmt":"2026-04-08T10:49:20","slug":"fatcarbon-messergriff-material-twill-weave-12k-150x150x5-mm-masolat","status":"publish","type":"product","link":"https:\/\/dtgrinder.com\/de\/termek\/fatcarbon-messergriff-material-twill-weave-12k-150x150x5-mm-masolat\/","title":{"rendered":"fatcarbon\u00ae K\u00f6perblock Messergriff Material 150x50x50 [mm]"},"content":{"rendered":"<h2>fatcarbon\u00ae twill block messergriff material 150x50x50 [mm]<\/h2>\n<p data-start=\"176\" data-end=\"496\">fatCarbon\u00ae Twill-Bl\u00f6cke sind hochwertige Kohlefaserverbundwerkstoffe, die speziell f\u00fcr die CNC-Bearbeitung entwickelt wurden.<\/p>\n<p data-start=\"498\" data-end=\"797\">Die Bl\u00f6cke sind ideal zum Fr\u00e4sen, Bohren und Schleifen, sowohl auf manuellen als auch auf CNC-Maschinen. Die homogene Struktur sorgt f\u00fcr eine gleichm\u00e4\u00dfige Bearbeitbarkeit und eine saubere Oberfl\u00e4chenqualit\u00e4t, was sie zu einer idealen Wahl f\u00fcr Pr\u00e4zisionsteile und Designelemente macht. <\/p>\n<p data-start=\"799\" data-end=\"1056\">Kohlefaserverbundwerkstoffe haben ein hervorragendes Verh\u00e4ltnis von Festigkeit zu Gewicht und sind gleichzeitig leicht und langlebig. Es ist hitzebest\u00e4ndig und widerstandsf\u00e4hig gegen mechanische Beanspruchung, was es langfristig zu einem zuverl\u00e4ssigen Material f\u00fcr eine breite Palette von Anwendungen macht. <\/p>\n<h3 data-section-id=\"btgkm5\" data-start=\"1058\" data-end=\"1089\"><span role=\"text\"><strong data-start=\"1062\" data-end=\"1089\">Bereiche der Nutzung<\/strong><\/span><\/h3>\n<ul>\n<li>Messergriffe und Liner-Elemente<\/li>\n<li>Schmuck und Designprodukte<\/li>\n<li>Uhren und hochwertige Accessoires<\/li>\n<li>Dekorative und innenarchitektonische Elemente<\/li>\n<\/ul>\n<p>Sehen Sie sich mehr <a href=\"\/?product_cat=kes_alapanyagok&#038;srsltid=AfmBOoojPaNoiUL__a0SdbPNv3j5duERsk9zXDJu-55oHU2KgMSfUbva&amp;v=18bd9197cb1d\">von unseren Messermaterialien an!<\/a><br \/>\nFolgen Sie uns <strong><a href=\"https:\/\/www.facebook.com\/dtgrinder\/\" target=\"_blank\" rel=\"noopener\">auf Facebook<\/a><\/strong> und <strong><a href=\"https:\/\/www.instagram.com\/dt_grinder\" target=\"_blank\" rel=\"noopener\">Instagram<\/a>!<\/strong><\/p>\n","protected":false},"excerpt":{"rendered":"<p>Fatcarbon\u00ae K\u00f6perblock Messergriffmaterial 150x50x50 [mm]. Hochwertiges Kohlefaser-Verbundmaterial f\u00fcr Messergriffe. <\/p>\n","protected":false},"featured_media":43415,"comment_status":"open","ping_status":"closed","template":"","meta":[],"product_brand":[1649],"product_cat":[1060],"product_tag":[1207,1077,1078,1209,1208],"class_list":{"0":"post-43406","1":"product","2":"type-product","3":"status-publish","4":"has-post-thumbnail","6":"product_brand-fettkohle","7":"product_cat-fatcarbon_griffmaterialien","8":"product_tag-fettkohle","9":"product_tag-griffmaterial","10":"product_tag-material-des-messergriffs","11":"product_tag-material-des-messergriffs-de-2","12":"product_tag-verbundwerkstoff","14":"first","15":"instock","16":"taxable","17":"shipping-taxable","18":"purchasable","19":"product-type-simple"},"_links":{"self":[{"href":"https:\/\/dtgrinder.com\/de\/wp-json\/wp\/v2\/product\/43406","targetHints":{"allow":["GET"]}}],"collection":[{"href":"https:\/\/dtgrinder.com\/de\/wp-json\/wp\/v2\/product"}],"about":[{"href":"https:\/\/dtgrinder.com\/de\/wp-json\/wp\/v2\/types\/product"}],"replies":[{"embeddable":true,"href":"https:\/\/dtgrinder.com\/de\/wp-json\/wp\/v2\/comments?post=43406"}],"wp:featuredmedia":[{"embeddable":true,"href":"https:\/\/dtgrinder.com\/de\/wp-json\/wp\/v2\/media\/43415"}],"wp:attachment":[{"href":"https:\/\/dtgrinder.com\/de\/wp-json\/wp\/v2\/media?parent=43406"}],"wp:term":[{"taxonomy":"product_brand","embeddable":true,"href":"https:\/\/dtgrinder.com\/de\/wp-json\/wp\/v2\/product_brand?post=43406"},{"taxonomy":"product_cat","embeddable":true,"href":"https:\/\/dtgrinder.com\/de\/wp-json\/wp\/v2\/product_cat?post=43406"},{"taxonomy":"product_tag","embeddable":true,"href":"https:\/\/dtgrinder.com\/de\/wp-json\/wp\/v2\/product_tag?post=43406"}],"curies":[{"name":"wp","href":"https:\/\/api.w.org\/{rel}","templated":true}]}}