{"id":43318,"date":"2026-04-08T12:49:20","date_gmt":"2026-04-08T10:49:20","guid":{"rendered":"https:\/\/dtgrinder.com\/?post_type=product&#038;p=43318"},"modified":"2026-04-08T12:49:20","modified_gmt":"2026-04-08T10:49:20","slug":"naturliches-bocote-griffmaterial-block-2-130x45x30-%c2%b1-2-mm-masolat-2","status":"publish","type":"product","link":"https:\/\/dtgrinder.com\/de\/termek\/naturliches-bocote-griffmaterial-block-2-130x45x30-%c2%b1-2-mm-masolat-2\/","title":{"rendered":"Nat\u00fcrliches Mesquite-Griffmaterial Block- 128x38x28 \u00b1 2 [mm]"},"content":{"rendered":"<h2>Nat\u00fcrliches Mesquite-Griffmaterial Block- 128x38x28 \u00b1 2 [mm]<\/h2>\n<p>Dieser besonders hochwertige Mesquite-Griffmaterialblock ist ein ausgezeichnetes Rohmaterial f\u00fcr Messer und Messergriffe. Mesquite ist ein in Nord- und Mittelamerika heimisches Hartholz, das f\u00fcr seine stabile Struktur und seine warmen, nat\u00fcrlichen Braunt\u00f6ne bekannt ist. <\/p>\n<p>Hochwertiges Material f\u00fcr Messergriffe, Schreibger\u00e4te und kleine gedrehte Objekte.<\/p>\n<p data-start=\"938\" data-end=\"1103\">Sehen Sie sich mehr <a href=\"\/?product_cat=kes_alapanyagok&#038;srsltid=AfmBOoojPaNoiUL__a0SdbPNv3j5duERsk9zXDJu-55oHU2KgMSfUbva&amp;v=18bd9197cb1d\">von unseren Messermaterialien an!<\/a><br \/>\nFolgen Sie uns <strong><a href=\"https:\/\/www.facebook.com\/dtgrinder\/\" target=\"_blank\" rel=\"noopener\">auf Facebook<\/a><\/strong> und <strong><a href=\"https:\/\/www.instagram.com\/dt_grinder\" target=\"_blank\" rel=\"noopener\">Instagram<\/a>!<\/strong><\/p>\n","protected":false},"excerpt":{"rendered":"<p data-start=\"299\" data-end=\"502\">Hochwertiger Block aus Mesquite-Griffmaterial. Ideal f\u00fcr Messer und Messergriffe, die Herstellung von Stiften und andere Bastelprojekte. <\/p>\n<p data-start=\"317\" data-end=\"649\">\n","protected":false},"featured_media":43393,"comment_status":"open","ping_status":"closed","template":"","meta":[],"product_brand":[1621],"product_cat":[1063,882,926],"product_tag":[],"class_list":{"0":"post-43318","1":"product","2":"type-product","3":"status-publish","4":"has-post-thumbnail","6":"product_brand-dt-grinder-de","7":"product_cat-griffmaterialien_aus_holz_und_naturmaterialien","8":"product_cat-materialien-fuer-messergriffe","9":"product_cat-messermaterialien","11":"first","12":"instock","13":"taxable","14":"shipping-taxable","15":"purchasable","16":"product-type-variable"},"_links":{"self":[{"href":"https:\/\/dtgrinder.com\/de\/wp-json\/wp\/v2\/product\/43318","targetHints":{"allow":["GET"]}}],"collection":[{"href":"https:\/\/dtgrinder.com\/de\/wp-json\/wp\/v2\/product"}],"about":[{"href":"https:\/\/dtgrinder.com\/de\/wp-json\/wp\/v2\/types\/product"}],"replies":[{"embeddable":true,"href":"https:\/\/dtgrinder.com\/de\/wp-json\/wp\/v2\/comments?post=43318"}],"wp:featuredmedia":[{"embeddable":true,"href":"https:\/\/dtgrinder.com\/de\/wp-json\/wp\/v2\/media\/43393"}],"wp:attachment":[{"href":"https:\/\/dtgrinder.com\/de\/wp-json\/wp\/v2\/media?parent=43318"}],"wp:term":[{"taxonomy":"product_brand","embeddable":true,"href":"https:\/\/dtgrinder.com\/de\/wp-json\/wp\/v2\/product_brand?post=43318"},{"taxonomy":"product_cat","embeddable":true,"href":"https:\/\/dtgrinder.com\/de\/wp-json\/wp\/v2\/product_cat?post=43318"},{"taxonomy":"product_tag","embeddable":true,"href":"https:\/\/dtgrinder.com\/de\/wp-json\/wp\/v2\/product_tag?post=43318"}],"curies":[{"name":"wp","href":"https:\/\/api.w.org\/{rel}","templated":true}]}}