{"id":42858,"date":"2026-04-08T12:49:21","date_gmt":"2026-04-08T10:49:21","guid":{"rendered":"https:\/\/dtgrinder.com\/?post_type=product&#038;p=42858"},"modified":"2026-04-08T12:49:21","modified_gmt":"2026-04-08T10:49:21","slug":"griffmaterial-amboyna-natur-150x50x30-%c2%b1-2-mm-masolat","status":"publish","type":"product","link":"https:\/\/dtgrinder.com\/de\/termek\/griffmaterial-amboyna-natur-150x50x30-%c2%b1-2-mm-masolat\/","title":{"rendered":"Nat\u00fcrliches Bocote-Griffmaterial Block #1 &#8211; 130x45x30 \u00b1 2 [mm]"},"content":{"rendered":"<h2>Block aus nat\u00fcrlichem Bocote-Griffmaterial &#8211; 130x45x30 \u00b1 2 [mm]<\/h2>\n<p data-start=\"1579\" data-end=\"1839\">Bocote ist ein dekorativ aussehendes exotisches Hartholz, das f\u00fcr seine ausgepr\u00e4gte kontrastreiche Maserung bekannt ist. Die goldbraune Grundfarbe wird oft von einem dunklen, wellenf\u00f6rmigen Muster begleitet, das den daraus gefertigten Griffen ein sehr markantes Aussehen verleiht. <\/p>\n<p data-start=\"1841\" data-end=\"2103\">Dieser besonders hochwertige Bocote-Holzblock ist ein sorgf\u00e4ltig ausgew\u00e4hlter Rohstoff, der sich hervorragend f\u00fcr die Herstellung hochwertiger Messer und Messergriffe eignet. Die dichte Textur und die nat\u00fcrliche \u00d6ligkeit des Holzes erleichtern die Bearbeitung und nach dem Schleifen ergibt sich ein besonders sch\u00f6nes Finish. <\/p>\n<p data-start=\"938\" data-end=\"1103\">Sehen Sie sich mehr <a href=\"\/?product_cat=kes_alapanyagok&#038;srsltid=AfmBOoojPaNoiUL__a0SdbPNv3j5duERsk9zXDJu-55oHU2KgMSfUbva&amp;v=18bd9197cb1d\">von unseren Messermaterialien an!<\/a><br \/>\nFolgen Sie uns <strong><a href=\"https:\/\/www.facebook.com\/dtgrinder\/\" target=\"_blank\" rel=\"noopener\">auf Facebook<\/a><\/strong> und <strong><a href=\"https:\/\/www.instagram.com\/dt_grinder\" target=\"_blank\" rel=\"noopener\">Instagram<\/a>!<\/strong><\/p>\n","protected":false},"excerpt":{"rendered":"<p>Hochwertiger Block aus Bocote-Griffmaterial mit spektakul\u00e4rer goldbrauner Farbe und starker dunkler Maserung. Besonders beliebt f\u00fcr die Herstellung hochwertiger Messer und Messergriffe. <\/p>\n<p data-start=\"1579\" data-end=\"1839\">\n<p data-start=\"317\" data-end=\"649\">\n","protected":false},"featured_media":42875,"comment_status":"open","ping_status":"closed","template":"","meta":[],"product_brand":[1621],"product_cat":[1063,882,926],"product_tag":[],"class_list":{"0":"post-42858","1":"product","2":"type-product","3":"status-publish","4":"has-post-thumbnail","6":"product_brand-dt-grinder-de","7":"product_cat-griffmaterialien_aus_holz_und_naturmaterialien","8":"product_cat-materialien-fuer-messergriffe","9":"product_cat-messermaterialien","11":"first","12":"instock","13":"taxable","14":"shipping-taxable","15":"purchasable","16":"product-type-variable"},"_links":{"self":[{"href":"https:\/\/dtgrinder.com\/de\/wp-json\/wp\/v2\/product\/42858","targetHints":{"allow":["GET"]}}],"collection":[{"href":"https:\/\/dtgrinder.com\/de\/wp-json\/wp\/v2\/product"}],"about":[{"href":"https:\/\/dtgrinder.com\/de\/wp-json\/wp\/v2\/types\/product"}],"replies":[{"embeddable":true,"href":"https:\/\/dtgrinder.com\/de\/wp-json\/wp\/v2\/comments?post=42858"}],"wp:featuredmedia":[{"embeddable":true,"href":"https:\/\/dtgrinder.com\/de\/wp-json\/wp\/v2\/media\/42875"}],"wp:attachment":[{"href":"https:\/\/dtgrinder.com\/de\/wp-json\/wp\/v2\/media?parent=42858"}],"wp:term":[{"taxonomy":"product_brand","embeddable":true,"href":"https:\/\/dtgrinder.com\/de\/wp-json\/wp\/v2\/product_brand?post=42858"},{"taxonomy":"product_cat","embeddable":true,"href":"https:\/\/dtgrinder.com\/de\/wp-json\/wp\/v2\/product_cat?post=42858"},{"taxonomy":"product_tag","embeddable":true,"href":"https:\/\/dtgrinder.com\/de\/wp-json\/wp\/v2\/product_tag?post=42858"}],"curies":[{"name":"wp","href":"https:\/\/api.w.org\/{rel}","templated":true}]}}