{"id":41681,"date":"2026-02-12T15:01:33","date_gmt":"2026-02-12T14:01:33","guid":{"rendered":"https:\/\/dtgrinder.com\/?post_type=product&#038;p=41681"},"modified":"2026-02-12T15:01:33","modified_gmt":"2026-02-12T14:01:33","slug":"sia-2820-siamet-x-p80-9x533-mm-schleifband-masolat","status":"publish","type":"product","link":"https:\/\/dtgrinder.com\/de\/termek\/sia-2820-siamet-x-p80-9x533-mm-schleifband-masolat\/","title":{"rendered":"SIA 2820 Siamet X P100 9&#215;533 [mm] Schleifband"},"content":{"rendered":"<h2>SIA 2820 Siamet X P100 9&#215;533 [mm] Schleifband<\/h2>\n<p>Art der Linse: Zirkon-Korund<br \/>\n<strong>Tr\u00e4germaterial: <\/strong>X hartes Segeltuch<br \/>\n<strong>Material der Bindung: <\/strong>Harz<br \/>\n<strong>Erm\u00fcdung der Augen: <\/strong>elektrostatisch geschlossen<br \/>\n<strong>Spezielle Oberfl\u00e4che: <\/strong>K\u00fchlendes Additiv<br \/>\n<strong>Geeignet f\u00fcr: <\/strong>legierten und unlegierten Stahl, Nichteisenmetalle, Entgraten, Holzbearbeitung<\/p>\n<p>Vorteile:<\/p>\n<p>&#8211; Hohe Kantenstabilit\u00e4t, hohe Anfangszugfestigkeit<br \/>\n&#8211; Hohe Leistung f\u00fcr alle Metalle<br \/>\n&#8211; Aggressives Schneiden<br \/>\n&#8211; Trockenschleifen<\/p>\n<p>Siehe auch<strong> <a href=\"https:\/\/dtgrinder.com\/de\/bandschleifmaschinen\/\">unsere Bandschleifer<\/a><\/strong> !<\/p>\n<p>Folgen Sie uns <a href=\"https:\/\/www.facebook.com\/dtgrinder\/\" target=\"_blank\" rel=\"noopener\"><strong>Facebook<\/strong><\/a>-und <a href=\"https:\/\/www.instagram.com\/dt_grinder\" target=\"_blank\" rel=\"noopener\"><strong>Instagram<\/strong><\/a>-auf Instagram!<\/p>\n","protected":false},"excerpt":{"rendered":"<p>SIA 2820 Siamet X P100 9&#215;533 [mm] Schleifb\u00e4nder f\u00fcr die Bearbeitung von legierten und unlegierten St\u00e4hlen, Nichteisenmetallen und Holz.<\/p>\n","protected":false},"featured_media":17393,"comment_status":"open","ping_status":"closed","template":"","meta":[],"product_brand":[1768],"product_cat":[627,774],"product_tag":[631,630,632,634,633],"class_list":{"0":"post-41681","1":"product","2":"type-product","3":"status-publish","4":"has-post-thumbnail","6":"product_brand-sia-de","7":"product_cat-schleifbander","8":"product_cat-schleifbaender-9x533-mm","9":"product_tag-abrasive-belts-de","10":"product_tag-sandig-belts-de","11":"product_tag-schleifband-fur-messerherstellung","12":"product_tag-sia-2820-schleifband","13":"product_tag-sia-abrasives-de","14":"product_shipping_class-bander","16":"first","17":"instock","18":"taxable","19":"shipping-taxable","20":"purchasable","21":"product-type-simple"},"_links":{"self":[{"href":"https:\/\/dtgrinder.com\/de\/wp-json\/wp\/v2\/product\/41681","targetHints":{"allow":["GET"]}}],"collection":[{"href":"https:\/\/dtgrinder.com\/de\/wp-json\/wp\/v2\/product"}],"about":[{"href":"https:\/\/dtgrinder.com\/de\/wp-json\/wp\/v2\/types\/product"}],"replies":[{"embeddable":true,"href":"https:\/\/dtgrinder.com\/de\/wp-json\/wp\/v2\/comments?post=41681"}],"wp:featuredmedia":[{"embeddable":true,"href":"https:\/\/dtgrinder.com\/de\/wp-json\/wp\/v2\/media\/17393"}],"wp:attachment":[{"href":"https:\/\/dtgrinder.com\/de\/wp-json\/wp\/v2\/media?parent=41681"}],"wp:term":[{"taxonomy":"product_brand","embeddable":true,"href":"https:\/\/dtgrinder.com\/de\/wp-json\/wp\/v2\/product_brand?post=41681"},{"taxonomy":"product_cat","embeddable":true,"href":"https:\/\/dtgrinder.com\/de\/wp-json\/wp\/v2\/product_cat?post=41681"},{"taxonomy":"product_tag","embeddable":true,"href":"https:\/\/dtgrinder.com\/de\/wp-json\/wp\/v2\/product_tag?post=41681"}],"curies":[{"name":"wp","href":"https:\/\/api.w.org\/{rel}","templated":true}]}}