{"id":41427,"date":"2026-02-03T10:31:38","date_gmt":"2026-02-03T09:31:38","guid":{"rendered":"https:\/\/dtgrinder.com\/?post_type=product&#038;p=41427"},"modified":"2026-02-03T10:31:39","modified_gmt":"2026-02-03T09:31:39","slug":"alumilite-farbstoffe-zur-stabilisierung-von-harz-30-ml-masolat","status":"publish","type":"product","link":"https:\/\/dtgrinder.com\/de\/termek\/alumilite-farbstoffe-zur-stabilisierung-von-harz-30-ml-masolat\/","title":{"rendered":"Alumilite-Farbstoffe zur Stabilisierung von Harz 177 ml"},"content":{"rendered":"<h2 data-start=\"57\" data-end=\"82\">Alumilite-Farbstoffe zur Stabilisierung von Harz 177 ml<\/h2>\n<p data-start=\"84\" data-end=\"310\"><strong data-start=\"87\" data-end=\"111\">Alumilite-Farbstoffe<\/strong> eignen sich ideal zum Einf\u00e4rben von Gie\u00dfharzen oder dem <strong data-start=\"141\" data-end=\"171\"><a href=\"https:\/\/dtgrinder.com\/de\/termek\/resin90-stabilisierendes-harz-1-kg\/?v=18bd9197cb1d\">Stabilisierungsharz Resin90<\/a><\/strong>. Sie k\u00f6nnen sowohl f\u00fcr wasserreine Harze als auch f\u00fcr stabilisierende Harze verwendet werden, sodass transparente, gef\u00e4rbte Gussteile oder Holzwerkstoffe hergestellt werden k\u00f6nnen.<\/p>\n<p data-start=\"312\" data-end=\"526\">Der Komponente A werden Farbstoffe bis zu einer H\u00f6chstmenge von 5 Gew.-% zugesetzt.<\/p>\n<hr data-start=\"528\" data-end=\"531\">\n<h3 data-start=\"533\" data-end=\"552\">Auswahl der Farben<\/h3>\n<p data-start=\"554\" data-end=\"576\"><strong data-start=\"554\" data-end=\"574\">Transluzente Farben:<\/strong><\/p>\n<p data-start=\"579\" data-end=\"585\">Gr\u00fcn<\/p>\n<p data-start=\"588\" data-end=\"595\">gelb<\/p>\n<p data-start=\"598\" data-end=\"605\">rot<\/p>\n<p data-start=\"608\" data-end=\"613\">Blau<\/p>\n<p data-start=\"638\" data-end=\"651\">violett\/violett<\/p>\n<p data-start=\"654\" data-end=\"664\">Ozeanblau<\/p>\n<p data-start=\"654\" data-end=\"664\">braun<\/p>\n<p data-start=\"890\" data-end=\"1008\">Bei Verwendung mit Resin90 Harz<strong> f\u00e4rbt es das Material \u00fcber den gesamten Querschnitt des Holzes.<\/strong><\/p>\n<p>Video-Benutzerhandbuch:<\/p>\n<p><iframe title=\"YouTube-Video-Player\" src=\"https:\/\/www.youtube.com\/embed\/nngCva9nQuM?si=Kj0SuGCEI6RKB8OY\" width=\"560\" height=\"315\" frameborder=\"0\" allowfullscreen=\"allowfullscreen\"><\/iframe><\/p>\n<p>Der Farbstoff ist in verschiedenen Gr\u00f6\u00dfen erh\u00e4ltlich: 30 ml, 177 ml, 237 ml, 473 ml.<\/p>\n<p data-start=\"890\" data-end=\"1008\">Sehen Sie mehr <strong><a href=\"https:\/\/dtgrinder.com\/de\/produkt-kategorie\/stabilisieren\/?v=18bd9197cb1d\">unsere anderen Stabilisierungsprodukte hier.<\/a><br \/>\n<\/strong>Folgen Sie uns <strong><a href=\"https:\/\/www.facebook.com\/dtgrinder\/\" target=\"_blank\" rel=\"noopener\">auf Facebook<\/a><\/strong>und <strong><a href=\"https:\/\/www.instagram.com\/dt_grinder\" target=\"_blank\" rel=\"noopener\">Instagram<\/a><\/strong>!<\/p>\n","protected":false},"excerpt":{"rendered":"<p><strong data-start=\"87\" data-end=\"111\">Alumilite-Farbstoffe<\/strong> eignen sich ideal zum Einf\u00e4rben von Gie\u00dfharzen oder dem <strong data-start=\"141\" data-end=\"171\"><a href=\"https:\/\/dtgrinder.com\/de\/termek\/resin90-stabilisierendes-harz-1-kg\/?v=18bd9197cb1d\">Stabilisierungsharz Resin90<\/a><\/strong>. Sie k\u00f6nnen sowohl f\u00fcr wasserreine Harze als auch f\u00fcr stabilisierende Harze verwendet werden, sodass transparente, gef\u00e4rbte Gussteile oder Holzwerkstoffe hergestellt werden k\u00f6nnen.<\/p>\n","protected":false},"featured_media":41442,"comment_status":"open","ping_status":"closed","template":"","meta":[],"product_brand":[1736],"product_cat":[1686],"product_tag":[],"class_list":{"0":"post-41427","1":"product","2":"type-product","3":"status-publish","4":"has-post-thumbnail","6":"product_brand-alumilite-de","7":"product_cat-stabilisieren","9":"first","10":"instock","11":"taxable","12":"shipping-taxable","13":"purchasable","14":"product-type-variable"},"_links":{"self":[{"href":"https:\/\/dtgrinder.com\/de\/wp-json\/wp\/v2\/product\/41427","targetHints":{"allow":["GET"]}}],"collection":[{"href":"https:\/\/dtgrinder.com\/de\/wp-json\/wp\/v2\/product"}],"about":[{"href":"https:\/\/dtgrinder.com\/de\/wp-json\/wp\/v2\/types\/product"}],"replies":[{"embeddable":true,"href":"https:\/\/dtgrinder.com\/de\/wp-json\/wp\/v2\/comments?post=41427"}],"wp:featuredmedia":[{"embeddable":true,"href":"https:\/\/dtgrinder.com\/de\/wp-json\/wp\/v2\/media\/41442"}],"wp:attachment":[{"href":"https:\/\/dtgrinder.com\/de\/wp-json\/wp\/v2\/media?parent=41427"}],"wp:term":[{"taxonomy":"product_brand","embeddable":true,"href":"https:\/\/dtgrinder.com\/de\/wp-json\/wp\/v2\/product_brand?post=41427"},{"taxonomy":"product_cat","embeddable":true,"href":"https:\/\/dtgrinder.com\/de\/wp-json\/wp\/v2\/product_cat?post=41427"},{"taxonomy":"product_tag","embeddable":true,"href":"https:\/\/dtgrinder.com\/de\/wp-json\/wp\/v2\/product_tag?post=41427"}],"curies":[{"name":"wp","href":"https:\/\/api.w.org\/{rel}","templated":true}]}}