{"id":41378,"date":"2026-01-30T15:23:17","date_gmt":"2026-01-30T14:23:17","guid":{"rendered":"https:\/\/dtgrinder.com\/?post_type=product&#038;p=41378"},"modified":"2026-01-30T15:23:18","modified_gmt":"2026-01-30T14:23:18","slug":"sia-2946jj-p120-50x2000-mm-schleifband-masolat-masolat-masolat","status":"publish","type":"product","link":"https:\/\/dtgrinder.com\/de\/termek\/sia-2946jj-p120-50x2000-mm-schleifband-masolat-masolat-masolat\/","title":{"rendered":"SIA 2946JJ P240 50&#215;2000 [mm] gewelltes Kantenschleifband"},"content":{"rendered":"<h2>SIA 2946JJ P240 50&#215;2000 [mm] gewelltes Schleifband<\/h2>\n<p><strong>Art der Linse: <\/strong>Aluminiumoxid (Korund)<br \/>\n<strong>Tr\u00e4germaterial: <\/strong>JJ flexible Leinwand<br \/>\n<strong>Material der Bindung: <\/strong>Harz<br \/>\n<strong>Erm\u00fcdung der Augen: <\/strong>elektrostatisch geschlossen<br \/>\n<strong>Spezielle Oberfl\u00e4che: <\/strong>K\u00fchlendes Additiv<br \/>\n<strong>Empfohlene Technik: <\/strong>Bandschleifer<br \/>\n<strong>Geeignet f\u00fcr: <\/strong>legierten und unlegierten Stahl, Nichteisenmetalle, Entgraten<\/p>\n<p>Allgemeine Produktion:<br \/>\n&#8211; Ausgezeichnete Anpassungsf\u00e4higkeit an Konturen, Kurven und Profile<br \/>\n&#8211; Ausgezeichnete Oberfl\u00e4chenqualit\u00e4t<br \/>\n&#8211; Vielseitige Anwendung<\/p>\n<p>Anwendungen:<br \/>\n&#8211; Entfernen von Verf\u00e4rbungen<br \/>\n&#8211; Oberfl\u00e4chenvorbereitung<br \/>\n&#8211; Planieren<br \/>\n&#8211; Gl\u00e4tten von Oberfl\u00e4chenfehlern<br \/>\n&#8211; Strukturieren und Endschleifen von Oberfl\u00e4chen Training<\/p>\n<p>Siehe auch<strong> <a href=\"https:\/\/dtgrinder.com\/de\/bandschleifmaschinen\/\">unsere Bandschleifer<\/a><\/strong> !<\/p>\n<p>Folgen Sie uns <a href=\"https:\/\/www.facebook.com\/dtgrinder\/\" target=\"_blank\" rel=\"noopener\"><strong>Facebook<\/strong><\/a>-und <a href=\"https:\/\/www.instagram.com\/dt_grinder\" target=\"_blank\" rel=\"noopener\"><strong>Instagram<\/strong><\/a>-auf Instagram!<\/p>\n","protected":false},"excerpt":{"rendered":"<p>Das SIA 2946JJ 50&#215;2000 [mm] Schleifband hat eine flexible Leinwandunterlage f\u00fcr die einfache Bearbeitung von Werkst\u00fcckb\u00f6gen. Das gewellte Schleifband bleibt nicht im Werkst\u00fcck h\u00e4ngen, da es keine scharfe, &#8222;bei\u00dfende&#8220; Kante hat. Das macht das Arbeiten in Kurven und Biegungen viel glatter und sicherer und hinterl\u00e4sst eine sch\u00f6nere Oberfl\u00e4che. <\/p>\n","protected":false},"featured_media":41371,"comment_status":"open","ping_status":"closed","template":"","meta":[],"product_brand":[1621],"product_cat":[627,771],"product_tag":[645,631,630,855,632,634,633],"class_list":{"0":"post-41378","1":"product","2":"type-product","3":"status-publish","4":"has-post-thumbnail","6":"product_brand-dt-grinder-de","7":"product_cat-schleifbander","8":"product_cat-schleifbaender-50x2000-mm","9":"product_tag-50x2000-schleifband","10":"product_tag-abrasive-belts-de","11":"product_tag-sandig-belts-de","12":"product_tag-sandig-belts-50x2000-de","13":"product_tag-schleifband-fur-messerherstellung","14":"product_tag-sia-2820-schleifband","15":"product_tag-sia-abrasives-de","16":"product_shipping_class-bander","18":"first","19":"instock","20":"taxable","21":"shipping-taxable","22":"purchasable","23":"product-type-simple"},"_links":{"self":[{"href":"https:\/\/dtgrinder.com\/de\/wp-json\/wp\/v2\/product\/41378","targetHints":{"allow":["GET"]}}],"collection":[{"href":"https:\/\/dtgrinder.com\/de\/wp-json\/wp\/v2\/product"}],"about":[{"href":"https:\/\/dtgrinder.com\/de\/wp-json\/wp\/v2\/types\/product"}],"replies":[{"embeddable":true,"href":"https:\/\/dtgrinder.com\/de\/wp-json\/wp\/v2\/comments?post=41378"}],"wp:featuredmedia":[{"embeddable":true,"href":"https:\/\/dtgrinder.com\/de\/wp-json\/wp\/v2\/media\/41371"}],"wp:attachment":[{"href":"https:\/\/dtgrinder.com\/de\/wp-json\/wp\/v2\/media?parent=41378"}],"wp:term":[{"taxonomy":"product_brand","embeddable":true,"href":"https:\/\/dtgrinder.com\/de\/wp-json\/wp\/v2\/product_brand?post=41378"},{"taxonomy":"product_cat","embeddable":true,"href":"https:\/\/dtgrinder.com\/de\/wp-json\/wp\/v2\/product_cat?post=41378"},{"taxonomy":"product_tag","embeddable":true,"href":"https:\/\/dtgrinder.com\/de\/wp-json\/wp\/v2\/product_tag?post=41378"}],"curies":[{"name":"wp","href":"https:\/\/api.w.org\/{rel}","templated":true}]}}