{"id":40640,"date":"2026-01-30T10:20:55","date_gmt":"2026-01-30T09:20:55","guid":{"rendered":"https:\/\/dtgrinder.com\/?post_type=product&#038;p=40640"},"modified":"2026-01-30T15:23:32","modified_gmt":"2026-01-30T14:23:32","slug":"wusteneisenholz-griffmaterial-block-130x45x30-%c2%b1-2-mm-masolat","status":"publish","type":"product","link":"https:\/\/dtgrinder.com\/de\/termek\/wusteneisenholz-griffmaterial-block-130x45x30-%c2%b1-2-mm-masolat\/","title":{"rendered":"W\u00fcsteneisenholz Griffblock #1 130x45x30 \u00b1 2 [mm]"},"content":{"rendered":"<h2>W\u00fcsteneisenholz Griffblock #1 130x45x30 \u00b1 2 [mm]<\/h2>\n<p>Hochwertiges, extrem dichtes und langlebiges Naturholz. Das sch\u00f6ne goldbraune und schwarz ge\u00e4derte Muster macht jedes St\u00fcck einzigartig. Von Natur aus \u00f6lbest\u00e4ndig, wasserfest und sehr gut zu polieren.  <\/p>\n<p data-start=\"170\" data-end=\"190\"><strong data-start=\"170\" data-end=\"188\">Merkmale:<\/strong><\/p>\n<p data-start=\"192\" data-end=\"251\">Material: W\u00fcsteneisenholz<em data-start=\"215\" data-end=\"248\">(Desert Ironwood- Olneya tesota<\/em>)<\/p>\n<p data-start=\"253\" data-end=\"291\">Packungsgr\u00f6\u00dfe: 1 St\u00fcck<\/p>\n<p data-start=\"293\" data-end=\"347\">Gr\u00f6\u00dfe: 130x45x30 \u00b1 2 [mm] mit Toleranz<\/p>\n<p data-start=\"349\" data-end=\"413\">Verwendung: f\u00fcr Messer und Messergriffe, dekorative Griffe<\/p>\n<p>Die Bilder zeigen genau das St\u00fcck, das Sie kaufen &#8211; jedes St\u00fcck ist ein Unikat und nur ein Exemplar ist erh\u00e4ltlich.<\/p>\n<p>Sehen Sie sich mehr <a href=\"\/?product_cat=kes_alapanyagok&#038;srsltid=AfmBOoojPaNoiUL__a0SdbPNv3j5duERsk9zXDJu-55oHU2KgMSfUbva&amp;v=18bd9197cb1d\">von unseren Messermaterialien an!<\/a><br \/>\nFolgen Sie uns <strong><a href=\"https:\/\/www.facebook.com\/dtgrinder\/\" target=\"_blank\" rel=\"noopener\">auf Facebook<\/a><\/strong> und <strong><a href=\"https:\/\/www.instagram.com\/dt_grinder\" target=\"_blank\" rel=\"noopener\">Instagram<\/a>!<\/strong><\/p>\n","protected":false},"excerpt":{"rendered":"<p>Griffmaterial aus W\u00fcsteneisenholz. Ideal f\u00fcr Messer und Messergriffe, dekorative Griffe, nat\u00fcrlich \u00f6lig, wasserbest\u00e4ndig und hervorragend polierbar. <\/p>\n","protected":false},"featured_media":40720,"comment_status":"open","ping_status":"closed","template":"","meta":[],"product_brand":[],"product_cat":[1063,882,926],"product_tag":[],"class_list":{"0":"post-40640","1":"product","2":"type-product","3":"status-publish","4":"has-post-thumbnail","6":"product_cat-griffmaterialien_aus_holz_und_naturmaterialien","7":"product_cat-materialien-fuer-messergriffe","8":"product_cat-messermaterialien","10":"first","11":"instock","12":"taxable","13":"shipping-taxable","14":"purchasable","15":"product-type-variable"},"_links":{"self":[{"href":"https:\/\/dtgrinder.com\/de\/wp-json\/wp\/v2\/product\/40640","targetHints":{"allow":["GET"]}}],"collection":[{"href":"https:\/\/dtgrinder.com\/de\/wp-json\/wp\/v2\/product"}],"about":[{"href":"https:\/\/dtgrinder.com\/de\/wp-json\/wp\/v2\/types\/product"}],"replies":[{"embeddable":true,"href":"https:\/\/dtgrinder.com\/de\/wp-json\/wp\/v2\/comments?post=40640"}],"wp:featuredmedia":[{"embeddable":true,"href":"https:\/\/dtgrinder.com\/de\/wp-json\/wp\/v2\/media\/40720"}],"wp:attachment":[{"href":"https:\/\/dtgrinder.com\/de\/wp-json\/wp\/v2\/media?parent=40640"}],"wp:term":[{"taxonomy":"product_brand","embeddable":true,"href":"https:\/\/dtgrinder.com\/de\/wp-json\/wp\/v2\/product_brand?post=40640"},{"taxonomy":"product_cat","embeddable":true,"href":"https:\/\/dtgrinder.com\/de\/wp-json\/wp\/v2\/product_cat?post=40640"},{"taxonomy":"product_tag","embeddable":true,"href":"https:\/\/dtgrinder.com\/de\/wp-json\/wp\/v2\/product_tag?post=40640"}],"curies":[{"name":"wp","href":"https:\/\/api.w.org\/{rel}","templated":true}]}}