{"id":40527,"date":"2026-01-22T10:27:00","date_gmt":"2026-01-22T09:27:00","guid":{"rendered":"https:\/\/dtgrinder.com\/?post_type=product&#038;p=40527"},"modified":"2026-01-22T11:10:03","modified_gmt":"2026-01-22T10:10:03","slug":"corby-schraube-messing-d6-4-mm-x-26-mm-1-paar-masolat","status":"publish","type":"product","link":"https:\/\/dtgrinder.com\/de\/termek\/corby-schraube-messing-d6-4-mm-x-26-mm-1-paar-masolat\/","title":{"rendered":"Corby-Schraube aus Edelstahl D6\/4 [mm] \u00d7 26 [mm], 1 Paar"},"content":{"rendered":"<h2>Corby-Schraube aus Edelstahl D6\/4 [mm] \u00d7 26 [mm], 1 Paar<\/h2>\n<p><strong data-start=\"273\" data-end=\"320\">Corby-Schraube aus rostfreiem Stahl<\/strong>, einteiliges Schrauben-Mutter-Paar zur Befestigung von Messern und Messergriffen. Rostfreier Stahl bietet eine hervorragende Korrosionsbest\u00e4ndigkeit und Haltbarkeit, was sie zu einer zuverl\u00e4ssigen Langzeitl\u00f6sung macht. Der <strong data-start=\"500\" data-end=\"535\">Au\u00dfendurchmesser von 6 mm, der Innendurchmesser von 4 mm<\/strong> und die <strong data-start=\"548\" data-end=\"563\">L\u00e4nge von 26 mm<\/strong> bieten einen stabilen und pr\u00e4zisen Sitz f\u00fcr Holz, Micarta und andere Griffmaterialien.  <\/p>\n<p>Folgen Sie uns <strong><a href=\"https:\/\/www.facebook.com\/dtgrinder\/\" target=\"_blank\" rel=\"noopener\">auf Facebook<\/a><\/strong> und <strong><a href=\"https:\/\/www.instagram.com\/dt_grinder\" target=\"_blank\" rel=\"noopener\">Instagram<\/a>!<\/strong><\/p>\n","protected":false},"excerpt":{"rendered":"<p>Corby Edelstahlschraube D6\/4 [mm] \u00d7 26 [mm], 1 Paar, f\u00fcr die stabile Befestigung von Messern und Messergriffen.<\/p>\n","protected":false},"featured_media":40531,"comment_status":"open","ping_status":"closed","template":"","meta":[],"product_brand":[],"product_cat":[1066,1974],"product_tag":[],"class_list":{"0":"post-40527","1":"product","2":"type-product","3":"status-publish","4":"has-post-thumbnail","6":"product_cat-buntmetalle_fur_den_messerbau","7":"product_cat-schrauben","9":"first","10":"instock","11":"taxable","12":"shipping-taxable","13":"purchasable","14":"product-type-simple"},"_links":{"self":[{"href":"https:\/\/dtgrinder.com\/de\/wp-json\/wp\/v2\/product\/40527","targetHints":{"allow":["GET"]}}],"collection":[{"href":"https:\/\/dtgrinder.com\/de\/wp-json\/wp\/v2\/product"}],"about":[{"href":"https:\/\/dtgrinder.com\/de\/wp-json\/wp\/v2\/types\/product"}],"replies":[{"embeddable":true,"href":"https:\/\/dtgrinder.com\/de\/wp-json\/wp\/v2\/comments?post=40527"}],"wp:featuredmedia":[{"embeddable":true,"href":"https:\/\/dtgrinder.com\/de\/wp-json\/wp\/v2\/media\/40531"}],"wp:attachment":[{"href":"https:\/\/dtgrinder.com\/de\/wp-json\/wp\/v2\/media?parent=40527"}],"wp:term":[{"taxonomy":"product_brand","embeddable":true,"href":"https:\/\/dtgrinder.com\/de\/wp-json\/wp\/v2\/product_brand?post=40527"},{"taxonomy":"product_cat","embeddable":true,"href":"https:\/\/dtgrinder.com\/de\/wp-json\/wp\/v2\/product_cat?post=40527"},{"taxonomy":"product_tag","embeddable":true,"href":"https:\/\/dtgrinder.com\/de\/wp-json\/wp\/v2\/product_tag?post=40527"}],"curies":[{"name":"wp","href":"https:\/\/api.w.org\/{rel}","templated":true}]}}