{"id":40499,"date":"2026-01-22T09:35:11","date_gmt":"2026-01-22T08:35:11","guid":{"rendered":"https:\/\/dtgrinder.com\/?post_type=product&#038;p=40499"},"modified":"2026-01-22T11:10:07","modified_gmt":"2026-01-22T10:10:07","slug":"nietmaterial-messing-d25-mmx300-mm-masolat","status":"publish","type":"product","link":"https:\/\/dtgrinder.com\/de\/termek\/nietmaterial-messing-d25-mmx300-mm-masolat\/","title":{"rendered":"Nietmaterial aus Edelstahl 300 [mm] &#8211; optionaler Durchmesser"},"content":{"rendered":"<h2>Nietmaterial aus Edelstahl 300 [mm] &#8211; optionaler Durchmesser<\/h2>\n<p data-start=\"759\" data-end=\"969\">Eine <strong data-start=\"297\" data-end=\"342\">Nietstange aus rostfreiem Stahl<\/strong>, ideal zum Vernieten von Messerhaken, Stiften und anderen Befestigungselementen. Edelstahl bietet eine hohe Festigkeit und ausgezeichnete Korrosionsbest\u00e4ndigkeit, was ihn zu einer zuverl\u00e4ssigen Langzeitl\u00f6sung macht. Das Material ist sehr gut bearbeitbar, erm\u00f6glicht pr\u00e4zise Passungen und ist <strong data-start=\"643\" data-end=\"676\">in verschiedenen Durchmessern erh\u00e4ltlich<\/strong>, so dass es sich leicht an das von Ihnen gew\u00fcnschte Griffdesign anpassen l\u00e4sst.  <\/p>\n<p>Verf\u00fcgbare Durchmesser [mm]: D2, D3, D4, D5.<\/p>\n<p>Folgen Sie uns <strong><a href=\"https:\/\/www.facebook.com\/dtgrinder\/\" target=\"_blank\" rel=\"noopener\">auf Facebook<\/a><\/strong> und <strong><a href=\"https:\/\/www.instagram.com\/dt_grinder\" target=\"_blank\" rel=\"noopener\">Instagram<\/a>!<\/strong><\/p>\n","protected":false},"excerpt":{"rendered":"<p>Nietmaterial aus rostfreiem Stahl mit 300 [mm] optionalem Durchmesser f\u00fcr Nietmesser und Messernieten.<\/p>\n","protected":false},"featured_media":40537,"comment_status":"open","ping_status":"closed","template":"","meta":[],"product_brand":[1621],"product_cat":[1066,1921],"product_tag":[],"class_list":{"0":"post-40499","1":"product","2":"type-product","3":"status-publish","4":"has-post-thumbnail","6":"product_brand-dt-grinder-de","7":"product_cat-buntmetalle_fur_den_messerbau","8":"product_cat-nieten","10":"first","11":"instock","12":"taxable","13":"shipping-taxable","14":"purchasable","15":"product-type-variable"},"_links":{"self":[{"href":"https:\/\/dtgrinder.com\/de\/wp-json\/wp\/v2\/product\/40499","targetHints":{"allow":["GET"]}}],"collection":[{"href":"https:\/\/dtgrinder.com\/de\/wp-json\/wp\/v2\/product"}],"about":[{"href":"https:\/\/dtgrinder.com\/de\/wp-json\/wp\/v2\/types\/product"}],"replies":[{"embeddable":true,"href":"https:\/\/dtgrinder.com\/de\/wp-json\/wp\/v2\/comments?post=40499"}],"wp:featuredmedia":[{"embeddable":true,"href":"https:\/\/dtgrinder.com\/de\/wp-json\/wp\/v2\/media\/40537"}],"wp:attachment":[{"href":"https:\/\/dtgrinder.com\/de\/wp-json\/wp\/v2\/media?parent=40499"}],"wp:term":[{"taxonomy":"product_brand","embeddable":true,"href":"https:\/\/dtgrinder.com\/de\/wp-json\/wp\/v2\/product_brand?post=40499"},{"taxonomy":"product_cat","embeddable":true,"href":"https:\/\/dtgrinder.com\/de\/wp-json\/wp\/v2\/product_cat?post=40499"},{"taxonomy":"product_tag","embeddable":true,"href":"https:\/\/dtgrinder.com\/de\/wp-json\/wp\/v2\/product_tag?post=40499"}],"curies":[{"name":"wp","href":"https:\/\/api.w.org\/{rel}","templated":true}]}}