{"id":40452,"date":"2026-01-22T11:10:08","date_gmt":"2026-01-22T10:10:08","guid":{"rendered":"https:\/\/dtgrinder.com\/?post_type=product&#038;p=40452"},"modified":"2026-01-22T11:10:09","modified_gmt":"2026-01-22T10:10:09","slug":"mosaikniete-d8-mm-x-160-mm-mit-tiermuster-masolat-3","status":"publish","type":"product","link":"https:\/\/dtgrinder.com\/de\/termek\/mosaikniete-d8-mm-x-160-mm-mit-tiermuster-masolat-3\/","title":{"rendered":"Nietmaterial aus Messing D2,5 [mm] x 300 [mm]"},"content":{"rendered":"<h2>Nietmaterial aus Messing D2,5 [mm] x 300 [mm]<\/h2>\n<p data-start=\"239\" data-end=\"589\">Ideal <strong data-start=\"296\" data-end=\"368\">f\u00fcr die Herstellung von Griffnieten, Stiften, Nadeln und anderen Befestigungselementen<\/strong> f\u00fcr Messer und Heimwerkerprojekte. Bearbeitbares Messing hat eine gute Korrosionsbest\u00e4ndigkeit und l\u00e4sst sich leicht formen, wodurch es sich sowohl f\u00fcr funktionelle als auch f\u00fcr dekorative Anwendungen eignet. <\/p>\n<p data-start=\"591\" data-end=\"757\">Durchmesser: 2,5 mm<br data-start=\"612\" data-end=\"615\">L\u00e4nge: 300 mm<br data-start=\"650\" data-end=\"653\">Material: Messing \u2013 gut zerspanbar, Metall mit sch\u00f6ner Oberfl\u00e4che<\/p>\n<p data-start=\"759\" data-end=\"969\">Diese Stange ist ideal <strong data-start=\"786\" data-end=\"830\">f\u00fcr die Herstellung von Nieten oder Stiften<\/strong>, kann aber auch leicht geschnitten, gebogen und bearbeitet werden, um sie an andere Metall- oder Holzteile anzupassen.<\/p>\n<p>Folgen Sie uns  <strong><a href=\"https:\/\/www.facebook.com\/dtgrinder\/\" target=\"_blank\" rel=\"noopener\">Auf Facebook<\/a><\/strong>  und  <strong><a href=\"https:\/\/www.instagram.com\/dt_grinder\" target=\"_blank\" rel=\"noopener\">Auf Instagram<\/a>!<\/strong><\/p>\n","protected":false},"excerpt":{"rendered":"<p>Nietmaterial aus Messing D2,5 [mm] x 300 [mm] zum Vernieten von Messer- und Messernieten f\u00fcr funktionelle und dekorative Anwendungen.<\/p>\n","protected":false},"featured_media":40534,"comment_status":"open","ping_status":"closed","template":"","meta":[],"product_brand":[1621],"product_cat":[1066,1921],"product_tag":[],"class_list":{"0":"post-40452","1":"product","2":"type-product","3":"status-publish","4":"has-post-thumbnail","6":"product_brand-dt-grinder-de","7":"product_cat-buntmetalle_fur_den_messerbau","8":"product_cat-nieten","10":"first","11":"instock","12":"taxable","13":"shipping-taxable","14":"purchasable","15":"product-type-simple"},"_links":{"self":[{"href":"https:\/\/dtgrinder.com\/de\/wp-json\/wp\/v2\/product\/40452","targetHints":{"allow":["GET"]}}],"collection":[{"href":"https:\/\/dtgrinder.com\/de\/wp-json\/wp\/v2\/product"}],"about":[{"href":"https:\/\/dtgrinder.com\/de\/wp-json\/wp\/v2\/types\/product"}],"replies":[{"embeddable":true,"href":"https:\/\/dtgrinder.com\/de\/wp-json\/wp\/v2\/comments?post=40452"}],"wp:featuredmedia":[{"embeddable":true,"href":"https:\/\/dtgrinder.com\/de\/wp-json\/wp\/v2\/media\/40534"}],"wp:attachment":[{"href":"https:\/\/dtgrinder.com\/de\/wp-json\/wp\/v2\/media?parent=40452"}],"wp:term":[{"taxonomy":"product_brand","embeddable":true,"href":"https:\/\/dtgrinder.com\/de\/wp-json\/wp\/v2\/product_brand?post=40452"},{"taxonomy":"product_cat","embeddable":true,"href":"https:\/\/dtgrinder.com\/de\/wp-json\/wp\/v2\/product_cat?post=40452"},{"taxonomy":"product_tag","embeddable":true,"href":"https:\/\/dtgrinder.com\/de\/wp-json\/wp\/v2\/product_tag?post=40452"}],"curies":[{"name":"wp","href":"https:\/\/api.w.org\/{rel}","templated":true}]}}