{"id":40259,"date":"2026-01-22T08:38:57","date_gmt":"2026-01-22T07:38:57","guid":{"rendered":"https:\/\/dtgrinder.com\/?post_type=product&#038;p=40259"},"modified":"2026-01-22T08:38:58","modified_gmt":"2026-01-22T07:38:58","slug":"stabilisiertes-griffmaterial-buche-plattenpaar-mit-pilz-130x40x9-%c2%b12-mm-masolat","status":"publish","type":"product","link":"https:\/\/dtgrinder.com\/de\/termek\/stabilisiertes-griffmaterial-buche-plattenpaar-mit-pilz-130x40x9-%c2%b12-mm-masolat\/","title":{"rendered":"Griffmaterial &#8211; Merbau-Paneelpaar &#8211; weitere Gr\u00f6\u00dfen"},"content":{"rendered":"<h2>Griffmaterial &#8211; Merbau-Paneelpaar &#8211; weitere Gr\u00f6\u00dfen<\/h2>\n<p data-start=\"92\" data-end=\"313\"><strong data-start=\"92\" data-end=\"116\">Das Merbau-Plattenpaar<\/strong> wird aus einer harten, hochverdichteten tropischen Holzart hergestellt, die speziell f\u00fcr Messer- und Beilklingen entwickelt wurde. Seine charakteristische r\u00f6tlich-braune Farbe und die feine Maserung verleihen dem fertigen Griff ein klassisches, zeitloses Aussehen. <\/p>\n<p data-start=\"315\" data-end=\"564\">Dank seiner stabilen Struktur l\u00e4sst es sich leicht bearbeiten, und nach dem Schleifen kann eine glatte Oberfl\u00e4che erzielt werden.<\/p>\n<p><strong>Abmessungen:<\/strong><br \/>\n<strong>1-2-4: 130x50x9 \u00b1 2 [mm]<\/strong><br \/>\n<strong>3: 128x43x28 \u00b1 2 [mm]<\/strong><br \/>\n<br data-start=\"470\" data-end=\"473\">Jedes Paneelpaar ist einzigartig und nur ein einziges ist erh\u00e4ltlich.<\/p>\n<p>Sehen Sie sich mehr <a href=\"\/?product_cat=kes_alapanyagok&#038;srsltid=AfmBOoojPaNoiUL__a0SdbPNv3j5duERsk9zXDJu-55oHU2KgMSfUbva&amp;v=18bd9197cb1d\">von unseren Messermaterialien an!<\/a><br \/>\nFolgen Sie uns <strong><a href=\"https:\/\/www.facebook.com\/dtgrinder\/\" target=\"_blank\" rel=\"noopener\">auf Facebook<\/a><\/strong> und <strong><a href=\"https:\/\/www.instagram.com\/dt_grinder\" target=\"_blank\" rel=\"noopener\">Instagram<\/a>!<\/strong><\/p>\n","protected":false},"excerpt":{"rendered":"<p>Ein Paar Merbau-Platten zum Greifen von Messern, Taschenmessern und anderen hochwertigen Handwerksgegenst\u00e4nden.<\/p>\n","protected":false},"featured_media":40264,"comment_status":"open","ping_status":"closed","template":"","meta":[],"product_brand":[1621],"product_cat":[1063],"product_tag":[1096,1078,1095,1094],"class_list":{"0":"post-40259","1":"product","2":"type-product","3":"status-publish","4":"has-post-thumbnail","6":"product_brand-dt-grinder-de","7":"product_cat-griffmaterialien_aus_holz_und_naturmaterialien","8":"product_tag-material-des-messergriffs-de","9":"product_tag-material-des-messergriffs","10":"product_tag-plattenpaar-de","11":"product_tag-plattenpaar","13":"first","14":"instock","15":"taxable","16":"shipping-taxable","17":"purchasable","18":"product-type-variable"},"_links":{"self":[{"href":"https:\/\/dtgrinder.com\/de\/wp-json\/wp\/v2\/product\/40259","targetHints":{"allow":["GET"]}}],"collection":[{"href":"https:\/\/dtgrinder.com\/de\/wp-json\/wp\/v2\/product"}],"about":[{"href":"https:\/\/dtgrinder.com\/de\/wp-json\/wp\/v2\/types\/product"}],"replies":[{"embeddable":true,"href":"https:\/\/dtgrinder.com\/de\/wp-json\/wp\/v2\/comments?post=40259"}],"wp:featuredmedia":[{"embeddable":true,"href":"https:\/\/dtgrinder.com\/de\/wp-json\/wp\/v2\/media\/40264"}],"wp:attachment":[{"href":"https:\/\/dtgrinder.com\/de\/wp-json\/wp\/v2\/media?parent=40259"}],"wp:term":[{"taxonomy":"product_brand","embeddable":true,"href":"https:\/\/dtgrinder.com\/de\/wp-json\/wp\/v2\/product_brand?post=40259"},{"taxonomy":"product_cat","embeddable":true,"href":"https:\/\/dtgrinder.com\/de\/wp-json\/wp\/v2\/product_cat?post=40259"},{"taxonomy":"product_tag","embeddable":true,"href":"https:\/\/dtgrinder.com\/de\/wp-json\/wp\/v2\/product_tag?post=40259"}],"curies":[{"name":"wp","href":"https:\/\/api.w.org\/{rel}","templated":true}]}}