{"id":40249,"date":"2026-01-16T12:36:00","date_gmt":"2026-01-16T11:36:00","guid":{"rendered":"https:\/\/dtgrinder.com\/?post_type=product&#038;p=40249"},"modified":"2026-01-22T11:29:44","modified_gmt":"2026-01-22T10:29:44","slug":"ovangkol-griffmaterialblock-130x46x30-%c2%b1-2-mm-masolat-2","status":"publish","type":"product","link":"https:\/\/dtgrinder.com\/de\/termek\/ovangkol-griffmaterialblock-130x46x30-%c2%b1-2-mm-masolat-2\/","title":{"rendered":"Doussie Griffmaterialblock 128x50x28 \u00b1 2 [mm]"},"content":{"rendered":"<h2>Doussie Griffmaterialblock 128x50x28 \u00b1 2 [mm]<\/h2>\n<p>Doussie-Holz ist eine harte, langlebige afrikanische Holzart, die sich hervorragend f\u00fcr Messer- und Hackbeilklingen eignet. Seine warme r\u00f6tlich-braune Farbe und die nat\u00fcrliche Maserung verleihen dem Griff ein sauberes, klassisches Aussehen. Dank seiner guten mechanischen Eigenschaften ist es stabil und leicht zu bearbeiten und hat nach dem Abschleifen ein seidiges Finish.  <\/p>\n<p><strong data-start=\"286\" data-end=\"303\">Verwendung:<\/strong> f\u00fcr die Herstellung von Messer- und Messergriffen, Werkzeuggriffen, kleinen Holzarbeiten und Bastelarbeiten.<\/p>\n<p>Sehen Sie sich mehr <a href=\"\/?product_cat=kes_alapanyagok&#038;srsltid=AfmBOoojPaNoiUL__a0SdbPNv3j5duERsk9zXDJu-55oHU2KgMSfUbva&amp;v=18bd9197cb1d\">von unseren Messermaterialien an!<\/a><br \/>\nFolgen Sie uns <strong><a href=\"https:\/\/www.facebook.com\/dtgrinder\/\" target=\"_blank\" rel=\"noopener\">auf Facebook<\/a><\/strong> und <strong><a href=\"https:\/\/www.instagram.com\/dt_grinder\" target=\"_blank\" rel=\"noopener\">Instagram<\/a>!<\/strong><\/p>\n<p>&nbsp;<\/p>\n","protected":false},"excerpt":{"rendered":"<p>Doussie-Griffmaterialblock 128 x 50 x 28 \u00b1 2 [mm]. Dank seiner guten mechanischen Eigenschaften ist es stabil und gut zu bearbeiten. Verleiht dem Griff ein klassisches Aussehen.  <\/p>\n","protected":false},"featured_media":40252,"comment_status":"open","ping_status":"closed","template":"","meta":[],"product_brand":[1621],"product_cat":[1063,882],"product_tag":[1996,1676,1077],"class_list":{"0":"post-40249","1":"product","2":"type-product","3":"status-publish","4":"has-post-thumbnail","6":"product_brand-dt-grinder-de","7":"product_cat-griffmaterialien_aus_holz_und_naturmaterialien","8":"product_cat-materialien-fuer-messergriffe","9":"product_tag-doussie","10":"product_tag-fa-de","11":"product_tag-griffmaterial","13":"first","14":"instock","15":"taxable","16":"shipping-taxable","17":"purchasable","18":"product-type-simple"},"_links":{"self":[{"href":"https:\/\/dtgrinder.com\/de\/wp-json\/wp\/v2\/product\/40249","targetHints":{"allow":["GET"]}}],"collection":[{"href":"https:\/\/dtgrinder.com\/de\/wp-json\/wp\/v2\/product"}],"about":[{"href":"https:\/\/dtgrinder.com\/de\/wp-json\/wp\/v2\/types\/product"}],"replies":[{"embeddable":true,"href":"https:\/\/dtgrinder.com\/de\/wp-json\/wp\/v2\/comments?post=40249"}],"wp:featuredmedia":[{"embeddable":true,"href":"https:\/\/dtgrinder.com\/de\/wp-json\/wp\/v2\/media\/40252"}],"wp:attachment":[{"href":"https:\/\/dtgrinder.com\/de\/wp-json\/wp\/v2\/media?parent=40249"}],"wp:term":[{"taxonomy":"product_brand","embeddable":true,"href":"https:\/\/dtgrinder.com\/de\/wp-json\/wp\/v2\/product_brand?post=40249"},{"taxonomy":"product_cat","embeddable":true,"href":"https:\/\/dtgrinder.com\/de\/wp-json\/wp\/v2\/product_cat?post=40249"},{"taxonomy":"product_tag","embeddable":true,"href":"https:\/\/dtgrinder.com\/de\/wp-json\/wp\/v2\/product_tag?post=40249"}],"curies":[{"name":"wp","href":"https:\/\/api.w.org\/{rel}","templated":true}]}}