{"id":40227,"date":"2026-01-22T08:39:00","date_gmt":"2026-01-22T07:39:00","guid":{"rendered":"https:\/\/dtgrinder.com\/?post_type=product&#038;p=40227"},"modified":"2026-01-22T08:39:00","modified_gmt":"2026-01-22T07:39:00","slug":"ovangkol-griffmaterialblock-125x48x30-%c2%b1-2-mm-masolat-2","status":"publish","type":"product","link":"https:\/\/dtgrinder.com\/de\/termek\/ovangkol-griffmaterialblock-125x48x30-%c2%b1-2-mm-masolat-2\/","title":{"rendered":"Ovangkol Griffmaterialblock 130x46x30 \u00b1 2 [mm]"},"content":{"rendered":"<h2>Ovangkol Griffmaterialblock 130x46x30 \u00b1 2 [mm]<\/h2>\n<p>Ovangkol ist ein exotisches afrikanisches Hartholz, das von Messermachern wegen seiner sch\u00f6nen Maserung und seiner Haltbarkeit gesch\u00e4tzt wird. Es l\u00e4sst sich gut bearbeiten, seine Oberfl\u00e4che kann fein geschliffen werden und wenn es ge\u00f6lt wird, erh\u00e4lt es einen eleganten Glanz. Es ist eine ausgezeichnete Wahl f\u00fcr Griffe, da es sowohl \u00e4sthetisch als auch langlebig ist.  <\/p>\n<p><strong data-start=\"286\" data-end=\"303\">Verwendung:<\/strong> f\u00fcr die Herstellung von Messer- und Messergriffen, Werkzeuggriffen, kleinen Holzarbeiten und Bastelarbeiten.<\/p>\n<p>Sehen Sie sich mehr <a href=\"\/?product_cat=kes_alapanyagok&#038;srsltid=AfmBOoojPaNoiUL__a0SdbPNv3j5duERsk9zXDJu-55oHU2KgMSfUbva&amp;v=18bd9197cb1d\">von unseren Messermaterialien an!<\/a><br \/>\nFolgen Sie uns <strong><a href=\"https:\/\/www.facebook.com\/dtgrinder\/\" target=\"_blank\" rel=\"noopener\">auf Facebook<\/a><\/strong> und <strong><a href=\"https:\/\/www.instagram.com\/dt_grinder\" target=\"_blank\" rel=\"noopener\">Instagram<\/a>!<\/strong><\/p>\n<p>&nbsp;<\/p>\n","protected":false},"excerpt":{"rendered":"<p>Ovangkol Griffmaterialblock 130x46x30 \u00b1 2 [mm]. Eine ausgezeichnete Wahl f\u00fcr Griffe, da es sowohl \u00e4sthetisch als auch widerstandsf\u00e4hig ist. <\/p>\n","protected":false},"featured_media":40236,"comment_status":"open","ping_status":"closed","template":"","meta":[],"product_brand":[1621],"product_cat":[1063,882],"product_tag":[1676,1077,1677],"class_list":{"0":"post-40227","1":"product","2":"type-product","3":"status-publish","4":"has-post-thumbnail","6":"product_brand-dt-grinder-de","7":"product_cat-griffmaterialien_aus_holz_und_naturmaterialien","8":"product_cat-materialien-fuer-messergriffe","9":"product_tag-fa-de","10":"product_tag-griffmaterial","11":"product_tag-ovangkol-de","13":"first","14":"instock","15":"taxable","16":"shipping-taxable","17":"purchasable","18":"product-type-simple"},"_links":{"self":[{"href":"https:\/\/dtgrinder.com\/de\/wp-json\/wp\/v2\/product\/40227","targetHints":{"allow":["GET"]}}],"collection":[{"href":"https:\/\/dtgrinder.com\/de\/wp-json\/wp\/v2\/product"}],"about":[{"href":"https:\/\/dtgrinder.com\/de\/wp-json\/wp\/v2\/types\/product"}],"replies":[{"embeddable":true,"href":"https:\/\/dtgrinder.com\/de\/wp-json\/wp\/v2\/comments?post=40227"}],"wp:featuredmedia":[{"embeddable":true,"href":"https:\/\/dtgrinder.com\/de\/wp-json\/wp\/v2\/media\/40236"}],"wp:attachment":[{"href":"https:\/\/dtgrinder.com\/de\/wp-json\/wp\/v2\/media?parent=40227"}],"wp:term":[{"taxonomy":"product_brand","embeddable":true,"href":"https:\/\/dtgrinder.com\/de\/wp-json\/wp\/v2\/product_brand?post=40227"},{"taxonomy":"product_cat","embeddable":true,"href":"https:\/\/dtgrinder.com\/de\/wp-json\/wp\/v2\/product_cat?post=40227"},{"taxonomy":"product_tag","embeddable":true,"href":"https:\/\/dtgrinder.com\/de\/wp-json\/wp\/v2\/product_tag?post=40227"}],"curies":[{"name":"wp","href":"https:\/\/api.w.org\/{rel}","templated":true}]}}