{"id":39509,"date":"2024-03-26T13:25:11","date_gmt":"2024-03-26T13:25:11","guid":{"rendered":"https:\/\/dtgrinder.com\/termek\/polierstab-maxfin-7-8-lea-hellgruen-polieren-hartmetall-800-g\/"},"modified":"2026-01-11T22:51:57","modified_gmt":"2026-01-11T21:51:57","slug":"polierstab-maxfin-7-8-lea-hellgruen-polieren-hartmetall-800-g","status":"publish","type":"product","link":"https:\/\/dtgrinder.com\/de\/termek\/polierstab-maxfin-7-8-lea-hellgruen-polieren-hartmetall-800-g\/","title":{"rendered":"Polierstab Maxfin 7\/8 LEA &#8211; Hellgr\u00fcn &#8211; Polieren\/Hartmetall\/ ~800 [g]"},"content":{"rendered":"<p>Maxfin LEA 7\/8 ist ein Polierstab mit einer starken Schleifwirkung. Speziell f\u00fcr die Vorpolierphase von rostfreien St\u00e4hlen. Feine Oberfl\u00e4chenrauhigkeit, mittelhoher Glanz.  <\/p>\n<p>Allgemeine Informationen:<\/p>\n<p>&#8222;&#8230; Schleif- und Polierpasten enthalten 50-60% Schleifkorn, der Rest enth\u00e4lt bindende Fette und \u00d6le. Die Pasten k\u00f6nnen auf zwei Messskalen eingestuft werden, n\u00e4mlich dem Grad der Abrasion und dem Oberfl\u00e4chenglanz. W\u00e4hrend die erste Skala angibt, wie viel Material abgetragen wird (wie grob die Paste ist), zeigt die Skala f\u00fcr den Oberfl\u00e4chenglanz an, wie gl\u00e4nzend die Paste verwendet werden kann, um eine Oberfl\u00e4che herzustellen. Die beiden Kennzahlen stehen in umgekehrter Beziehung zueinander, au\u00dfer bei einigen Pasten. Bei einer hohen Materialtrennung erhalten Sie also einen geringeren Oberfl\u00e4chenglanz. &#8220;<\/p>\n<p>&#8222;F\u00fcr diejenigen, die Stahl polieren m\u00f6chten, empfehlen wir die Verwendung einer dicht gen\u00e4hten Lappenscheibe und <a href=\"https:\/\/dtgrinder.com\/termek\/polirozo-rud-abramax-8-4-lea-szurke-elopolirozashoz-vastartalmu-femek-800-g\/\">Abramax<\/a> graue Polierpaste zum Vorpolieren. In einem zweiten Schritt (wenn Sie ein wirklich sch\u00f6nes Finish erzielen wollen<br \/>) verwenden Sie eine dicht gen\u00e4hte Lappenscheibe <g id=\"gid_2\">mit gr\u00fcner Maxfin-Paste<\/g>. Zum Polieren empfehlen wir Chromax rosa Paste mit einer d\u00fcnn gen\u00e4hten Polierscheibe.&#8220;  <\/p>\n<p>Quelle: das Buch &#8222;Die Fallstricke des Polierens&#8220;. Von: G\u00e1bor Jasper  <\/p>\n","protected":false},"excerpt":{"rendered":"<p>Maxfin LEA 7\/8 ist ein Polierstab mit einer starken Schleifwirkung. Speziell f\u00fcr die Vorpolierphase von rostfreien St\u00e4hlen. Feine Oberfl\u00e4chenrauhigkeit, mittelhoher Glanz.  <\/p>\n","protected":false},"featured_media":39510,"comment_status":"open","ping_status":"closed","template":"","meta":[],"product_brand":[1621],"product_cat":[658],"product_tag":[662,669,660,661],"class_list":{"0":"post-39509","1":"product","2":"type-product","3":"status-publish","4":"has-post-thumbnail","6":"product_brand-dt-grinder-de","7":"product_cat-polierwerkzeuge-pasten-scheiben","8":"product_tag-polieren-de","9":"product_tag-poliermaschine","10":"product_tag-polishing-de","11":"product_tag-polishingmachine-de","12":"product_shipping_class-bander","14":"first","15":"instock","16":"taxable","17":"shipping-taxable","18":"purchasable","19":"product-type-simple"},"_links":{"self":[{"href":"https:\/\/dtgrinder.com\/de\/wp-json\/wp\/v2\/product\/39509","targetHints":{"allow":["GET"]}}],"collection":[{"href":"https:\/\/dtgrinder.com\/de\/wp-json\/wp\/v2\/product"}],"about":[{"href":"https:\/\/dtgrinder.com\/de\/wp-json\/wp\/v2\/types\/product"}],"replies":[{"embeddable":true,"href":"https:\/\/dtgrinder.com\/de\/wp-json\/wp\/v2\/comments?post=39509"}],"wp:featuredmedia":[{"embeddable":true,"href":"https:\/\/dtgrinder.com\/de\/wp-json\/wp\/v2\/media\/39510"}],"wp:attachment":[{"href":"https:\/\/dtgrinder.com\/de\/wp-json\/wp\/v2\/media?parent=39509"}],"wp:term":[{"taxonomy":"product_brand","embeddable":true,"href":"https:\/\/dtgrinder.com\/de\/wp-json\/wp\/v2\/product_brand?post=39509"},{"taxonomy":"product_cat","embeddable":true,"href":"https:\/\/dtgrinder.com\/de\/wp-json\/wp\/v2\/product_cat?post=39509"},{"taxonomy":"product_tag","embeddable":true,"href":"https:\/\/dtgrinder.com\/de\/wp-json\/wp\/v2\/product_tag?post=39509"}],"curies":[{"name":"wp","href":"https:\/\/api.w.org\/{rel}","templated":true}]}}