{"id":39507,"date":"2024-03-26T13:45:02","date_gmt":"2024-03-26T13:45:02","guid":{"rendered":"https:\/\/dtgrinder.com\/termek\/polierstab-chromax-rosa-3-9-lea-rosa-polierpaste-fuer-eisen-und-nichteisenmetalle-800-g\/"},"modified":"2025-12-15T10:11:21","modified_gmt":"2025-12-15T09:11:21","slug":"polierstab-chromax-rosa-3-9-lea-rosa-polierpaste-fuer-eisen-und-nichteisenmetalle-800-g","status":"publish","type":"product","link":"https:\/\/dtgrinder.com\/de\/termek\/polierstab-chromax-rosa-3-9-lea-rosa-polierpaste-fuer-eisen-und-nichteisenmetalle-800-g\/","title":{"rendered":"Polierstab Chromax rosa 3\/9 LEA &#8211; Rosa &#8211; Polierpaste \/f\u00fcr Eisen- und Nichteisenmetalle\/ ~800 [g]"},"content":{"rendered":"<p>Die Chromax LEA 3\/9 ist eine feinschneidende, hochgl\u00e4nzende, leicht fettige Polierstange f\u00fcr die letzte Polierstufe. Geeignet f\u00fcr alle Metalle, konturierte St\u00fccke. Sehr feine Oberfl\u00e4chenrauhigkeit, hoher Glanz.  <\/p>\n<p>Allgemeine Informationen:<\/p>\n<p>&#8222;&#8230; Schleif- und Polierpasten enthalten 50-60% Schleifkorn, der Rest enth\u00e4lt bindende Fette und \u00d6le. Die Pasten k\u00f6nnen auf zwei Messskalen eingestuft werden, n\u00e4mlich dem Grad der Abrasion und dem Oberfl\u00e4chenglanz. W\u00e4hrend die erste Skala angibt, wie viel Material abgetragen wird (wie grob die Paste ist), zeigt die Skala f\u00fcr den Oberfl\u00e4chenglanz an, wie gl\u00e4nzend die Paste verwendet werden kann, um eine Oberfl\u00e4che herzustellen. Die beiden Kennzahlen stehen in umgekehrter Beziehung zueinander, au\u00dfer bei einigen Pasten. Bei einer hohen Materialtrennung erhalten Sie also einen geringeren Oberfl\u00e4chenglanz. &#8220;<\/p>\n<p>&#8222;F\u00fcr diejenigen, die Stahl polieren m\u00f6chten, empfehlen wir die Verwendung einer dicht gen\u00e4hten Lappenscheibe und <a href=\"https:\/\/dtgrinder.com\/termek\/polirozo-rud-abramax-8-4-lea-szurke-elopolirozashoz-vastartalmu-femek-800-g\/\">Abramax<\/a> graue Polierpaste zum Vorpolieren. In einem zweiten Schritt (wenn Sie ein wirklich sch\u00f6nes Finish erzielen wollen<x id=\"gid_1\"><\/x>) verwenden Sie eine dicht gen\u00e4hte Lappenscheibe <g id=\"gid_2\">mit gr\u00fcner Maxfin-Paste<\/g>. Zum Polieren empfehlen wir Chromax rosa Paste mit einer d\u00fcnn gen\u00e4hten Polierscheibe.&#8220;  <\/p>\n<p>Quelle: das Buch &#8222;Die Fallstricke des Polierens&#8220;. Von: G\u00e1bor Jasper  <\/p>\n","protected":false},"excerpt":{"rendered":"<p>Die Chromax LEA 3\/9 ist eine feinschneidende, hochgl\u00e4nzende, leicht fettige Polierstange f\u00fcr die letzte Polierstufe. Geeignet f\u00fcr alle Metalle, konturierte St\u00fccke. Sehr feine Oberfl\u00e4chenrauhigkeit, hoher Glanz.  <\/p>\n","protected":false},"featured_media":39508,"comment_status":"open","ping_status":"closed","template":"","meta":[],"product_brand":[1621],"product_cat":[658],"product_tag":[662,669,670,671,660,663,661,672],"class_list":{"0":"post-39507","1":"product","2":"type-product","3":"status-publish","4":"has-post-thumbnail","6":"product_brand-dt-grinder-de","7":"product_cat-polierwerkzeuge-pasten-scheiben","8":"product_tag-polieren-de","9":"product_tag-poliermaschine","10":"product_tag-poliermittel","11":"product_tag-poliermittel-de","12":"product_tag-polishing-de","13":"product_tag-polishing-compound-de","14":"product_tag-polishingmachine-de","15":"product_tag-schleifmittel","16":"product_shipping_class-bander","18":"first","19":"instock","20":"taxable","21":"shipping-taxable","22":"purchasable","23":"product-type-simple"},"_links":{"self":[{"href":"https:\/\/dtgrinder.com\/de\/wp-json\/wp\/v2\/product\/39507","targetHints":{"allow":["GET"]}}],"collection":[{"href":"https:\/\/dtgrinder.com\/de\/wp-json\/wp\/v2\/product"}],"about":[{"href":"https:\/\/dtgrinder.com\/de\/wp-json\/wp\/v2\/types\/product"}],"replies":[{"embeddable":true,"href":"https:\/\/dtgrinder.com\/de\/wp-json\/wp\/v2\/comments?post=39507"}],"wp:featuredmedia":[{"embeddable":true,"href":"https:\/\/dtgrinder.com\/de\/wp-json\/wp\/v2\/media\/39508"}],"wp:attachment":[{"href":"https:\/\/dtgrinder.com\/de\/wp-json\/wp\/v2\/media?parent=39507"}],"wp:term":[{"taxonomy":"product_brand","embeddable":true,"href":"https:\/\/dtgrinder.com\/de\/wp-json\/wp\/v2\/product_brand?post=39507"},{"taxonomy":"product_cat","embeddable":true,"href":"https:\/\/dtgrinder.com\/de\/wp-json\/wp\/v2\/product_cat?post=39507"},{"taxonomy":"product_tag","embeddable":true,"href":"https:\/\/dtgrinder.com\/de\/wp-json\/wp\/v2\/product_tag?post=39507"}],"curies":[{"name":"wp","href":"https:\/\/api.w.org\/{rel}","templated":true}]}}