{"id":38263,"date":"2025-11-28T14:45:03","date_gmt":"2025-11-28T13:45:03","guid":{"rendered":"https:\/\/dtgrinder.com\/?post_type=product&#038;p=38263"},"modified":"2025-12-01T13:56:54","modified_gmt":"2025-12-01T12:56:54","slug":"stabilisierter-griff-aus-geknopfter-buche-128x40x30-%c2%b12-mm-weitere-versionen-masolat","status":"publish","type":"product","link":"https:\/\/dtgrinder.com\/de\/termek\/stabilisierter-griff-aus-geknopfter-buche-128x40x30-%c2%b12-mm-weitere-versionen-masolat\/","title":{"rendered":"Stabilisiertes Griffmaterial Buche mit Pilz &#8211; orange und rot, verschiedene Gr\u00f6\u00dfen"},"content":{"rendered":"<h2 data-start=\"260\" data-end=\"627\">Stabilisiertes Griffmaterial Buche mit Pilz &#8211; orange und rot, verschiedene Gr\u00f6\u00dfen<\/h2>\n<p>Gespaltene Buche ist ein \u00e4u\u00dferst dekoratives, nat\u00fcrlich gemustertes Holz, das durch biologische Prozesse im Inneren des Holzes einzigartige dunkle Adern und kontrastreiche Muster erzeugt. W\u00e4hrend des Stabilisierungsprozesses mit Harz ges\u00e4ttigt, beh\u00e4lt das Holz seine nat\u00fcrliche Sch\u00f6nheit und ist gleichzeitig resistent gegen Umwelteinfl\u00fcsse. <\/p>\n<p><strong>Abmessungen<\/strong><br \/>\nRote Version: 130x40x30 \u00b12 [mm]<br \/>\nOrange Version: 110x40x30 \u00b12 [mm]<\/p>\n<p>Jedes St\u00fcck ist einzigartig und nur ein Exemplar ist erh\u00e4ltlich.<\/p>\n<p>Sehen Sie sich mehr <a href=\"\/?product_cat=kes_alapanyagok&#038;srsltid=AfmBOoojPaNoiUL__a0SdbPNv3j5duERsk9zXDJu-55oHU2KgMSfUbva&amp;v=18bd9197cb1d\">von unseren Messermaterialien an!<\/a><br \/>\nFolgen Sie uns <strong><a href=\"https:\/\/www.facebook.com\/dtgrinder\/\" target=\"_blank\" rel=\"noopener\">auf Facebook<\/a><\/strong> und <strong><a href=\"https:\/\/www.instagram.com\/dt_grinder\" target=\"_blank\" rel=\"noopener\">Instagram<\/a>!<\/strong><\/p>\n","protected":false},"excerpt":{"rendered":"<p>Griffmaterial aus stabilisiertem Buchenpilz f\u00fcr Messer, Taschenmesser und andere hochwertige Handwerksartikel.<\/p>\n","protected":false},"featured_media":38289,"comment_status":"open","ping_status":"closed","template":"","meta":[],"product_brand":[1621],"product_cat":[1051],"product_tag":[1077,1086,1078,1087],"class_list":{"0":"post-38263","1":"product","2":"type-product","3":"status-publish","4":"has-post-thumbnail","6":"product_brand-dt-grinder-de","7":"product_cat-stabilisierte_griffmaterialien","8":"product_tag-griffmaterial","9":"product_tag-karelien","10":"product_tag-material-des-messergriffs","11":"product_tag-stabilisiert","13":"first","14":"instock","15":"taxable","16":"shipping-taxable","17":"purchasable","18":"product-type-variable"},"_links":{"self":[{"href":"https:\/\/dtgrinder.com\/de\/wp-json\/wp\/v2\/product\/38263","targetHints":{"allow":["GET"]}}],"collection":[{"href":"https:\/\/dtgrinder.com\/de\/wp-json\/wp\/v2\/product"}],"about":[{"href":"https:\/\/dtgrinder.com\/de\/wp-json\/wp\/v2\/types\/product"}],"replies":[{"embeddable":true,"href":"https:\/\/dtgrinder.com\/de\/wp-json\/wp\/v2\/comments?post=38263"}],"wp:featuredmedia":[{"embeddable":true,"href":"https:\/\/dtgrinder.com\/de\/wp-json\/wp\/v2\/media\/38289"}],"wp:attachment":[{"href":"https:\/\/dtgrinder.com\/de\/wp-json\/wp\/v2\/media?parent=38263"}],"wp:term":[{"taxonomy":"product_brand","embeddable":true,"href":"https:\/\/dtgrinder.com\/de\/wp-json\/wp\/v2\/product_brand?post=38263"},{"taxonomy":"product_cat","embeddable":true,"href":"https:\/\/dtgrinder.com\/de\/wp-json\/wp\/v2\/product_cat?post=38263"},{"taxonomy":"product_tag","embeddable":true,"href":"https:\/\/dtgrinder.com\/de\/wp-json\/wp\/v2\/product_tag?post=38263"}],"curies":[{"name":"wp","href":"https:\/\/api.w.org\/{rel}","templated":true}]}}