{"id":29904,"date":"2025-09-29T10:54:12","date_gmt":"2025-09-29T08:54:12","guid":{"rendered":"https:\/\/dtgrinder.com\/termek\/vakuumpumpe-vp225-71-l-min-25-cfm-zweistufig\/"},"modified":"2025-09-29T11:44:28","modified_gmt":"2025-09-29T09:44:28","slug":"vakuumpumpe-vp225-71-l-min-25-cfm-zweistufig","status":"publish","type":"product","link":"https:\/\/dtgrinder.com\/de\/termek\/vakuumpumpe-vp225-71-l-min-25-cfm-zweistufig\/","title":{"rendered":"Vakuumpumpe 71 l\/min (2,5 CFM), zweistufig"},"content":{"rendered":"<h2 data-start=\"110\" data-end=\"169\">Vakuumpumpe, 71 l\/min (2,5 CFM), zweistufig<\/h2>\n<p data-start=\"171\" data-end=\"310\">Zweistufige, \u00f6lged\u00e4mpfte Pumpe mit einer freien Luftf\u00f6rderung von 71 l\/min (2,5 CFM) und einem F\u00f6rderdruck von 0,3 Pa.<\/p>\n<p data-start=\"312\" data-end=\"541\">Hohe Effizienz, extrem niedriges Endvakuum und leiser Betrieb.<\/p>\n<p data-start=\"543\" data-end=\"724\">Alle Pumpen der VP-Serie sind mit einem \u00d6lnebelfilter und einem mechanischen Einwegventil ausgestattet. Dieses Ventil verhindert, dass \u00d6l aus der Pumpe in die Kammer zur\u00fcckflie\u00dft. <\/p>\n<p data-start=\"726\" data-end=\"850\">Diese Pumpe ist die ideale Wahl f\u00fcr Vakuumentgasungssysteme, Klimaanlagen und andere industrielle Anwendungen.<\/p>\n<hr data-start=\"941\" data-end=\"944\">\n<h3 data-start=\"946\" data-end=\"971\">Inhalt des Sets:<\/h3>\n<p data-start=\"974\" data-end=\"997\">Vakuumpumpe<\/p>\n<p data-start=\"1000\" data-end=\"1027\">\u00d6l f\u00fcr die Inbetriebnahme<\/p>\n<p data-start=\"1030\" data-end=\"1051\">Gebrauchsanweisung<\/p>\n<hr data-start=\"1733\" data-end=\"1736\">\n<h3 data-start=\"1738\" data-end=\"1758\">Technische Daten<\/h3>\n<div class=\"_tableContainer_1rjym_1\">\n<div class=\"group _tableWrapper_1rjym_13 flex w-fit flex-col-reverse\" tabindex=\"-1\">\n<table>\n<tbody>\n<tr>\n<td><strong>Stromzufuhr<\/strong><\/td>\n<td>220-240 V AC \/ 50 Hz<\/td>\n<\/tr>\n<tr>\n<td><strong>Endvakuum<\/strong><\/td>\n<td>0,3 Pa<\/td>\n<\/tr>\n<tr>\n<td><strong>Leistung<\/strong><\/td>\n<td>71 l\/min (2,5 CFM)<\/td>\n<\/tr>\n<tr>\n<td><strong>Motorleistung<\/strong><\/td>\n<td>1\/3 HP<\/td>\n<\/tr>\n<tr>\n<td><strong>Eingangsanschluss<\/strong><\/td>\n<td>1\/4&#8243; SAE Flare<\/td>\n<\/tr>\n<tr>\n<td><strong>Fassungsverm\u00f6gen \u00d6l<\/strong><\/td>\n<td>280 ml<\/td>\n<\/tr>\n<tr>\n<td><strong>Abmessungen (HxBxT)<\/strong><\/td>\n<td>290 \u00d7 120 \u00d7 230 mm<\/td>\n<\/tr>\n<tr>\n<td><strong>Netto Masse<\/strong><\/td>\n<td>7.6 kg<\/td>\n<\/tr>\n<tr>\n<td><strong>Bruttomasse<\/strong><\/td>\n<td>8,7 kg (verpackt)<\/td>\n<\/tr>\n<\/tbody>\n<\/table>\n<p>Sehen Sie mehr <strong><a href=\"https:\/\/dtgrinder.com\/termekkategoria\/stabilisieren\/?lang=de&#038;v=18bd9197cb1d\">unsere anderen Stabilisierungsprodukte hier.<\/a><\/strong><strong><br \/>\n<\/strong>Folgen Sie uns <strong><a href=\"https:\/\/www.facebook.com\/dtgrinder\/\" target=\"_blank\" rel=\"noopener\">auf Facebook und<\/a><\/strong> <strong><a href=\"https:\/\/www.instagram.com\/dt_grinder\" target=\"_blank\" rel=\"noopener\">Instagram<\/a><\/strong>!<\/p>\n<\/div>\n<\/div>\n","protected":false},"excerpt":{"rendered":"<p data-start=\"110\" data-end=\"169\">Vakuumpumpe, 71 l\/min (2,5 CFM), zweistufig. \u00d6lpumpe mit einer F\u00f6rderleistung von 71 l\/min (2,5 CFM) und einem F\u00f6rderdruck von 0,3 Pa. Alle Pumpen der VP-Serie sind mit einem \u00d6lnebelfilter und einem mechanischen Einwegventil ausgestattet.  Diese Pumpe ist die ideale Wahl f\u00fcr Vakuumentgasungssysteme, Klimaanlagen und andere industrielle Anwendungen.<\/p>\n","protected":false},"featured_media":29805,"comment_status":"open","ping_status":"closed","template":"","meta":[],"product_brand":[1621],"product_cat":[1686],"product_tag":[],"class_list":{"0":"post-29904","1":"product","2":"type-product","3":"status-publish","4":"has-post-thumbnail","6":"product_brand-dt-grinder-de","7":"product_cat-stabilisieren","9":"first","10":"instock","11":"taxable","12":"shipping-taxable","13":"purchasable","14":"product-type-simple"},"_links":{"self":[{"href":"https:\/\/dtgrinder.com\/de\/wp-json\/wp\/v2\/product\/29904","targetHints":{"allow":["GET"]}}],"collection":[{"href":"https:\/\/dtgrinder.com\/de\/wp-json\/wp\/v2\/product"}],"about":[{"href":"https:\/\/dtgrinder.com\/de\/wp-json\/wp\/v2\/types\/product"}],"replies":[{"embeddable":true,"href":"https:\/\/dtgrinder.com\/de\/wp-json\/wp\/v2\/comments?post=29904"}],"wp:featuredmedia":[{"embeddable":true,"href":"https:\/\/dtgrinder.com\/de\/wp-json\/wp\/v2\/media\/29805"}],"wp:attachment":[{"href":"https:\/\/dtgrinder.com\/de\/wp-json\/wp\/v2\/media?parent=29904"}],"wp:term":[{"taxonomy":"product_brand","embeddable":true,"href":"https:\/\/dtgrinder.com\/de\/wp-json\/wp\/v2\/product_brand?post=29904"},{"taxonomy":"product_cat","embeddable":true,"href":"https:\/\/dtgrinder.com\/de\/wp-json\/wp\/v2\/product_cat?post=29904"},{"taxonomy":"product_tag","embeddable":true,"href":"https:\/\/dtgrinder.com\/de\/wp-json\/wp\/v2\/product_tag?post=29904"}],"curies":[{"name":"wp","href":"https:\/\/api.w.org\/{rel}","templated":true}]}}