{"id":29739,"date":"2025-09-26T10:56:14","date_gmt":"2025-09-26T08:56:14","guid":{"rendered":"https:\/\/dtgrinder.com\/termek\/resin90-stabilisierendes-harz-1-kg\/"},"modified":"2025-12-01T17:06:42","modified_gmt":"2025-12-01T16:06:42","slug":"resin90-stabilisierendes-harz-1-kg","status":"publish","type":"product","link":"https:\/\/dtgrinder.com\/de\/termek\/resin90-stabilisierendes-harz-1-kg\/","title":{"rendered":"Resin90 stabilisierendes Harz &#8211; 1 kg"},"content":{"rendered":"<h2>Resin90 stabilisierendes Harz &#8211; 1 kg<\/h2>\n<p><strong data-start=\"58\" data-end=\"198\">Resin90 ist ein professionelles w\u00e4rmeh\u00e4rtendes, tief absorbierendes Harz f\u00fcr die Holzstabilisierung und Impr\u00e4gnierung anderer por\u00f6ser Materialien.<\/strong><br data-start=\"198\" data-end=\"201\">Durch seine niedrige Viskosit\u00e4t und Dichte ist es ideal f\u00fcr die Verwendung in Vakuumsystemen. Das Material ist praktisch geruchlos. Die Farbe des Harzes reicht von durchscheinend bis hell bernsteinfarben. Es wird nach dem Verstricken vollst\u00e4ndig transparent und kann auf Hochglanz poliert werden.   <\/p>\n<p data-start=\"462\" data-end=\"580\">Es wird empfohlen, das Harz im Ofen zu h\u00e4rten,  <strong data-start=\"501\" data-end=\"539\">90 \u00b0C f\u00fcr etwa 1-1,5 Stunden <\/strong>abh\u00e4ngig von der Gr\u00f6\u00dfe der Halbfertigprodukte.<\/p>\n<p data-start=\"582\" data-end=\"671\">Es hat die gleichen Eigenschaften wie das Harz von Cactus Juice, was es zu einer hervorragenden Alternative macht.<\/p>\n<p>Mehr sehen  <strong><a href=\"https:\/\/dtgrinder.com\/termekkategoria\/stabilisieren\/?lang=de&#038;v=18bd9197cb1d\">unsere Stabilisierungsprodukte hier.<\/a><\/strong><strong><br \/>\n<\/strong>Folgen Sie uns <strong><a href=\"https:\/\/www.facebook.com\/dtgrinder\/\" target=\"_blank\" rel=\"noopener\">auf Facebook und<\/a><\/strong> <strong><a href=\"https:\/\/www.instagram.com\/dt_grinder\" target=\"_blank\" rel=\"noopener\">Instagram<\/a><\/strong>!<\/p>\n","protected":false},"excerpt":{"rendered":"<p>Professionelles, w\u00e4rmeh\u00e4rtendes, stark absorbierendes Harz zur Stabilisierung von Holz und zur Impr\u00e4gnierung anderer por\u00f6ser Materialien.<\/p>\n","protected":false},"featured_media":29720,"comment_status":"open","ping_status":"closed","template":"","meta":[],"product_brand":[1621],"product_cat":[1686],"product_tag":[],"class_list":{"0":"post-29739","1":"product","2":"type-product","3":"status-publish","4":"has-post-thumbnail","6":"product_brand-dt-grinder-de","7":"product_cat-stabilisieren","9":"first","10":"instock","11":"taxable","12":"shipping-taxable","13":"purchasable","14":"product-type-simple"},"_links":{"self":[{"href":"https:\/\/dtgrinder.com\/de\/wp-json\/wp\/v2\/product\/29739","targetHints":{"allow":["GET"]}}],"collection":[{"href":"https:\/\/dtgrinder.com\/de\/wp-json\/wp\/v2\/product"}],"about":[{"href":"https:\/\/dtgrinder.com\/de\/wp-json\/wp\/v2\/types\/product"}],"replies":[{"embeddable":true,"href":"https:\/\/dtgrinder.com\/de\/wp-json\/wp\/v2\/comments?post=29739"}],"wp:featuredmedia":[{"embeddable":true,"href":"https:\/\/dtgrinder.com\/de\/wp-json\/wp\/v2\/media\/29720"}],"wp:attachment":[{"href":"https:\/\/dtgrinder.com\/de\/wp-json\/wp\/v2\/media?parent=29739"}],"wp:term":[{"taxonomy":"product_brand","embeddable":true,"href":"https:\/\/dtgrinder.com\/de\/wp-json\/wp\/v2\/product_brand?post=29739"},{"taxonomy":"product_cat","embeddable":true,"href":"https:\/\/dtgrinder.com\/de\/wp-json\/wp\/v2\/product_cat?post=29739"},{"taxonomy":"product_tag","embeddable":true,"href":"https:\/\/dtgrinder.com\/de\/wp-json\/wp\/v2\/product_tag?post=29739"}],"curies":[{"name":"wp","href":"https:\/\/api.w.org\/{rel}","templated":true}]}}