{"id":29645,"date":"2025-09-22T11:52:41","date_gmt":"2025-09-22T09:52:41","guid":{"rendered":"https:\/\/dtgrinder.com\/?post_type=product&#038;p=29645"},"modified":"2025-09-22T11:52:42","modified_gmt":"2025-09-22T09:52:42","slug":"stabilisiertes-griffplatten-paar-ahorn-45x130x10-4-masolat","status":"publish","type":"product","link":"https:\/\/dtgrinder.com\/de\/termek\/stabilisiertes-griffplatten-paar-ahorn-45x130x10-4-masolat\/","title":{"rendered":"Stabilisierte Platte Paar Messergriffe in Ahorn orange 48x126x10 \u00b1 2 [mm]"},"content":{"rendered":"<h2>Stabilisiertes Plattenpaar Messergriff Material Ahorn orange 48x126x10 \u00b1 2 [mm]<\/h2>\n<p>Dieses besondere Paar Griffe aus stabilisiertem Ahornholz ist ideal zum Halten von Messern und anderen hochwertigen Handwerksgegenst\u00e4nden. Die ausgepr\u00e4gte Maserung des Ahorns und die durch den Stabilisierungsprozess gewonnene Farbtiefe und Verschlei\u00dffestigkeit machen es sowohl f\u00fcr dekorative als auch f\u00fcr funktionale Zwecke geeignet. <\/p>\n<p>Merkmale:<\/p>\n<p>Material: vakuumstabilisiertes Ahornholz<\/p>\n<p>Packung: 1 Paar (links + rechts)<\/p>\n<p data-start=\"897\" data-end=\"961\">Gr\u00f6\u00dfe: 48x126x10 mm (2x) mit \u00b1 2 [mm] Toleranz<\/p>\n<p>Verwendung: f\u00fcr Messer und Messergriffe, dekorative Griffe<\/p>\n<p>Die Bilder zeigen genau das St\u00fcck, das Sie kaufen &#8211; jedes Paneelpaar ist ein Unikat und nur eines ist erh\u00e4ltlich.<\/p>\n<p>Sehen Sie sich mehr <a href=\"\/?product_cat=kes_alapanyagok&#038;srsltid=AfmBOoojPaNoiUL__a0SdbPNv3j5duERsk9zXDJu-55oHU2KgMSfUbva&amp;v=18bd9197cb1d\">von unseren Messermaterialien an!<\/a><br \/>\nFolgen Sie uns <strong><a href=\"https:\/\/www.facebook.com\/dtgrinder\/\" target=\"_blank\" rel=\"noopener\">auf Facebook<\/a><\/strong> und <strong><a href=\"https:\/\/www.instagram.com\/dt_grinder\" target=\"_blank\" rel=\"noopener\">Instagram<\/a>!<\/strong><\/p>\n","protected":false},"excerpt":{"rendered":"<p>Griffmaterial aus stabilisiertem Ahornholz f\u00fcr Messer, Taschenmesser und andere hochwertige Handwerksartikel.<\/p>\n","protected":false},"featured_media":29509,"comment_status":"open","ping_status":"closed","template":"","meta":[],"product_brand":[1621],"product_cat":[1051],"product_tag":[1096,1095,1094],"class_list":{"0":"post-29645","1":"product","2":"type-product","3":"status-publish","4":"has-post-thumbnail","6":"product_brand-dt-grinder-de","7":"product_cat-stabilisierte_griffmaterialien","8":"product_tag-material-des-messergriffs-de","9":"product_tag-plattenpaar-de","10":"product_tag-plattenpaar","12":"first","13":"instock","14":"taxable","15":"shipping-taxable","16":"purchasable","17":"product-type-variable"},"_links":{"self":[{"href":"https:\/\/dtgrinder.com\/de\/wp-json\/wp\/v2\/product\/29645","targetHints":{"allow":["GET"]}}],"collection":[{"href":"https:\/\/dtgrinder.com\/de\/wp-json\/wp\/v2\/product"}],"about":[{"href":"https:\/\/dtgrinder.com\/de\/wp-json\/wp\/v2\/types\/product"}],"replies":[{"embeddable":true,"href":"https:\/\/dtgrinder.com\/de\/wp-json\/wp\/v2\/comments?post=29645"}],"wp:featuredmedia":[{"embeddable":true,"href":"https:\/\/dtgrinder.com\/de\/wp-json\/wp\/v2\/media\/29509"}],"wp:attachment":[{"href":"https:\/\/dtgrinder.com\/de\/wp-json\/wp\/v2\/media?parent=29645"}],"wp:term":[{"taxonomy":"product_brand","embeddable":true,"href":"https:\/\/dtgrinder.com\/de\/wp-json\/wp\/v2\/product_brand?post=29645"},{"taxonomy":"product_cat","embeddable":true,"href":"https:\/\/dtgrinder.com\/de\/wp-json\/wp\/v2\/product_cat?post=29645"},{"taxonomy":"product_tag","embeddable":true,"href":"https:\/\/dtgrinder.com\/de\/wp-json\/wp\/v2\/product_tag?post=29645"}],"curies":[{"name":"wp","href":"https:\/\/api.w.org\/{rel}","templated":true}]}}