{"id":29402,"date":"2025-09-05T12:02:58","date_gmt":"2025-09-05T10:02:58","guid":{"rendered":"https:\/\/dtgrinder.com\/?post_type=product&#038;p=29402"},"modified":"2025-09-08T11:49:19","modified_gmt":"2025-09-08T09:49:19","slug":"fatcarbon-messergriffplatte-mars-valley","status":"publish","type":"product","link":"https:\/\/dtgrinder.com\/de\/termek\/fatcarbon-messergriffplatte-mars-valley\/","title":{"rendered":"fatcarbon\u00ae &#8222;Crosscut&#8220; Messergriffplatte &#8222;Mars Valley&#8220; 130x76x4 [mm]"},"content":{"rendered":"<h2>fatcarbon\u00ae &#8222;Crosscut&#8220; Messergriffplatte &#8222;Mars Valley&#8220; 130x76x4 [mm]<\/h2>\n<p data-start=\"204\" data-end=\"649\">Die &#8222;Crosscut&#8220; Kohlefaser-Verbundstoffbl\u00f6cke wurden speziell f\u00fcr Messermacher entwickelt.<\/p>\n<p data-start=\"770\" data-end=\"791\"><strong data-start=\"770\" data-end=\"789\">Wichtige Merkmale:<\/strong><\/p>\n<ul data-start=\"792\" data-end=\"1102\">\n<li data-start=\"792\" data-end=\"846\">Best\u00e4ndig gegen alle Reinigungsmittel, \u00d6le, Fette und milde S\u00e4uren<\/li>\n<li data-start=\"792\" data-end=\"846\">Langlebig, wasserfest, leicht zu bearbeiten und formstabil<\/li>\n<li data-start=\"923\" data-end=\"960\">\n<p data-start=\"925\" data-end=\"960\">Kann poliert, gestrichen, lackiert werden<\/p>\n<\/li>\n<li data-start=\"961\" data-end=\"1048\">\n<p data-start=\"963\" data-end=\"1048\">Farbige Kohlefaserplatten verbergen unterschiedliche Farbt\u00f6ne zwischen den einzelnen Schichten<\/p>\n<\/li>\n<\/ul>\n<p>Sehen Sie sich mehr <a href=\"\/?product_cat=kes_alapanyagok&amp;srsltid=AfmBOoojPaNoiUL__a0SdbPNv3j5duERsk9zXDJu-55oHU2KgMSfUbva&amp;v=18bd9197cb1d\">von unseren Messermaterialien an!<\/a><br \/>\nFolgen Sie uns <strong><a href=\"https:\/\/www.facebook.com\/dtgrinder\/\" target=\"_blank\" rel=\"noopener\">auf Facebook<\/a><\/strong> und <strong><a href=\"https:\/\/www.instagram.com\/dt_grinder\" target=\"_blank\" rel=\"noopener\">Instagram<\/a>!<\/strong><\/p>\n","protected":false},"excerpt":{"rendered":"<p>fatcarbon\u00ae &#8222;Crosscut&#8220; Messergriffplatte &#8222;Mars Valley&#8220; 130x76x4 [mm]. Block aus Kohlefaserverbundstoff, speziell f\u00fcr Messerhersteller entwickelt.<\/p>\n","protected":false},"featured_media":29405,"comment_status":"open","ping_status":"closed","template":"","meta":[],"product_brand":[1649],"product_cat":[1060],"product_tag":[1207,1077,1209,1208],"class_list":{"0":"post-29402","1":"product","2":"type-product","3":"status-publish","4":"has-post-thumbnail","6":"product_brand-fettkohle","7":"product_cat-fatcarbon_griffmaterialien","8":"product_tag-fettkohle","9":"product_tag-griffmaterial","10":"product_tag-material-des-messergriffs-de-2","11":"product_tag-verbundwerkstoff","13":"first","14":"onbackorder","15":"taxable","16":"shipping-taxable","17":"purchasable","18":"product-type-simple"},"_links":{"self":[{"href":"https:\/\/dtgrinder.com\/de\/wp-json\/wp\/v2\/product\/29402","targetHints":{"allow":["GET"]}}],"collection":[{"href":"https:\/\/dtgrinder.com\/de\/wp-json\/wp\/v2\/product"}],"about":[{"href":"https:\/\/dtgrinder.com\/de\/wp-json\/wp\/v2\/types\/product"}],"replies":[{"embeddable":true,"href":"https:\/\/dtgrinder.com\/de\/wp-json\/wp\/v2\/comments?post=29402"}],"wp:featuredmedia":[{"embeddable":true,"href":"https:\/\/dtgrinder.com\/de\/wp-json\/wp\/v2\/media\/29405"}],"wp:attachment":[{"href":"https:\/\/dtgrinder.com\/de\/wp-json\/wp\/v2\/media?parent=29402"}],"wp:term":[{"taxonomy":"product_brand","embeddable":true,"href":"https:\/\/dtgrinder.com\/de\/wp-json\/wp\/v2\/product_brand?post=29402"},{"taxonomy":"product_cat","embeddable":true,"href":"https:\/\/dtgrinder.com\/de\/wp-json\/wp\/v2\/product_cat?post=29402"},{"taxonomy":"product_tag","embeddable":true,"href":"https:\/\/dtgrinder.com\/de\/wp-json\/wp\/v2\/product_tag?post=29402"}],"curies":[{"name":"wp","href":"https:\/\/api.w.org\/{rel}","templated":true}]}}