{"id":29389,"date":"2025-09-05T11:46:59","date_gmt":"2025-09-05T09:46:59","guid":{"rendered":"https:\/\/dtgrinder.com\/?post_type=product&#038;p=29389"},"modified":"2025-09-08T11:32:59","modified_gmt":"2025-09-08T09:32:59","slug":"fatcarbon-messergriffmaterial-snow-fire-150x150x4-mm","status":"publish","type":"product","link":"https:\/\/dtgrinder.com\/de\/termek\/fatcarbon-messergriffmaterial-snow-fire-150x150x4-mm\/","title":{"rendered":"fatcarbon\u00ae Messergriffmaterial &#8222;Snow fire&#8220; 150x50x4 [mm]"},"content":{"rendered":"<h2>fatcarbon\u00ae Messergriffmaterial &#8222;Snow fire&#8220; 150x50x4 [mm]<\/h2>\n<p data-start=\"137\" data-end=\"338\">Der Kohlefaserverbundstoff &#8222;Snow Fire&#8220; schafft eine Harmonie zwischen ruhigem Schneewei\u00df und leuchtenden Rott\u00f6nen.<\/p>\n<p><strong>Es hat die folgenden Vorteile:<\/strong><\/p>\n<p>Geringes Gewicht, hohe Steifigkeit und Festigkeit, Korrosionsbest\u00e4ndigkeit, Dimensionsstabilit\u00e4t.<\/p>\n<p>Gut bearbeitbar.<\/p>\n<p>Langlebigkeit und \u00c4sthetik in einem.<\/p>\n<p>Dieses Kohlefasermaterial ist eine ausgezeichnete Wahl f\u00fcr Messergriffe, Liner oder dekorative Eins\u00e4tze. Es l\u00e4sst sich leicht mit einem Bandschleifer oder einem Fr\u00e4ser oder Hartmetallbohrer bearbeiten.<\/p>\n<p>Sehen Sie sich mehr <a href=\"\/?product_cat=kes_alapanyagok&amp;srsltid=AfmBOoojPaNoiUL__a0SdbPNv3j5duERsk9zXDJu-55oHU2KgMSfUbva&amp;v=18bd9197cb1d\">von unseren Messermaterialien an!<\/a><br \/>\nFolgen Sie uns <strong><a href=\"https:\/\/www.facebook.com\/dtgrinder\/\" target=\"_blank\" rel=\"noopener\">auf Facebook<\/a><\/strong> und <strong><a href=\"https:\/\/www.instagram.com\/dt_grinder\" target=\"_blank\" rel=\"noopener\">Instagram<\/a>!<\/strong><\/p>\n","protected":false},"excerpt":{"rendered":"<p>fatcarbon\u00ae Messergriffmaterial &#8222;Snow fire&#8220; 150x50x4 [mm]. Kohlefaserverbundstoff in wei\u00df und rot.<\/p>\n","protected":false},"featured_media":29392,"comment_status":"open","ping_status":"closed","template":"","meta":[],"product_brand":[1649],"product_cat":[1060],"product_tag":[1207,1077,1209,1208],"class_list":{"0":"post-29389","1":"product","2":"type-product","3":"status-publish","4":"has-post-thumbnail","6":"product_brand-fettkohle","7":"product_cat-fatcarbon_griffmaterialien","8":"product_tag-fettkohle","9":"product_tag-griffmaterial","10":"product_tag-material-des-messergriffs-de-2","11":"product_tag-verbundwerkstoff","13":"first","14":"instock","15":"taxable","16":"shipping-taxable","17":"purchasable","18":"product-type-simple"},"_links":{"self":[{"href":"https:\/\/dtgrinder.com\/de\/wp-json\/wp\/v2\/product\/29389","targetHints":{"allow":["GET"]}}],"collection":[{"href":"https:\/\/dtgrinder.com\/de\/wp-json\/wp\/v2\/product"}],"about":[{"href":"https:\/\/dtgrinder.com\/de\/wp-json\/wp\/v2\/types\/product"}],"replies":[{"embeddable":true,"href":"https:\/\/dtgrinder.com\/de\/wp-json\/wp\/v2\/comments?post=29389"}],"wp:featuredmedia":[{"embeddable":true,"href":"https:\/\/dtgrinder.com\/de\/wp-json\/wp\/v2\/media\/29392"}],"wp:attachment":[{"href":"https:\/\/dtgrinder.com\/de\/wp-json\/wp\/v2\/media?parent=29389"}],"wp:term":[{"taxonomy":"product_brand","embeddable":true,"href":"https:\/\/dtgrinder.com\/de\/wp-json\/wp\/v2\/product_brand?post=29389"},{"taxonomy":"product_cat","embeddable":true,"href":"https:\/\/dtgrinder.com\/de\/wp-json\/wp\/v2\/product_cat?post=29389"},{"taxonomy":"product_tag","embeddable":true,"href":"https:\/\/dtgrinder.com\/de\/wp-json\/wp\/v2\/product_tag?post=29389"}],"curies":[{"name":"wp","href":"https:\/\/api.w.org\/{rel}","templated":true}]}}