{"id":29259,"date":"2025-09-02T10:54:05","date_gmt":"2025-09-02T08:54:05","guid":{"rendered":"https:\/\/dtgrinder.com\/?post_type=product&#038;p=29259"},"modified":"2025-09-03T08:01:53","modified_gmt":"2025-09-03T06:01:53","slug":"messingmaterial-fur-backen-6-mm","status":"publish","type":"product","link":"https:\/\/dtgrinder.com\/de\/termek\/messingmaterial-fur-backen-6-mm\/","title":{"rendered":"Messingmaterial f\u00fcr Backen 6 [mm] dick in verschiedenen Gr\u00f6\u00dfen"},"content":{"rendered":"<h2 data-start=\"185\" data-end=\"414\">Messingmaterial f\u00fcr Backen 6 [mm] dick in verschiedenen Gr\u00f6\u00dfen<\/h2>\n<p>Ideal f\u00fcr die Herstellung von Messer und Messerbatik.<\/p>\n<p data-start=\"418\" data-end=\"446\"><strong data-start=\"418\" data-end=\"428\">Material:<\/strong> Messing (CuZn)<\/p>\n<p data-start=\"487\" data-end=\"564\"><strong data-start=\"487\" data-end=\"505\">Eigenschaften:<\/strong> gute Bearbeitbarkeit, Korrosionsbest\u00e4ndigkeit, \u00e4sthetische Oberfl\u00e4che<\/p>\n<p data-start=\"567\" data-end=\"644\"><strong data-start=\"567\" data-end=\"584\">Verwendung:<\/strong> f\u00fcr Messerrohlinge, Schlossplatten, dekorative Elemente, Custom Knives.<\/p>\n<p data-start=\"646\" data-end=\"747\">Die perfekte Wahl, wenn Sie ein zuverl\u00e4ssiges, formbares, klassisch aussehendes Nichteisenmetall ben\u00f6tigen.<\/p>\n","protected":false},"excerpt":{"rendered":"<p>Bakni-Material aus Messing, 6 [mm] dick, in verschiedenen Gr\u00f6\u00dfen. Die ideale Wahl f\u00fcr die Herstellung von Messer- und Taschenmessergriffen.<\/p>\n","protected":false},"featured_media":28628,"comment_status":"open","ping_status":"closed","template":"","meta":[],"product_brand":[1621],"product_cat":[1066,926],"product_tag":[],"class_list":{"0":"post-29259","1":"product","2":"type-product","3":"status-publish","4":"has-post-thumbnail","6":"product_brand-dt-grinder-de","7":"product_cat-buntmetalle_fur_den_messerbau","8":"product_cat-messermaterialien","10":"first","11":"instock","12":"taxable","13":"shipping-taxable","14":"purchasable","15":"product-type-variable"},"_links":{"self":[{"href":"https:\/\/dtgrinder.com\/de\/wp-json\/wp\/v2\/product\/29259","targetHints":{"allow":["GET"]}}],"collection":[{"href":"https:\/\/dtgrinder.com\/de\/wp-json\/wp\/v2\/product"}],"about":[{"href":"https:\/\/dtgrinder.com\/de\/wp-json\/wp\/v2\/types\/product"}],"replies":[{"embeddable":true,"href":"https:\/\/dtgrinder.com\/de\/wp-json\/wp\/v2\/comments?post=29259"}],"wp:featuredmedia":[{"embeddable":true,"href":"https:\/\/dtgrinder.com\/de\/wp-json\/wp\/v2\/media\/28628"}],"wp:attachment":[{"href":"https:\/\/dtgrinder.com\/de\/wp-json\/wp\/v2\/media?parent=29259"}],"wp:term":[{"taxonomy":"product_brand","embeddable":true,"href":"https:\/\/dtgrinder.com\/de\/wp-json\/wp\/v2\/product_brand?post=29259"},{"taxonomy":"product_cat","embeddable":true,"href":"https:\/\/dtgrinder.com\/de\/wp-json\/wp\/v2\/product_cat?post=29259"},{"taxonomy":"product_tag","embeddable":true,"href":"https:\/\/dtgrinder.com\/de\/wp-json\/wp\/v2\/product_tag?post=29259"}],"curies":[{"name":"wp","href":"https:\/\/api.w.org\/{rel}","templated":true}]}}