{"id":29234,"date":"2025-08-01T10:22:55","date_gmt":"2025-08-01T08:22:55","guid":{"rendered":"https:\/\/dtgrinder.com\/termek\/3m-cubitron-ii-984f-p36-50x789-mm-schleifband\/"},"modified":"2025-09-01T07:40:33","modified_gmt":"2025-09-01T05:40:33","slug":"3m-cubitron-ii-984f-p36-50x789-mm-schleifband","status":"publish","type":"product","link":"https:\/\/dtgrinder.com\/de\/termek\/3m-cubitron-ii-984f-p36-50x789-mm-schleifband\/","title":{"rendered":"3M\u2122 Cubitron\u2122 II 984F P36+ 50&#215;789 [mm] Schleifband"},"content":{"rendered":"<h2>3M\u2122 Cubitron\u2122 II 984F P36+ 50&#215;789 [mm] Schleifband<\/h2>\n<p>Das 3M\u2122 Cubitron\u2122 II 984F Gewebeband bietet dank seiner pr\u00e4zisionsgeformten 3M Metallschneidek\u00f6rner eine revolution\u00e4re Leistung. Die 984F B\u00e4nder enthalten Abrasionshilfsmittel, die sie ideal f\u00fcr Hochdruckanwendungen machen. <\/p>\n<ul class=\"sps2-pdp_details--highlights_list\">\n<li class=\"sps2-pdp_details--highlights_item mds-font_paragraph\">Minimieren Sie die Erm\u00fcdung des Bedieners, da die pr\u00e4zisionsgeformten K\u00f6rner von 3M weniger Schleifdruck erfordern.<\/li>\n<li class=\"sps2-pdp_details--highlights_item mds-font_paragraph\">Niedrigere Betriebstemperaturen reduzieren das Risiko von Rissbildung durch Verf\u00e4rbung und Hitze<\/li>\n<li class=\"sps2-pdp_details--highlights_item mds-font_paragraph\">3M pr\u00e4zisionsgeformte K\u00f6rner brechen in selbstsch\u00e4rfende Spitzen, die au\u00dfergew\u00f6hnlich schnell mahlen und die Produktivit\u00e4t erh\u00f6hen<\/li>\n<li class=\"sps2-pdp_details--highlights_item mds-font_paragraph\">Erh\u00f6hte Lebensdauer der B\u00e4nder, d.h. mehr bearbeitete Werkst\u00fccke pro Band und weniger Bandwechsel<\/li>\n<li class=\"sps2-pdp_details--highlights_item mds-font_paragraph\">Der \u201eYF\u201c-Gewichtstr\u00e4ger ist ideal f\u00fcr Anwendungen mit mittlerem bis hohem Druck aus Edelstahl, Kobalt-Chrom und Nickellegierungen<\/li>\n<\/ul>\n<p>Die 3M\u2122 Cubitron\u2122 II 984F Gewebeb\u00e4nder erm\u00f6glichen ein schnelles Schleifen mit weniger Hitze und sorgen f\u00fcr eine gleichbleibende Oberfl\u00e4cheng\u00fcte \u00fcber die gesamte Lebensdauer des Produkts, w\u00e4hrend sie gleichzeitig verhindern, dass das Werkst\u00fcck beim Schleifen verbrennt. Unsere Gewebeb\u00e4nder verwenden 3M\u2122 keramische Schleifk\u00f6rner, die elektrostatisch positioniert sind, um scharfe Spitzen zu bilden, die als separate Schneidwerkzeuge fungieren und schnell durch Metall schneiden. Diese Spitzen sch\u00e4rfen sich kontinuierlich, wenn sie abbrechen, und sorgen so f\u00fcr eine lange Lebensdauer und ein glattes Finish bei geringerem Schleifdruck. Das ist der Grund, warum unsere Bandprodukte besser schleifen und l\u00e4nger halten als herk\u00f6mmliche industrielle Keramikschleifmittel auf dem Markt. Sie haben eine Maschenl\u00f6sung, die ihre Festigkeit f\u00fcr Anwendungen mit mittlerem bis hohem Druck erh\u00f6ht. Unsere Schleifb\u00e4nder sind in einer Vielzahl von Breiten und Gr\u00f6\u00dfen erh\u00e4ltlich, so dass sie f\u00fcr fast alle industriellen Bandschleifer geeignet sind. Die schmalen B\u00e4nder werden f\u00fcr tragbare Bandschleifmaschinen zum Schleifen oder Einzelschleifen verwendet. Mittlere B\u00e4nder werden auf Gestellen zum Entzundern von Schwei\u00dfn\u00e4hten und Material verwendet, w\u00e4hrend breitere B\u00e4nder auf breiten Bandschleifern zum Entzundern von Blechen und Coils eingesetzt werden.       <\/p>\n<p>Werfen Sie einen Blick auf<strong> <a href=\"https:\/\/dtgrinder.com\/bandschleifmaschinen\/?lang=de\">unsere Bandschleifer<\/a><\/strong> damit Sie Ihre Schleifb\u00e4nder wirklich effizient einsetzen k\u00f6nnen!<\/p>\n<p>Folgen Sie uns <a href=\"https:\/\/www.facebook.com\/dtgrinder\/\" target=\"_blank\" rel=\"noopener\"><strong>Facebook<\/strong><\/a>-und <a href=\"https:\/\/www.instagram.com\/dt_grinder\" target=\"_blank\" rel=\"noopener\"><strong>Instagram<\/strong><\/a>-auf Instagram!<\/p>\n","protected":false},"excerpt":{"rendered":"<p>Das 3M\u2122 Cubitron\u2122 II 984F Gewebeband bietet dank seiner pr\u00e4zisionsgeformten 3M Metallschneidek\u00f6rner eine revolution\u00e4re Leistung. Die 984F Schleifb\u00e4nder enthalten Schleifhilfsmittel, die sie ideal f\u00fcr Hochdruckanwendungen machen. <\/p>\n","protected":false},"featured_media":17968,"comment_status":"open","ping_status":"closed","template":"","meta":[],"product_brand":[1628],"product_cat":[627,1638],"product_tag":[813,631,812,872,630,632],"class_list":{"0":"post-29234","1":"product","2":"type-product","3":"status-publish","4":"has-post-thumbnail","6":"product_brand-3m-de","7":"product_cat-schleifbander","8":"product_cat-schleifbander-50x789-mm","9":"product_tag-3m-cubitron-ii-de","10":"product_tag-abrasive-belts-de","11":"product_tag-cubitron-de","12":"product_tag-cubitron-984f-de","13":"product_tag-sandig-belts-de","14":"product_tag-schleifband-fur-messerherstellung","15":"product_shipping_class-bander","17":"first","18":"instock","19":"taxable","20":"shipping-taxable","21":"purchasable","22":"product-type-simple"},"_links":{"self":[{"href":"https:\/\/dtgrinder.com\/de\/wp-json\/wp\/v2\/product\/29234","targetHints":{"allow":["GET"]}}],"collection":[{"href":"https:\/\/dtgrinder.com\/de\/wp-json\/wp\/v2\/product"}],"about":[{"href":"https:\/\/dtgrinder.com\/de\/wp-json\/wp\/v2\/types\/product"}],"replies":[{"embeddable":true,"href":"https:\/\/dtgrinder.com\/de\/wp-json\/wp\/v2\/comments?post=29234"}],"wp:featuredmedia":[{"embeddable":true,"href":"https:\/\/dtgrinder.com\/de\/wp-json\/wp\/v2\/media\/17968"}],"wp:attachment":[{"href":"https:\/\/dtgrinder.com\/de\/wp-json\/wp\/v2\/media?parent=29234"}],"wp:term":[{"taxonomy":"product_brand","embeddable":true,"href":"https:\/\/dtgrinder.com\/de\/wp-json\/wp\/v2\/product_brand?post=29234"},{"taxonomy":"product_cat","embeddable":true,"href":"https:\/\/dtgrinder.com\/de\/wp-json\/wp\/v2\/product_cat?post=29234"},{"taxonomy":"product_tag","embeddable":true,"href":"https:\/\/dtgrinder.com\/de\/wp-json\/wp\/v2\/product_tag?post=29234"}],"curies":[{"name":"wp","href":"https:\/\/api.w.org\/{rel}","templated":true}]}}