{"id":29155,"date":"2025-08-26T09:58:42","date_gmt":"2025-08-26T07:58:42","guid":{"rendered":"https:\/\/dtgrinder.com\/?post_type=product&#038;p=29155"},"modified":"2025-09-03T07:57:00","modified_gmt":"2025-09-03T05:57:00","slug":"titanplatte-3-x-200-x-200-mm-gr2","status":"publish","type":"product","link":"https:\/\/dtgrinder.com\/de\/termek\/titanplatte-3-x-200-x-200-mm-gr2\/","title":{"rendered":"Titanplatte 3 x 200 x 200 [mm] GR2"},"content":{"rendered":"<h2>Titanplatte 3 x 200 x 200 [mm] GR2<\/h2>\n<p data-start=\"246\" data-end=\"538\">Titanplatten sind aufgrund ihres hervorragenden Verh\u00e4ltnisses von Festigkeit zu Gewicht, ihrer hervorragenden Korrosionsbest\u00e4ndigkeit und ihrer Langlebigkeit zu einem beliebten Material geworden. Sie sind etwa 40% leichter als Stahl und bieten dennoch eine hohe Festigkeit. Das macht sie ideal f\u00fcr Anwendungen, bei denen sowohl Haltbarkeit als auch geringes Gewicht wichtig sind.<\/p>\n<p data-start=\"540\" data-end=\"561\"><strong data-start=\"540\" data-end=\"559\">Wichtige Merkmale:<\/strong><\/p>\n<p data-start=\"564\" data-end=\"603\">Korrosionsbest\u00e4ndiges Material<\/p>\n<p data-start=\"606\" data-end=\"660\">Dichte: ~4,5 g\/cm\u00b3 (deutlich leichter als Stahl)<\/p>\n<p data-start=\"663\" data-end=\"695\">Gute Hitzebest\u00e4ndigkeit und Schwei\u00dfbarkeit<\/p>\n<p data-start=\"698\" data-end=\"750\">Verwendung: f\u00fcr Motherboards.<\/p>\n<p>Titan-Materialien werden in verschiedenen <strong data-start=\"268\" data-end=\"294\">mit &#8222;Grade&#8220;-Nummern (GR)<\/strong> markiert sind. Diese Nummer gibt die Festigkeit, H\u00e4rte und Bearbeitbarkeit des Materials an.<\/p>\n<p><strong data-start=\"804\" data-end=\"867\">GR2 (Reintitan, geringe Festigkeit, hohe Duktilit\u00e4t):<\/strong><br data-start=\"867\" data-end=\"870\" \/>Leicht zu formen, leicht zu bearbeiten. Es hat eine geringere Festigkeit, ist aber flexibel und leicht zu formen. Es ist ideal, wenn die leichte Bearbeitbarkeit eine wichtige Rolle spielt.<\/p>\n<p><strong data-start=\"1062\" data-end=\"1106\">GR3 (Zwischenl\u00f6sung, ein guter Kompromiss):<\/strong><br data-start=\"1106\" data-end=\"1109\" \/>St\u00e4rker als GR2, aber immer noch sehr formbar. Seine Korrosionsbest\u00e4ndigkeit ist ebenfalls ausgezeichnet. Eine gute Wahl, wenn Sie mehr Festigkeit ben\u00f6tigen, aber nicht v\u00f6llig auf die leichte Bearbeitbarkeit verzichten wollen.<\/p>\n<p><strong data-start=\"1317\" data-end=\"1353\">GR5 (legiertes Titan, Ti-6Al-4V):<\/strong><br data-start=\"1353\" data-end=\"1356\" \/>Die bekannteste und am meisten verwendete Titanlegierung. Sehr hohe Zugfestigkeit (\u00fcber ~1000 MPa), h\u00e4rter und haltbarer als Reintitan. Sie ist schwieriger zu formen, bietet aber das beste Verh\u00e4ltnis von Festigkeit zu Gewicht, was sie zur beliebtesten Wahl f\u00fcr industrielle und handwerkliche Anwendungen macht.<\/p>\n<p><strong data-start=\"1663\" data-end=\"1685\">Qualit\u00e4tssicherung:<\/strong> Die H\u00e4rte jeder Platte wird gemessen, so dass der Kunde garantiert immer ein kontrolliertes Material erh\u00e4lt.<\/p>\n<p>Sehen Sie unser komplettes Angebot an Messermaterialien <a href=\"\/?product_cat=kes_alapanyagok&amp;v=18bd9197cb1d\"><strong>indem Sie hier klicken.<\/strong><\/a><\/p>\n<p>Folgen Sie uns <a href=\"https:\/\/www.facebook.com\/dtgrinder\/\" target=\"_blank\" rel=\"noopener\"><strong>Facebook<\/strong><\/a>-und <strong><a href=\"https:\/\/www.instagram.com\/dt_grinder\" target=\"_blank\" rel=\"noopener\">Instagram<\/a>!<\/strong><\/p>\n","protected":false},"excerpt":{"rendered":"<p>Titanplatte 3 x 200 x 200 [mm] GR2. Titanplatten haben sich aufgrund ihres hervorragenden Verh\u00e4ltnisses von Festigkeit zu Gewicht, ihrer ausgezeichneten Korrosionsbest\u00e4ndigkeit und ihrer Langlebigkeit zu einem beliebten Material entwickelt. Sie sind etwa 40% leichter als Stahl und bieten dennoch eine hohe Festigkeit.<\/p>\n","protected":false},"featured_media":29150,"comment_status":"open","ping_status":"closed","template":"","meta":[],"product_brand":[1621],"product_cat":[1066,926],"product_tag":[1081,1606,1605],"class_list":{"0":"post-29155","1":"product","2":"type-product","3":"status-publish","4":"has-post-thumbnail","6":"product_brand-dt-grinder-de","7":"product_cat-buntmetalle_fur_den_messerbau","8":"product_cat-messermaterialien","9":"product_tag-material-des-messers","10":"product_tag-teller","11":"product_tag-titan-de","13":"first","14":"onbackorder","15":"taxable","16":"shipping-taxable","17":"purchasable","18":"product-type-simple"},"_links":{"self":[{"href":"https:\/\/dtgrinder.com\/de\/wp-json\/wp\/v2\/product\/29155","targetHints":{"allow":["GET"]}}],"collection":[{"href":"https:\/\/dtgrinder.com\/de\/wp-json\/wp\/v2\/product"}],"about":[{"href":"https:\/\/dtgrinder.com\/de\/wp-json\/wp\/v2\/types\/product"}],"replies":[{"embeddable":true,"href":"https:\/\/dtgrinder.com\/de\/wp-json\/wp\/v2\/comments?post=29155"}],"wp:featuredmedia":[{"embeddable":true,"href":"https:\/\/dtgrinder.com\/de\/wp-json\/wp\/v2\/media\/29150"}],"wp:attachment":[{"href":"https:\/\/dtgrinder.com\/de\/wp-json\/wp\/v2\/media?parent=29155"}],"wp:term":[{"taxonomy":"product_brand","embeddable":true,"href":"https:\/\/dtgrinder.com\/de\/wp-json\/wp\/v2\/product_brand?post=29155"},{"taxonomy":"product_cat","embeddable":true,"href":"https:\/\/dtgrinder.com\/de\/wp-json\/wp\/v2\/product_cat?post=29155"},{"taxonomy":"product_tag","embeddable":true,"href":"https:\/\/dtgrinder.com\/de\/wp-json\/wp\/v2\/product_tag?post=29155"}],"curies":[{"name":"wp","href":"https:\/\/api.w.org\/{rel}","templated":true}]}}