{"id":28633,"date":"2025-08-05T08:02:06","date_gmt":"2025-08-05T06:02:06","guid":{"rendered":"https:\/\/dtgrinder.com\/?post_type=product&#038;p=28633"},"modified":"2025-08-07T10:58:04","modified_gmt":"2025-08-07T08:58:04","slug":"messing-backen-material-5-x-20-x100-mm-masolat","status":"publish","type":"product","link":"https:\/\/dtgrinder.com\/de\/termek\/messing-backen-material-5-x-20-x100-mm-masolat\/","title":{"rendered":"Messingmaterial f\u00fcr Backen &#8211; 5 x 25 x100 [mm]"},"content":{"rendered":"<h2 data-start=\"185\" data-end=\"414\">Messingmaterial f\u00fcr Backen &#8211; 5 x 25 x100 [mm]<\/h2>\n<p data-start=\"185\" data-end=\"414\">Hochwertiges Messingblech, ideal f\u00fcr die Herstellung von Messergriffen, Schlossplatten oder dekorativen Elementen. Leicht zu bearbeiten, leicht zu polieren, seine angenehme goldene Farbe verleiht dem fertigen St\u00fcck ein elegantes Aussehen.<\/p>\n<p data-start=\"418\" data-end=\"446\"><strong data-start=\"418\" data-end=\"428\">Material:<\/strong> Messing (CuZn)<\/p>\n<p data-start=\"449\" data-end=\"484\"><strong data-start=\"449\" data-end=\"459\">Gr\u00f6\u00dfe:<\/strong> 5 x 25 x 100 [mm]<\/p>\n<p data-start=\"487\" data-end=\"564\"><strong data-start=\"487\" data-end=\"505\">Eigenschaften:<\/strong> gute Bearbeitbarkeit, Korrosionsbest\u00e4ndigkeit, \u00e4sthetische Oberfl\u00e4che<\/p>\n<p data-start=\"567\" data-end=\"644\"><strong data-start=\"567\" data-end=\"584\">Verwendung:<\/strong> Messerrohlinge, Schlossplatten, dekorative Elemente, f\u00fcr Custom Knives<\/p>\n<p data-start=\"646\" data-end=\"747\">Die perfekte Wahl, wenn Sie ein zuverl\u00e4ssiges, formbares, klassisch aussehendes Nichteisenmetall ben\u00f6tigen.<\/p>\n","protected":false},"excerpt":{"rendered":"<p data-start=\"185\" data-end=\"414\">Messingmaterial f\u00fcr Backen &#8211; 5 x 25 x 100 [mm]. Hochwertige Messingplatte, ideal f\u00fcr die Herstellung von Messer- und Messerbindungen, Schlossplatten oder dekorativen Elementen.<\/p>\n","protected":false},"featured_media":28628,"comment_status":"open","ping_status":"closed","template":"","meta":[],"product_brand":[1621],"product_cat":[1066],"product_tag":[],"class_list":{"0":"post-28633","1":"product","2":"type-product","3":"status-publish","4":"has-post-thumbnail","6":"product_brand-dt-grinder-de","7":"product_cat-buntmetalle_fur_den_messerbau","9":"first","10":"instock","11":"taxable","12":"shipping-taxable","13":"purchasable","14":"product-type-simple"},"_links":{"self":[{"href":"https:\/\/dtgrinder.com\/de\/wp-json\/wp\/v2\/product\/28633","targetHints":{"allow":["GET"]}}],"collection":[{"href":"https:\/\/dtgrinder.com\/de\/wp-json\/wp\/v2\/product"}],"about":[{"href":"https:\/\/dtgrinder.com\/de\/wp-json\/wp\/v2\/types\/product"}],"replies":[{"embeddable":true,"href":"https:\/\/dtgrinder.com\/de\/wp-json\/wp\/v2\/comments?post=28633"}],"wp:featuredmedia":[{"embeddable":true,"href":"https:\/\/dtgrinder.com\/de\/wp-json\/wp\/v2\/media\/28628"}],"wp:attachment":[{"href":"https:\/\/dtgrinder.com\/de\/wp-json\/wp\/v2\/media?parent=28633"}],"wp:term":[{"taxonomy":"product_brand","embeddable":true,"href":"https:\/\/dtgrinder.com\/de\/wp-json\/wp\/v2\/product_brand?post=28633"},{"taxonomy":"product_cat","embeddable":true,"href":"https:\/\/dtgrinder.com\/de\/wp-json\/wp\/v2\/product_cat?post=28633"},{"taxonomy":"product_tag","embeddable":true,"href":"https:\/\/dtgrinder.com\/de\/wp-json\/wp\/v2\/product_tag?post=28633"}],"curies":[{"name":"wp","href":"https:\/\/api.w.org\/{rel}","templated":true}]}}