{"id":28560,"date":"2025-08-01T10:41:29","date_gmt":"2025-08-01T08:41:29","guid":{"rendered":"https:\/\/dtgrinder.com\/?post_type=product&#038;p=28560"},"modified":"2025-08-01T10:41:29","modified_gmt":"2025-08-01T08:41:29","slug":"vsm-kv707x-schleifband-medium-p180-50x2000-mm-masolat","status":"publish","type":"product","link":"https:\/\/dtgrinder.com\/de\/termek\/vsm-kv707x-schleifband-medium-p180-50x2000-mm-masolat\/","title":{"rendered":"VSM KV707X Schleifband COARSE P100 50\u00d72000 [mm]"},"content":{"rendered":"<h2>VSM KV707X Schleifband COARSE P100 50\u00d72000 [mm]<\/h2>\n<p>Robustes Material zur Oberfl\u00e4chenbehandlung mit verst\u00e4rktem, dehnungsarmem, robustem Polyestertr\u00e4ger. Breites Anwendungsspektrum: vom Planieren bis zur Endbearbeitung von Oberfl\u00e4chen. <\/p>\n<p>Vorteile:<\/p>\n<ul>\n<li>Ideal zum Kalandrieren von Blechen auf Breitbandschleifmaschinen<\/li>\n<li>Einheitliche Oberfl\u00e4chenbehandlung<\/li>\n<li>Gute Anpassungsf\u00e4higkeit<\/li>\n<li>\u00c4u\u00dferst lange Lebensdauer<\/li>\n<li>Kein Verstopfen<\/li>\n<li>Geringe Erweiterbarkeit<\/li>\n<li>Wasserdicht<\/li>\n<\/ul>\n<p>Siehe auch<strong> <a href=\"https:\/\/dtgrinder.com\/bandschleifmaschinen\/?lang=de\">unsere Bandschleifer<\/a><\/strong> !<\/p>\n<p>Folgen Sie uns <a href=\"https:\/\/www.facebook.com\/dtgrinder\/\" target=\"_blank\" rel=\"noopener\"><strong>Facebook<\/strong><\/a>-und <a href=\"https:\/\/www.instagram.com\/dt_grinder\" target=\"_blank\" rel=\"noopener\"><strong>Instagram<\/strong><\/a>-auf Instagram!<\/p>\n","protected":false},"excerpt":{"rendered":"<p>VSM KV707X Schleifband COARSE P100 50\u00d72000 [mm]. Robustes Material f\u00fcr die Oberfl\u00e4chenbearbeitung mit verst\u00e4rkter, dehnungsarmer, robuster Polyesterunterlage. Breites Anwendungsspektrum: vom Entgraten bis zur Endbearbeitung von Oberfl\u00e4chen. Ideal f\u00fcr den Einsatz auf Breitbandmaschinen mit Seidenglanzplatten oder mit K\u00fchlmitteln zum Rohrschleifen.   <\/p>\n","protected":false},"featured_media":28564,"comment_status":"open","ping_status":"closed","template":"","meta":[],"product_brand":[1631],"product_cat":[627,771],"product_tag":[1536,1535,778],"class_list":{"0":"post-28560","1":"product","2":"type-product","3":"status-publish","4":"has-post-thumbnail","6":"product_brand-vsm-de","7":"product_cat-schleifbander","8":"product_cat-schleifbaender-50x2000-mm","9":"product_tag-grob","10":"product_tag-schleifband-50x2000","11":"product_tag-vsm-de","13":"first","14":"instock","15":"taxable","16":"shipping-taxable","17":"purchasable","18":"product-type-simple"},"_links":{"self":[{"href":"https:\/\/dtgrinder.com\/de\/wp-json\/wp\/v2\/product\/28560","targetHints":{"allow":["GET"]}}],"collection":[{"href":"https:\/\/dtgrinder.com\/de\/wp-json\/wp\/v2\/product"}],"about":[{"href":"https:\/\/dtgrinder.com\/de\/wp-json\/wp\/v2\/types\/product"}],"replies":[{"embeddable":true,"href":"https:\/\/dtgrinder.com\/de\/wp-json\/wp\/v2\/comments?post=28560"}],"wp:featuredmedia":[{"embeddable":true,"href":"https:\/\/dtgrinder.com\/de\/wp-json\/wp\/v2\/media\/28564"}],"wp:attachment":[{"href":"https:\/\/dtgrinder.com\/de\/wp-json\/wp\/v2\/media?parent=28560"}],"wp:term":[{"taxonomy":"product_brand","embeddable":true,"href":"https:\/\/dtgrinder.com\/de\/wp-json\/wp\/v2\/product_brand?post=28560"},{"taxonomy":"product_cat","embeddable":true,"href":"https:\/\/dtgrinder.com\/de\/wp-json\/wp\/v2\/product_cat?post=28560"},{"taxonomy":"product_tag","embeddable":true,"href":"https:\/\/dtgrinder.com\/de\/wp-json\/wp\/v2\/product_tag?post=28560"}],"curies":[{"name":"wp","href":"https:\/\/api.w.org\/{rel}","templated":true}]}}