{"id":27944,"date":"2025-07-22T12:58:20","date_gmt":"2025-07-22T10:58:20","guid":{"rendered":"https:\/\/dtgrinder.com\/?post_type=product&#038;p=27944"},"modified":"2026-04-18T17:08:45","modified_gmt":"2026-04-18T15:08:45","slug":"hermes-webrax-pn721-gelbes-polierband-50x2000-mm-masolat-2","status":"publish","type":"product","link":"https:\/\/dtgrinder.com\/de\/termek\/hermes-webrax-pn721-gelbes-polierband-50x2000-mm-masolat-2\/","title":{"rendered":"Hermes Webrax PN721 gelbes Polierband 30&#215;800 [mm]"},"content":{"rendered":"<h2 data-start=\"252\" data-end=\"567\">Hermes Webrax PN721 gelbes Polierband 30&#215;800 [mm]<\/h2>\n<p data-start=\"252\" data-end=\"567\">Das <strong data-start=\"254\" data-end=\"299\">gelbe Hermes Webrax PN721 Polierband<\/strong> ist eine ausgezeichnete Wahl f\u00fcr feine Polierarbeiten, bei denen eine homogene, gleichm\u00e4\u00dfige Oberfl\u00e4chenbeschaffenheit wichtig ist. Das offen gewebte Vliesmaterial hat sehr gute Pastenr\u00fcckhalteeigenschaften und ist daher ideal f\u00fcr die Verwendung mit einer Vielzahl von Polierpasten. <\/p>\n<h4 data-start=\"569\" data-end=\"593\"><strong data-start=\"574\" data-end=\"593\">Wichtige Merkmale:<\/strong><\/h4>\n<p data-start=\"645\" data-end=\"698\"><strong data-start=\"645\" data-end=\"657\">R\u00fcckseite:<\/strong> flexibler Vliesstoff<\/p>\n<p data-start=\"701\" data-end=\"716\"><strong data-start=\"701\" data-end=\"710\">Farbe:<\/strong> gelb<\/p>\n<p data-start=\"719\" data-end=\"792\"><strong data-start=\"719\" data-end=\"742\">Empfohlene Verwendung:<\/strong> Polieren, feine Oberfl\u00e4chenreinigung, Finishing<\/p>\n<h4 data-start=\"794\" data-end=\"823\"><strong data-start=\"799\" data-end=\"823\">Vorschlag zur Verwendung:<\/strong><\/h4>\n<p data-start=\"824\" data-end=\"1165\">Das Band bietet optimale Leistung bei der Verwendung von Polierpasten. Verschiedene Pasten (z.B. Vorpolieren, Polieren, Hochglanzpolieren) haben unterschiedliche Eigenschaften &#8211; daher wird <strong data-start=\"1018\" data-end=\"1070\">die Verwendung eines separaten Bandes f\u00fcr jeden Typ empfohlen<\/strong>. Dies verhindert ein Vermischen der Pasten und sorgt f\u00fcr einen sauberen, konsistenten Arbeitsablauf.  <\/p>\n<h4 data-start=\"1167\" data-end=\"1184\"><strong data-start=\"1172\" data-end=\"1184\">Vorteile:<\/strong><\/h4>\n<p data-start=\"1187\" data-end=\"1210\">Ausgezeichnete Oberfl\u00e4chenqualit\u00e4t<\/p>\n<p data-start=\"1213\" data-end=\"1230\">Langes Leben<\/p>\n<p>Einfache Verwendung sowohl bei maschinellen als auch bei manuellen Bandf\u00fchrungen<\/p>\n<p data-start=\"1294\" data-end=\"1328\">Effiziente Aufnahme und Lagerung von Pasten<\/p>\n<p>Folgen Sie uns  <strong><a href=\"https:\/\/www.facebook.com\/dtgrinder\/\" target=\"_blank\" rel=\"noopener\">Auf Facebook<\/a><\/strong>  und  <strong><a href=\"https:\/\/www.instagram.com\/dt_grinder\" target=\"_blank\" rel=\"noopener\">Auf Instagram<\/a>!<\/strong><\/p>\n","protected":false},"excerpt":{"rendered":"<p data-start=\"252\" data-end=\"567\">Hermes Webrax PN721 gelbes Polierband 30&#215;800 [mm]. Das gelbe Hermes Webrax PN721 Polierband ist eine ausgezeichnete Wahl f\u00fcr feine Polierarbeiten, bei denen ein homogenes, gleichm\u00e4\u00dfiges Oberfl\u00e4chenfinish wichtig ist. Das offen gewebte Vliesmaterial verf\u00fcgt \u00fcber ausgezeichnete Pastenr\u00fcckhalteeigenschaften, wodurch es sich ideal f\u00fcr die Verwendung mit einer Vielzahl von Polierpasten eignet.  <\/p>\n","protected":false},"featured_media":27933,"comment_status":"open","ping_status":"closed","template":"","meta":[],"product_brand":[1621],"product_cat":[638],"product_tag":[1360,1359],"class_list":{"0":"post-27944","1":"product","2":"type-product","3":"status-publish","4":"has-post-thumbnail","6":"product_brand-dt-grinder-de","7":"product_cat-schleifbander-30x800-mm","8":"product_tag-polierband","9":"product_tag-reinigungsband","11":"first","12":"instock","13":"taxable","14":"shipping-taxable","15":"purchasable","16":"product-type-simple"},"_links":{"self":[{"href":"https:\/\/dtgrinder.com\/de\/wp-json\/wp\/v2\/product\/27944","targetHints":{"allow":["GET"]}}],"collection":[{"href":"https:\/\/dtgrinder.com\/de\/wp-json\/wp\/v2\/product"}],"about":[{"href":"https:\/\/dtgrinder.com\/de\/wp-json\/wp\/v2\/types\/product"}],"replies":[{"embeddable":true,"href":"https:\/\/dtgrinder.com\/de\/wp-json\/wp\/v2\/comments?post=27944"}],"wp:featuredmedia":[{"embeddable":true,"href":"https:\/\/dtgrinder.com\/de\/wp-json\/wp\/v2\/media\/27933"}],"wp:attachment":[{"href":"https:\/\/dtgrinder.com\/de\/wp-json\/wp\/v2\/media?parent=27944"}],"wp:term":[{"taxonomy":"product_brand","embeddable":true,"href":"https:\/\/dtgrinder.com\/de\/wp-json\/wp\/v2\/product_brand?post=27944"},{"taxonomy":"product_cat","embeddable":true,"href":"https:\/\/dtgrinder.com\/de\/wp-json\/wp\/v2\/product_cat?post=27944"},{"taxonomy":"product_tag","embeddable":true,"href":"https:\/\/dtgrinder.com\/de\/wp-json\/wp\/v2\/product_tag?post=27944"}],"curies":[{"name":"wp","href":"https:\/\/api.w.org\/{rel}","templated":true}]}}