{"id":27822,"date":"2025-07-21T09:50:20","date_gmt":"2025-07-21T07:50:20","guid":{"rendered":"https:\/\/dtgrinder.com\/?post_type=product&#038;p=27822"},"modified":"2025-08-30T11:16:15","modified_gmt":"2025-08-30T09:16:15","slug":"endloslederband-30x1000-mm-gratis-scharfpaste","status":"publish","type":"product","link":"https:\/\/dtgrinder.com\/de\/termek\/endloslederband-30x1000-mm-gratis-scharfpaste\/","title":{"rendered":"Endlos-Lederband 30&#215;1000 [mm] + Geschenk-Sch\u00e4rfpaste"},"content":{"rendered":"<h2>Endlos-Lederband 30&#215;1000 [mm] + <a href=\"http:\/\/V%C3%A9gtelen%C3%ADtett%20b%C5%91rszalag%2030x1000%20%5Bmm%5D%20+%20Aj%C3%A1nd%C3%A9k%20%C3%A9lez%C5%91paszta\">Geschenk-Sch\u00e4rfpaste<\/a><\/h2>\n<p>Material der Basis: Rindsleder<\/p>\n<p>F\u00fcr die DT Grinder Sch\u00e4rfmethodik haben wir unser Lederband entwickelt, das dazu dient, den beim Sch\u00e4rfen entstandenen Grat abzutrennen und das Kantenband fertigzustellen. Zur Verwendung mit Sch\u00e4rfpaste.<\/p>\n<p>Der Lederriemen kann f\u00fcr den <a href=\"https:\/\/dtgrinder.com\/termek\/dtg-bg1000-bandschleifmaschine-30x1000-mm\/?lang=de&#038;v=18bd9197cb1d\">DTG-BG1000 Bandschleifer<\/a> verwendet werden.<\/p>\n<p>Aufgrund der Beschaffenheit des Rohmaterials und des Spannmechanismus der verwendeten Maschine kann sich das Band bei den ersten Anwendungen um bis zu 5% der Bandl\u00e4nge dehnen. Dies sollte von den verwendeten Ger\u00e4ten \u00fcberwacht werden.<br \/>\nSeitliche Bewegungen w\u00e4hrend des Gebrauchs sind aufgrund der Produktionstechnologie und der Materialqualit\u00e4t bis zu \u00b12% der Nennbreite des Bandes zul\u00e4ssig.<\/p>\n<p>Die folgenden Gebrauchsanweisungen m\u00fcssen f\u00fcr alle Lederriemen befolgt werden:<\/p>\n<ul>\n<li>Maximal anwendbare Bandgeschwindigkeit: 12 [m\/sec]<\/li>\n<li>Tragen Sie bei der Anwendung eine Paste auf.<\/li>\n<li>Sch\u00fctzen Sie es vor \u00dcberhitzung!<\/li>\n<li>Sch\u00fctzen Sie sich vor Feuchtigkeit!<\/li>\n<li>Verwenden Sie das Band nur in Drehrichtung.<\/li>\n<li>Nehmen Sie das Produkt nach dem Gebrauch aus dem Spannmechanismus, damit es sich nicht dehnt.<\/li>\n<\/ul>\n<p><strong>Wenn Sie die Anweisungen befolgen, k\u00f6nnen Sie die Lebensdauer Ihres Lederbandes verl\u00e4ngern!<\/strong><\/p>\n<p>Folgen Sie uns <a href=\"https:\/\/www.facebook.com\/dtgrinder\/\" target=\"_blank\" rel=\"noopener\"><strong>Facebook<\/strong><\/a>-und <strong><a href=\"https:\/\/www.instagram.com\/dt_grinder\" target=\"_blank\" rel=\"noopener\">Instagram<\/a>!<\/strong><\/p>\n","protected":false},"excerpt":{"rendered":"<p>Endlos-Lederband\u00a030&#215;1000 [mm] + Geschenk-Schleifpaste. Das Lederband kann auf dem <a href=\"https:\/\/dtgrinder.com\/termek\/dtg-bg1000-bandschleifmaschine-30x1000-mm\/?lang=de&#038;v=18bd9197cb1d\">Bandschleifer DTG-BG1000<\/a> verwendet werden.<\/p>\n","protected":false},"featured_media":18047,"comment_status":"open","ping_status":"closed","template":"","meta":[],"product_brand":[1621],"product_cat":[762],"product_tag":[1275,1258,712],"class_list":{"0":"post-27822","1":"product","2":"type-product","3":"status-publish","4":"has-post-thumbnail","6":"product_brand-dt-grinder-de","7":"product_cat-endlose-lederbaender","8":"product_tag-lederband","9":"product_tag-messer-scharfen","10":"product_tag-schleifen","11":"product_shipping_class-bander","13":"first","14":"instock","15":"taxable","16":"shipping-taxable","17":"purchasable","18":"product-type-simple"},"_links":{"self":[{"href":"https:\/\/dtgrinder.com\/de\/wp-json\/wp\/v2\/product\/27822","targetHints":{"allow":["GET"]}}],"collection":[{"href":"https:\/\/dtgrinder.com\/de\/wp-json\/wp\/v2\/product"}],"about":[{"href":"https:\/\/dtgrinder.com\/de\/wp-json\/wp\/v2\/types\/product"}],"replies":[{"embeddable":true,"href":"https:\/\/dtgrinder.com\/de\/wp-json\/wp\/v2\/comments?post=27822"}],"wp:featuredmedia":[{"embeddable":true,"href":"https:\/\/dtgrinder.com\/de\/wp-json\/wp\/v2\/media\/18047"}],"wp:attachment":[{"href":"https:\/\/dtgrinder.com\/de\/wp-json\/wp\/v2\/media?parent=27822"}],"wp:term":[{"taxonomy":"product_brand","embeddable":true,"href":"https:\/\/dtgrinder.com\/de\/wp-json\/wp\/v2\/product_brand?post=27822"},{"taxonomy":"product_cat","embeddable":true,"href":"https:\/\/dtgrinder.com\/de\/wp-json\/wp\/v2\/product_cat?post=27822"},{"taxonomy":"product_tag","embeddable":true,"href":"https:\/\/dtgrinder.com\/de\/wp-json\/wp\/v2\/product_tag?post=27822"}],"curies":[{"name":"wp","href":"https:\/\/api.w.org\/{rel}","templated":true}]}}