{"id":27793,"date":"2025-07-21T07:52:15","date_gmt":"2025-07-21T05:52:15","guid":{"rendered":"https:\/\/dtgrinder.com\/?post_type=product&#038;p=27793"},"modified":"2025-08-30T11:11:58","modified_gmt":"2025-08-30T09:11:58","slug":"3m-ceramic-947d-x-p60-30x800-mm-schleifband-masolat","status":"publish","type":"product","link":"https:\/\/dtgrinder.com\/de\/termek\/3m-ceramic-947d-x-p60-30x800-mm-schleifband-masolat\/","title":{"rendered":"3M\u2122 CERAMIC 947D X P60 30&#215;1000 [mm] Schleifband"},"content":{"rendered":"<h2 class=\"mds-font_paragraph MMM--gapBottom\">3M\u2122 CERAMIC 947D X P60 30&#215;1000 [mm] Schleifband<\/h2>\n<p class=\"mds-font_paragraph MMM--gapBottom\">Das 3M\u2122 Ceramic 947D Schleifband bietet eine hervorragende Schleifleistung auf einer Vielzahl von Metallen, einschlie\u00dflich Nickel und rostfreien St\u00e4hlen. Hergestellt aus einer Mischung aus Aluminiumoxid und Keramikpartikeln, ist es ein langlebiges Band. Es arbeitet schnell und gleichm\u00e4\u00dfig und sorgt f\u00fcr ein glattes Oberfl\u00e4chenfinish.<\/p>\n<p>Vorteile:<\/p>\n<p>Hervorragend geeignet zum Schleifen von Metallen, einschlie\u00dflich rostfreiem Stahl und Nickellegierungen<\/p>\n<p>X Baumwollunterlage widersteht aggressivem Schleifen<\/p>\n<p>Spezielle Schleifhilfe reduziert Hitze und Schleiftemperatur<\/p>\n<p>Bietet au\u00dfergew\u00f6hnliche Oberfl\u00e4chen auf einer Vielzahl von Metalloberfl\u00e4chen<\/p>\n<p>Die Keramik-Aluminiumoxid-Mischung bietet eine hervorragende Schnittgeschwindigkeit und Haltbarkeit f\u00fcr eine verbesserte Leistung<\/p>\n<p>Das 3M\u2122 Cloth Belt 947D enth\u00e4lt eine reibungsmindernde Schleifhilfe, die bei Anwendungen mit mittlerem bis hohem Druck zur K\u00fchlung des Schleifmittels beitr\u00e4gt. Diese Schleifhilfe hilft, thermische Sch\u00e4den am Band und Verf\u00e4rbungen der Werkst\u00fcckoberfl\u00e4che zu verhindern. Dank dieser Eigenschaft und der halbflexiblen X-weight Unterlage eignet sich das Cloth Belt 947D f\u00fcr Projekte, die langlebige Hochleistungsschleifmittel erfordern.<\/p>\n<p>Werfen Sie einen Blick auf<strong> <a href=\"https:\/\/dtgrinder.com\/bandschleifmaschinen\/?lang=de\">unsere Bandschleifer<\/a><\/strong> !<\/p>\n<p>Folgen Sie uns <a href=\"https:\/\/www.facebook.com\/dtgrinder\/\" target=\"_blank\" rel=\"noopener\"><strong>Facebook<\/strong><\/a>-und <a href=\"https:\/\/www.instagram.com\/dt_grinder\" target=\"_blank\" rel=\"noopener\"><strong>Instagram<\/strong><\/a>-auf Instagram!<\/p>\n","protected":false},"excerpt":{"rendered":"<p>Das 3M\u2122 Ceramic 947D Schleifband bietet eine hervorragende Schleifleistung auf einer Vielzahl von Metallen, einschlie\u00dflich Nickel und rostfreien St\u00e4hlen. Hergestellt aus einer Mischung aus Aluminiumoxid und Keramikpartikeln, ist es ein langlebiges Band. Es arbeitet schnell und gleichm\u00e4\u00dfig und sorgt f\u00fcr ein glattes Oberfl\u00e4chenfinish.<\/p>\n","protected":false},"featured_media":17907,"comment_status":"open","ping_status":"closed","template":"","meta":[],"product_brand":[1628],"product_cat":[627,1262,637],"product_tag":[1270,912,1269,1268,631,1267,1266,630,632],"class_list":{"0":"post-27793","1":"product","2":"type-product","3":"status-publish","4":"has-post-thumbnail","6":"product_brand-3m-de","7":"product_cat-schleifbander","8":"product_cat-abrasive-belts-in-size-30x1000-mm-de","9":"product_cat-schleifmaschinen-zubehor","10":"product_tag-30x800-de","11":"product_tag-3m-de","12":"product_tag-3m-keramik","13":"product_tag-947d-de","14":"product_tag-abrasive-belts-de","15":"product_tag-keramik-947d","16":"product_tag-messerscharfer","17":"product_tag-sandig-belts-de","18":"product_tag-schleifband-fur-messerherstellung","19":"product_shipping_class-bander","21":"first","22":"instock","23":"taxable","24":"shipping-taxable","25":"purchasable","26":"product-type-simple"},"_links":{"self":[{"href":"https:\/\/dtgrinder.com\/de\/wp-json\/wp\/v2\/product\/27793","targetHints":{"allow":["GET"]}}],"collection":[{"href":"https:\/\/dtgrinder.com\/de\/wp-json\/wp\/v2\/product"}],"about":[{"href":"https:\/\/dtgrinder.com\/de\/wp-json\/wp\/v2\/types\/product"}],"replies":[{"embeddable":true,"href":"https:\/\/dtgrinder.com\/de\/wp-json\/wp\/v2\/comments?post=27793"}],"wp:featuredmedia":[{"embeddable":true,"href":"https:\/\/dtgrinder.com\/de\/wp-json\/wp\/v2\/media\/17907"}],"wp:attachment":[{"href":"https:\/\/dtgrinder.com\/de\/wp-json\/wp\/v2\/media?parent=27793"}],"wp:term":[{"taxonomy":"product_brand","embeddable":true,"href":"https:\/\/dtgrinder.com\/de\/wp-json\/wp\/v2\/product_brand?post=27793"},{"taxonomy":"product_cat","embeddable":true,"href":"https:\/\/dtgrinder.com\/de\/wp-json\/wp\/v2\/product_cat?post=27793"},{"taxonomy":"product_tag","embeddable":true,"href":"https:\/\/dtgrinder.com\/de\/wp-json\/wp\/v2\/product_tag?post=27793"}],"curies":[{"name":"wp","href":"https:\/\/api.w.org\/{rel}","templated":true}]}}