{"id":27741,"date":"2025-07-18T09:33:36","date_gmt":"2025-07-18T07:33:36","guid":{"rendered":"https:\/\/dtgrinder.com\/?post_type=product&#038;p=27741"},"modified":"2025-07-23T13:03:02","modified_gmt":"2025-07-23T11:03:02","slug":"zweikomponentenkleber-30-min-united-sealants-epoxy-standard-25ml-doppelspritze-masolat-3","status":"publish","type":"product","link":"https:\/\/dtgrinder.com\/de\/termek\/zweikomponentenkleber-30-min-united-sealants-epoxy-standard-25ml-doppelspritze-masolat-3\/","title":{"rendered":"Zweikomponentenkleber (5min) United Sealants Epoxy Rapid 25ml &#8211; Doppelspritze"},"content":{"rendered":"<div>\n<h2 class=\"field field-body field-type-text-with-summary field-label-hidden field-item\">United Sealants Epoxy rapid ist ein 2-komponentiger, schnell aush\u00e4rtender (5 Minuten), hochfester, farbloser, l\u00f6sungsmittelfreier Klebstoff.<\/h2>\n<div class=\"field field-body field-type-text-with-summary field-label-hidden field-item\">Hervorragende Klebekraft auf einer Vielzahl von Materialien, z.B. Aluminium, Kupfer, Stahl, Messing, Beton, FK\/SMC, Holz, Glas, Kunststoff, Keramik, lackiertes Metall, Graphit, Polyurethan, verzinktes Metall, Hartplastik, Gummi, Leder, usw. Au\u00dfer: PP, PE, PTFE.<\/div>\n<div><\/div>\n<\/div>\n<div>\n<div class=\"field field-field-tulajdonsagok field-type-text-long field-label-above\">\n<div class=\"field-label\">Eigenschaften<\/div>\n<div class=\"field-item\">\n<ul>\n<li>F\u00fcr visuell anspruchsvolle Verklebungen<\/li>\n<li>Transparent und l\u00f6sungsmittelfrei<\/li>\n<li>F\u00fcr schnelle, transparente Installationen und Reparaturen<\/li>\n<li>Ein universelles Bindemittel f\u00fcr eine Vielzahl von Materialkombinationen<\/li>\n<li>Dauerhafte Best\u00e4ndigkeit gegen Wasser, Benzin und \u00d6l<\/li>\n<li>Rei\u00df- und sto\u00dffest, langlebig<\/li>\n<li>Nachbearbeitung ist m\u00f6glich (Schleifen, Bohren und Lackieren)<\/li>\n<\/ul>\n<\/div>\n<\/div>\n<\/div>\n<div>\n<div class=\"field field-field-alkalmazas field-type-text-long field-label-above\">\n<div class=\"field-label\">Anwendung<\/div>\n<div class=\"field-item\">\n<p>Die Oberfl\u00e4chen m\u00fcssen von Fett, Staub und Schmutz sowie Rost befreit werden. Es ist ratsam, die Oberfl\u00e4che mit Schleifpapier abzureiben, um die Haftkraft des Klebers zu erh\u00f6hen. \u00d6ffnen Sie die Doppelspritze und dr\u00fccken Sie, bis beide Zutaten gleichm\u00e4\u00dfig herauskommen. Stecken Sie die entsprechende Mischspitze auf die Spritze. F\u00fchren Sie vor dem Gebrauch einen kurzen Dosiertest an einem geeigneten Testst\u00fcck durch. Geben Sie eine angemessene Menge Klebstoff auf die zu verbindenden Teile, um sicherzustellen, dass beim Zusammenpressen der Teile ein Mindestspalt von 0,1-0,2 mm verbleibt. Die zu verklebenden Teile m\u00fcssen zusammengef\u00fcgt werden. Entfernen Sie vor dem Aush\u00e4rten des Klebstoffs alle R\u00fcckst\u00e4nde der Klebstoffkomponenten und des gemischten Klebstoffs mit einem geeigneten Reinigungsmittel. Entfernen und entsorgen Sie das Mischrohr nach Gebrauch und achten Sie darauf, dass die Enden der Zwillingsspritze nicht mit den Klebstoffkomponenten in Ber\u00fchrung kommen. Verschlie\u00dfen Sie die Zwillingsspritze.<\/p>\n<\/div>\n<\/div>\n<\/div>\n<div>\n<div class=\"field field-field-felulet-allapota field-type-string field-label-inline\">\n<div class=\"field-label\">Zustand der Oberfl\u00e4che<\/div>\n<div class=\"field-item\">sauber, trocken, fett- und staubfrei<\/div>\n<\/div>\n<\/div>\n<div><\/div>\n<div>\n<div class=\"field field-field-hoellenallas field-type-string field-label-inline\">\n<div class=\"field-label\">Thermischer Widerstand<\/div>\n<div class=\"field-item\">-Von -40\u00b0C bis +12<\/div>\n<\/div>\n<\/div>\n","protected":false},"excerpt":{"rendered":"<div class=\"field-label\">United Sealants Epoxy rapid ist ein 2-komponentiger, schnell abbindender (5min), hochfester, farbloser, l\u00f6sungsmittelfreier Klebstoff. Hervorragende Haftung auf einer Vielzahl von Materialien, z.B. Aluminium, Kupfer, Stahl, Messing, Beton, FK\/SMC, Holz, Glas, Kunststoff, Keramik, lackiertes Metall, Graphit, Polyurethan, verzinktes Metall, harte Kunststoffe, Gummi, Leder, usw. Ausgenommen PP, PE, PTFE.<\/div>\n","protected":false},"featured_media":27738,"comment_status":"open","ping_status":"closed","template":"","meta":[],"product_brand":[1621],"product_cat":[880],"product_tag":[],"class_list":{"0":"post-27741","1":"product","2":"type-product","3":"status-publish","4":"has-post-thumbnail","6":"product_brand-dt-grinder-de","7":"product_cat-sonstiges-nuetzliches-zubehoer","8":"product_shipping_class-bander","10":"first","11":"instock","12":"taxable","13":"shipping-taxable","14":"purchasable","15":"product-type-simple"},"_links":{"self":[{"href":"https:\/\/dtgrinder.com\/de\/wp-json\/wp\/v2\/product\/27741","targetHints":{"allow":["GET"]}}],"collection":[{"href":"https:\/\/dtgrinder.com\/de\/wp-json\/wp\/v2\/product"}],"about":[{"href":"https:\/\/dtgrinder.com\/de\/wp-json\/wp\/v2\/types\/product"}],"replies":[{"embeddable":true,"href":"https:\/\/dtgrinder.com\/de\/wp-json\/wp\/v2\/comments?post=27741"}],"wp:featuredmedia":[{"embeddable":true,"href":"https:\/\/dtgrinder.com\/de\/wp-json\/wp\/v2\/media\/27738"}],"wp:attachment":[{"href":"https:\/\/dtgrinder.com\/de\/wp-json\/wp\/v2\/media?parent=27741"}],"wp:term":[{"taxonomy":"product_brand","embeddable":true,"href":"https:\/\/dtgrinder.com\/de\/wp-json\/wp\/v2\/product_brand?post=27741"},{"taxonomy":"product_cat","embeddable":true,"href":"https:\/\/dtgrinder.com\/de\/wp-json\/wp\/v2\/product_cat?post=27741"},{"taxonomy":"product_tag","embeddable":true,"href":"https:\/\/dtgrinder.com\/de\/wp-json\/wp\/v2\/product_tag?post=27741"}],"curies":[{"name":"wp","href":"https:\/\/api.w.org\/{rel}","templated":true}]}}