{"id":27241,"date":"2025-07-15T13:25:46","date_gmt":"2025-07-15T11:25:46","guid":{"rendered":"https:\/\/dtgrinder.com\/?post_type=product&#038;p=27241"},"modified":"2026-04-15T11:37:08","modified_gmt":"2026-04-15T09:37:08","slug":"drehstrom-elektromotor-15-kw-2800-u-min-220-380v-version-b34-mit-kleinem-flansch-und-sockel-masolat","status":"publish","type":"product","link":"https:\/\/dtgrinder.com\/de\/termek\/drehstrom-elektromotor-15-kw-2800-u-min-220-380v-version-b34-mit-kleinem-flansch-und-sockel-masolat\/","title":{"rendered":"Drehstrom-Elektromotor &#8211; 2,2 kW \/ 2800 U\/min \/ 220\/380V \/ Version B34 &#8211; mit kleinem Flansch und Sockel"},"content":{"rendered":"<h2>Drehstrom-Elektromotor &#8211; 2,2 kW \/ 2800 U\/min \/ 220\/380V \/ Version B34 &#8211; mit kleinem Flansch und Sockel<\/h2>\n<p>Dieser zuverl\u00e4ssige Hochgeschwindigkeits-Drehstrommotor ist eine ausgezeichnete Wahl f\u00fcr den Antrieb von Industrieger\u00e4ten, bei denen ein schneller und stabiler Betrieb wichtig ist. Mit einer Leistung von 2,2 kW und einer Nenndrehzahl von 2.800 U\/min ist er ideal f\u00fcr Hochgeschwindigkeitsmaschinen wie Bandschleifer, Ventilatoren, Pumpen oder Schleifmaschinen.<\/p>\n<p>Der Motor ist in B34-Bauweise ausgef\u00fchrt, d.h. mit einem fu\u00dfkleinen Flansch, so dass er einfach und stabil auf Maschinengestellen oder Montagerahmen montiert werden kann. Der Elektromotor hat Parameter, die der europ\u00e4ischen Norm entsprechen, so dass er leicht ausgetauscht oder in bestehende Systeme integriert werden kann.<\/p>\n<p>Das IP55-zertifizierte Geh\u00e4use ist staub- und spritzwassergesch\u00fctzt, was den Motor ideal f\u00fcr den Dauereinsatz in einer Werkstatt oder Fabrikumgebung macht.<\/p>\n<p>Dieses Modell ist die ideale Wahl f\u00fcr dreiphasige Anwendungen mit h\u00f6heren Leistungs- und Geschwindigkeitsanforderungen, bei denen Stabilit\u00e4t, Pr\u00e4zision und Langlebigkeit an erster Stelle stehen.<\/p>\n<p>Wir verwenden diese Elektromotoren seit mehr als 5 Jahren als Hauptbestandteile<a href=\"https:\/\/dtgrinder.com\/schaerfmaschinen\/?lang=de&amp;v=18bd9197cb1d\"> unserer <\/a><a href=\"https:\/\/dtgrinder.com\/bandschleifmaschinen\/?lang=de&amp;v=18bd9197cb1d\">Bandschleifmaschinen<\/a> und Sch\u00e4rfger\u00e4te . Jeder Elektromotor unterliegt au\u00dferdem einer internen Qualit\u00e4tskontrolle, die eine gleichbleibende Qualit\u00e4t garantiert.<\/p>\n<p>Wichtige Merkmale:<\/p>\n<p>2,2 kW Leistung<\/p>\n<p>2800 U\/min<\/p>\n<p>220\/380V \/ dreiphasig<\/p>\n<p>B34 version<\/p>\n<p>Schafth\u00f6he: 90 mm<\/p>\n<p>Schutzart IP55<\/p>\n<p>Wirkungsgrad: IE3<\/p>\n<p>Sehen Sie sich mehr <a href=\"https:\/\/dtgrinder.com\/termekkategoria\/elektromotoren\/?lang=de&#038;v=18bd9197cb1d\">von unseren Elektromotoren an!<\/a><br \/>\nFolgen Sie uns <strong><a href=\"https:\/\/www.facebook.com\/dtgrinder\/\" target=\"_blank\" rel=\"noopener\">auf Facebook<\/a><\/strong> und <strong><a href=\"https:\/\/www.instagram.com\/dt_grinder\" target=\"_blank\" rel=\"noopener\">Instagram<\/a>!<\/strong><\/p>\n","protected":false},"excerpt":{"rendered":"<p>Dreiphasiger 2,2 kW Elektromotor f\u00fcr 220\/380V Netz. Mit Standfu\u00df und kleinem Flansch (B34), 2800 U\/min, 90 mm Wellenh\u00f6he. Ideal f\u00fcr Industriemaschinen, die h\u00f6here Drehzahlen erfordern.<\/p>\n","protected":false},"featured_media":27146,"comment_status":"open","ping_status":"closed","template":"","meta":[],"product_brand":[1621],"product_cat":[930],"product_tag":[1232,1227],"class_list":{"0":"post-27241","1":"product","2":"type-product","3":"status-publish","4":"has-post-thumbnail","6":"product_brand-dt-grinder-de","7":"product_cat-elektromotoren","8":"product_tag-dreiphasig","9":"product_tag-elektromotor","11":"first","12":"instock","13":"taxable","14":"shipping-taxable","15":"purchasable","16":"product-type-simple"},"_links":{"self":[{"href":"https:\/\/dtgrinder.com\/de\/wp-json\/wp\/v2\/product\/27241","targetHints":{"allow":["GET"]}}],"collection":[{"href":"https:\/\/dtgrinder.com\/de\/wp-json\/wp\/v2\/product"}],"about":[{"href":"https:\/\/dtgrinder.com\/de\/wp-json\/wp\/v2\/types\/product"}],"replies":[{"embeddable":true,"href":"https:\/\/dtgrinder.com\/de\/wp-json\/wp\/v2\/comments?post=27241"}],"wp:featuredmedia":[{"embeddable":true,"href":"https:\/\/dtgrinder.com\/de\/wp-json\/wp\/v2\/media\/27146"}],"wp:attachment":[{"href":"https:\/\/dtgrinder.com\/de\/wp-json\/wp\/v2\/media?parent=27241"}],"wp:term":[{"taxonomy":"product_brand","embeddable":true,"href":"https:\/\/dtgrinder.com\/de\/wp-json\/wp\/v2\/product_brand?post=27241"},{"taxonomy":"product_cat","embeddable":true,"href":"https:\/\/dtgrinder.com\/de\/wp-json\/wp\/v2\/product_cat?post=27241"},{"taxonomy":"product_tag","embeddable":true,"href":"https:\/\/dtgrinder.com\/de\/wp-json\/wp\/v2\/product_tag?post=27241"}],"curies":[{"name":"wp","href":"https:\/\/api.w.org\/{rel}","templated":true}]}}