{"id":27037,"date":"2025-07-14T09:29:38","date_gmt":"2025-07-14T07:29:38","guid":{"rendered":"https:\/\/dtgrinder.com\/?post_type=product&#038;p=27037"},"modified":"2025-08-30T11:18:00","modified_gmt":"2025-08-30T09:18:00","slug":"fatcarbon-messergriff-material-toxic-storm-150x150x4-mm-masolat-2","status":"publish","type":"product","link":"https:\/\/dtgrinder.com\/de\/termek\/fatcarbon-messergriff-material-toxic-storm-150x150x4-mm-masolat-2\/","title":{"rendered":"fatcarbon\u00ae Messergriffmaterial &#8222;Copper Camo&#8220; 150x150x4 [mm]"},"content":{"rendered":"<h2>fatcarbon\u00ae Messergriffmaterial &#8222;Copper Camo&#8220; 150x150x4 [mm]<\/h2>\n<p>Das fatcarbon\u00ae Copper Camo Komposit-Messergriffmaterial besteht aus Schichten von Kohlenstofffasern mit Bronze oder Kupfer dazwischen. Dieses einzigartige Design hat viele Vorteile, darunter eine erh\u00f6hte W\u00e4rmeleitf\u00e4higkeit. Es hat au\u00dferdem die folgenden Vorteile:<\/p>\n<p>Geringes Gewicht, hohe Steifigkeit und Festigkeit, Korrosionsbest\u00e4ndigkeit, Dimensionsstabilit\u00e4t.<\/p>\n<p>Widerstandsf\u00e4hig gegen Temperatur und St\u00f6\u00dfe.<\/p>\n<p>Der gleiche Look \u00fcber die gesamte Dicke.<\/p>\n<p>Gut bearbeitbar.<\/p>\n<p>Best\u00e4ndig gegen alle Reinigungsmittel, \u00d6le, Fette und schwache S\u00e4uren.<\/p>\n<p>Kann poliert, gestrichen oder lackiert werden.<\/p>\n<p>Dieses Kohlefasermaterial ist eine ausgezeichnete Wahl f\u00fcr Messergriffe, Liner oder dekorative Eins\u00e4tze. Leicht zu formen mit einem Bandschleifer oder Fr\u00e4ser, Hartmetallbohrer.<\/p>\n<p>Sehen Sie sich mehr <a href=\"\/?product_cat=kes_alapanyagok&amp;srsltid=AfmBOoojPaNoiUL__a0SdbPNv3j5duERsk9zXDJu-55oHU2KgMSfUbva&amp;v=18bd9197cb1d\">von unseren Messermaterialien an!<\/a><br \/>\nFolgen Sie uns <strong><a href=\"https:\/\/www.facebook.com\/dtgrinder\/\" target=\"_blank\" rel=\"noopener\">auf Facebook<\/a><\/strong> und <strong><a href=\"https:\/\/www.instagram.com\/dt_grinder\" target=\"_blank\" rel=\"noopener\">Instagram<\/a>!<\/strong><\/p>\n","protected":false},"excerpt":{"rendered":"<p>Das fatcarbon\u00ae Copper Camo Komposit-Messergriffmaterial besteht aus Schichten von Kohlenstofffasern mit Bronze oder Kupfer dazwischen. Dieses einzigartige Design hat viele Vorteile, darunter eine erh\u00f6hte W\u00e4rmeleitf\u00e4higkeit. Widerstandsf\u00e4hig gegen Temperatur und St\u00f6\u00dfe.<\/p>\n","protected":false},"featured_media":26988,"comment_status":"open","ping_status":"closed","template":"","meta":[],"product_brand":[1649],"product_cat":[1060],"product_tag":[1207,1077,1209,1208],"class_list":{"0":"post-27037","1":"product","2":"type-product","3":"status-publish","4":"has-post-thumbnail","6":"product_brand-fettkohle","7":"product_cat-fatcarbon_griffmaterialien","8":"product_tag-fettkohle","9":"product_tag-griffmaterial","10":"product_tag-material-des-messergriffs-de-2","11":"product_tag-verbundwerkstoff","13":"first","14":"instock","15":"taxable","16":"shipping-taxable","17":"purchasable","18":"product-type-simple"},"_links":{"self":[{"href":"https:\/\/dtgrinder.com\/de\/wp-json\/wp\/v2\/product\/27037","targetHints":{"allow":["GET"]}}],"collection":[{"href":"https:\/\/dtgrinder.com\/de\/wp-json\/wp\/v2\/product"}],"about":[{"href":"https:\/\/dtgrinder.com\/de\/wp-json\/wp\/v2\/types\/product"}],"replies":[{"embeddable":true,"href":"https:\/\/dtgrinder.com\/de\/wp-json\/wp\/v2\/comments?post=27037"}],"wp:featuredmedia":[{"embeddable":true,"href":"https:\/\/dtgrinder.com\/de\/wp-json\/wp\/v2\/media\/26988"}],"wp:attachment":[{"href":"https:\/\/dtgrinder.com\/de\/wp-json\/wp\/v2\/media?parent=27037"}],"wp:term":[{"taxonomy":"product_brand","embeddable":true,"href":"https:\/\/dtgrinder.com\/de\/wp-json\/wp\/v2\/product_brand?post=27037"},{"taxonomy":"product_cat","embeddable":true,"href":"https:\/\/dtgrinder.com\/de\/wp-json\/wp\/v2\/product_cat?post=27037"},{"taxonomy":"product_tag","embeddable":true,"href":"https:\/\/dtgrinder.com\/de\/wp-json\/wp\/v2\/product_tag?post=27037"}],"curies":[{"name":"wp","href":"https:\/\/api.w.org\/{rel}","templated":true}]}}