{"id":27027,"date":"2025-07-14T08:26:54","date_gmt":"2025-07-14T06:26:54","guid":{"rendered":"https:\/\/dtgrinder.com\/termek\/fatcarbon-kohlefaser-griffmaterial-fuer-messer-toxic-storm-150x150x4-mm\/"},"modified":"2025-08-30T11:18:11","modified_gmt":"2025-08-30T09:18:11","slug":"fatcarbon-kohlefaser-griffmaterial-fuer-messer-toxic-storm-150x150x4-mm","status":"publish","type":"product","link":"https:\/\/dtgrinder.com\/de\/termek\/fatcarbon-kohlefaser-griffmaterial-fuer-messer-toxic-storm-150x150x4-mm\/","title":{"rendered":"fatcarbon\u00ae Messergriffmaterial &#8222;Toxic Storm&#8220; 150x150x4 [mm]"},"content":{"rendered":"<h2>fatcarbon\u00ae Messergriffmaterial &#8222;Toxic Storm&#8220; 150x150x4 [mm]<\/h2>\n<p>Fatcarbon\u00ae Toxic Storm ist ein Messergriffmaterial aus Kohlefaserverbundstoff mit drei Farben zwischen jeder Schicht. Zus\u00e4tzlich zu den drei Farben hat es folgende Vorteile:<\/p>\n<p>Geringes Gewicht, hohe Steifigkeit und Festigkeit, Korrosionsbest\u00e4ndigkeit, Dimensionsstabilit\u00e4t.<\/p>\n<p>Der gleiche Look \u00fcber die gesamte Dicke.<\/p>\n<p>Gut bearbeitbar.<\/p>\n<p>Best\u00e4ndig gegen alle Reinigungsmittel, \u00d6le, Fette und schwache S\u00e4uren.<\/p>\n<p>Kann poliert, gestrichen oder lackiert werden.<\/p>\n<p>Dieses Kohlefasermaterial ist eine ausgezeichnete Wahl f\u00fcr Messergriffe, Liner oder dekorative Eins\u00e4tze. Es l\u00e4sst sich leicht mit einem Bandschleifer oder einem Fr\u00e4ser oder Hartmetallbohrer bearbeiten.<\/p>\n<p>Sehen Sie sich mehr <a href=\"\/?product_cat=kes_alapanyagok&amp;srsltid=AfmBOoojPaNoiUL__a0SdbPNv3j5duERsk9zXDJu-55oHU2KgMSfUbva&amp;v=18bd9197cb1d\">von unseren Messermaterialien an!<\/a><br \/>\nFolgen Sie uns <strong><a href=\"https:\/\/www.facebook.com\/dtgrinder\/\" target=\"_blank\" rel=\"noopener\">auf Facebook<\/a><\/strong> und <strong><a href=\"https:\/\/www.instagram.com\/dt_grinder\" target=\"_blank\" rel=\"noopener\">Instagram<\/a>!<\/strong><\/p>\n","protected":false},"excerpt":{"rendered":"<p>Fatcarbon\u00ae Toxic Storm ist ein Kohlefaser-Verbundmaterial f\u00fcr Messergriffe, das zwischen jeder Schicht drei Farben enth\u00e4lt. Dieses robuste, korrosionsbest\u00e4ndige Material ist eine ausgezeichnete Wahl f\u00fcr Messergriffe, Liner oder dekorative Einlagen. Es kann poliert, gestrichen oder lackiert werden.<\/p>\n","protected":false},"featured_media":27024,"comment_status":"open","ping_status":"closed","template":"","meta":[],"product_brand":[1649],"product_cat":[1060],"product_tag":[1207,1077,1209,1208],"class_list":{"0":"post-27027","1":"product","2":"type-product","3":"status-publish","4":"has-post-thumbnail","6":"product_brand-fettkohle","7":"product_cat-fatcarbon_griffmaterialien","8":"product_tag-fettkohle","9":"product_tag-griffmaterial","10":"product_tag-material-des-messergriffs-de-2","11":"product_tag-verbundwerkstoff","13":"first","14":"instock","15":"taxable","16":"shipping-taxable","17":"purchasable","18":"product-type-simple"},"_links":{"self":[{"href":"https:\/\/dtgrinder.com\/de\/wp-json\/wp\/v2\/product\/27027","targetHints":{"allow":["GET"]}}],"collection":[{"href":"https:\/\/dtgrinder.com\/de\/wp-json\/wp\/v2\/product"}],"about":[{"href":"https:\/\/dtgrinder.com\/de\/wp-json\/wp\/v2\/types\/product"}],"replies":[{"embeddable":true,"href":"https:\/\/dtgrinder.com\/de\/wp-json\/wp\/v2\/comments?post=27027"}],"wp:featuredmedia":[{"embeddable":true,"href":"https:\/\/dtgrinder.com\/de\/wp-json\/wp\/v2\/media\/27024"}],"wp:attachment":[{"href":"https:\/\/dtgrinder.com\/de\/wp-json\/wp\/v2\/media?parent=27027"}],"wp:term":[{"taxonomy":"product_brand","embeddable":true,"href":"https:\/\/dtgrinder.com\/de\/wp-json\/wp\/v2\/product_brand?post=27027"},{"taxonomy":"product_cat","embeddable":true,"href":"https:\/\/dtgrinder.com\/de\/wp-json\/wp\/v2\/product_cat?post=27027"},{"taxonomy":"product_tag","embeddable":true,"href":"https:\/\/dtgrinder.com\/de\/wp-json\/wp\/v2\/product_tag?post=27027"}],"curies":[{"name":"wp","href":"https:\/\/api.w.org\/{rel}","templated":true}]}}