{"id":26840,"date":"2025-07-11T10:46:33","date_gmt":"2025-07-11T08:46:33","guid":{"rendered":"https:\/\/dtgrinder.com\/?post_type=product&#038;p=26840"},"modified":"2025-08-30T11:31:51","modified_gmt":"2025-08-30T09:31:51","slug":"g10-messergriff-material-lila-dt-15-masolat","status":"publish","type":"product","link":"https:\/\/dtgrinder.com\/de\/termek\/g10-messergriff-material-lila-dt-15-masolat\/","title":{"rendered":"G10 Messergriffmaterial dark tan DT-T8"},"content":{"rendered":"<h2>G10-Messergriffmaterial &#8211; eine rutschfeste, langlebige und zuverl\u00e4ssige L\u00f6sung<\/h2>\n<p>G10 ist ein hochwertiges, hochfestes Verbundmaterial aus Glasfasern und Epoxidharz, das unter hohem Druck gepresst wird. Dadurch ist es \u00e4u\u00dferst widerstandsf\u00e4hig gegen mechanische Belastungen, Feuchtigkeit, Chemikalien und Temperaturschwankungen. Es ist eine ausgezeichnete Wahl f\u00fcr Messergriffe, da es sich nicht verzieht oder rei\u00dft und seine Eigenschaften auch unter extremen Bedingungen beibeh\u00e4lt.<\/p>\n<p>Die Oberfl\u00e4che des G10 kann leicht aufgeraut oder texturiert sein und bietet so einen sicheren, rutschfesten Griff, selbst bei nassen oder fettigen H\u00e4nden &#8211; ideal zum Wandern, Jagen, Arbeiten oder f\u00fcr den t\u00e4glichen Gebrauch (EDC).<\/p>\n<p>Die Bl\u00e4tter k\u00f6nnen bearbeitet, gebohrt, geschliffen, geformt werden &#8211; sie lassen sich auch gut mit anderen Griffmaterialien (z.B. Holz, Micarta, Metall) kombinieren.<\/p>\n<p>Aus fertigungstechnischen Gr\u00fcnden ist eine Toleranz von \u00b110% bei der Nenndicke erlaubt.<\/p>\n<p>Die Gr\u00f6\u00dfe der zugeschnittenen Bl\u00e4tter kann eine Ungenauigkeit von \u00b11 mm enthalten.<\/p>\n<p>Sehen Sie sich mehr <a href=\"\/?product_cat=kes_alapanyagok&amp;srsltid=AfmBOoojPaNoiUL__a0SdbPNv3j5duERsk9zXDJu-55oHU2KgMSfUbva&amp;v=18bd9197cb1d\">von unseren Messermaterialien an!<\/a><br \/>\nFolgen Sie uns <strong><a href=\"https:\/\/www.facebook.com\/dtgrinder\/\" target=\"_blank\" rel=\"noopener\">auf Facebook<\/a><\/strong> und <strong><a href=\"https:\/\/www.instagram.com\/dt_grinder\" target=\"_blank\" rel=\"noopener\">Instagram<\/a>!<\/strong><\/p>\n<p>&nbsp;<\/p>\n","protected":false},"excerpt":{"rendered":"<p>G10 ist ein hochwertiges, hochfestes Messergriffmaterial, das aus Glasfasern und Epoxidharz hergestellt und unter hohem Druck gepresst wird. Das macht es sehr widerstandsf\u00e4hig gegen mechanische Belastungen, Feuchtigkeit, Chemikalien und Temperaturschwankungen.<\/p>\n","protected":false},"featured_media":26359,"comment_status":"open","ping_status":"closed","template":"","meta":[],"product_brand":[1621],"product_cat":[1054],"product_tag":[1200,1077,1096],"class_list":{"0":"post-26840","1":"product","2":"type-product","3":"status-publish","4":"has-post-thumbnail","6":"product_brand-dt-grinder-de","7":"product_cat-g10_griffmaterial","8":"product_tag-g10-de","9":"product_tag-griffmaterial","10":"product_tag-material-des-messergriffs-de","12":"first","13":"instock","14":"taxable","15":"shipping-taxable","16":"purchasable","17":"product-type-variable"},"_links":{"self":[{"href":"https:\/\/dtgrinder.com\/de\/wp-json\/wp\/v2\/product\/26840","targetHints":{"allow":["GET"]}}],"collection":[{"href":"https:\/\/dtgrinder.com\/de\/wp-json\/wp\/v2\/product"}],"about":[{"href":"https:\/\/dtgrinder.com\/de\/wp-json\/wp\/v2\/types\/product"}],"replies":[{"embeddable":true,"href":"https:\/\/dtgrinder.com\/de\/wp-json\/wp\/v2\/comments?post=26840"}],"wp:featuredmedia":[{"embeddable":true,"href":"https:\/\/dtgrinder.com\/de\/wp-json\/wp\/v2\/media\/26359"}],"wp:attachment":[{"href":"https:\/\/dtgrinder.com\/de\/wp-json\/wp\/v2\/media?parent=26840"}],"wp:term":[{"taxonomy":"product_brand","embeddable":true,"href":"https:\/\/dtgrinder.com\/de\/wp-json\/wp\/v2\/product_brand?post=26840"},{"taxonomy":"product_cat","embeddable":true,"href":"https:\/\/dtgrinder.com\/de\/wp-json\/wp\/v2\/product_cat?post=26840"},{"taxonomy":"product_tag","embeddable":true,"href":"https:\/\/dtgrinder.com\/de\/wp-json\/wp\/v2\/product_tag?post=26840"}],"curies":[{"name":"wp","href":"https:\/\/api.w.org\/{rel}","templated":true}]}}