{"id":26159,"date":"2025-07-08T10:24:17","date_gmt":"2025-07-08T08:24:17","guid":{"rendered":"https:\/\/dtgrinder.com\/?post_type=product&#038;p=26159"},"modified":"2025-08-30T11:17:27","modified_gmt":"2025-08-30T09:17:27","slug":"stabilisiertes-griffmaterial-karelische-birke-126x37x27-mm-14-masolat","status":"publish","type":"product","link":"https:\/\/dtgrinder.com\/de\/termek\/stabilisiertes-griffmaterial-karelische-birke-126x37x27-mm-14-masolat\/","title":{"rendered":"Stabilisiertes Griffmaterial Karelische Birke 129x37x28 [mm] #16"},"content":{"rendered":"<h2 data-start=\"260\" data-end=\"627\">Stabilisiertes Griffmaterial Karelische Birke<\/h2>\n<p data-start=\"260\" data-end=\"627\">Die <strong data-start=\"262\" data-end=\"296\">karelische Birke<\/strong> ist eine der markantesten Holzarten, die sich nach der Stabilisierung ideal f\u00fcr die Herstellung von Griffen und dekorativen Elementen eignet. Bei der Stabilisierung werden die Poren des Holzes mit Harz gef\u00fcllt, wodurch es widerstandsf\u00e4higer gegen Feuchtigkeit, Verziehen und Rissbildung wird &#8211; und gleichzeitig seine nat\u00fcrliche Sch\u00f6nheit bewahrt. Dieses einzigartige St\u00fcck ist sowohl in nat\u00fcrlichen als auch in farbigen harzstabilisierten Materialien erh\u00e4ltlich. Es ist nur einmal erh\u00e4ltlich &#8211; Sie kaufen das auf den Bildern gezeigte Produkt.<\/p>\n<p data-start=\"629\" data-end=\"643\"><strong data-start=\"629\" data-end=\"643\">Merkmale:<\/strong><\/p>\n<p>Oberfl\u00e4che: farbige oder nat\u00fcrliche Version<\/p>\n<p data-start=\"827\" data-end=\"894\">Leicht zu bearbeiten, zu polieren, mit \u00d6l oder Wachs zu behandeln<\/p>\n<p data-start=\"897\" data-end=\"961\">Gr\u00f6\u00dfe: der Produktname enth\u00e4lt die genauen Abmessungen<\/p>\n<p data-start=\"963\" data-end=\"1048\"><strong data-start=\"963\" data-end=\"980\">Verwendungszweck:<\/strong> Messer, Messer, Kochmessergriffe, Stifte, hochwertige Ornamente<\/p>\n<p>Mehr sehen  <a href=\"\/?product_cat=kes_alapanyagok&#038;srsltid=AfmBOoojPaNoiUL__a0SdbPNv3j5duERsk9zXDJu-55oHU2KgMSfUbva&amp;v=18bd9197cb1d\">unsere Messermaterialien!<\/a><br \/>\nFolgen Sie uns  <strong><a href=\"https:\/\/www.facebook.com\/dtgrinder\/\" target=\"_blank\" rel=\"noopener\">Auf Facebook<\/a><\/strong>  und  <strong><a href=\"https:\/\/www.instagram.com\/dt_grinder\" target=\"_blank\" rel=\"noopener\">Auf Instagram<\/a>!<\/strong><\/p>\n","protected":false},"excerpt":{"rendered":"<p><strong data-start=\"262\" data-end=\"296\">Die karelische Birke<\/strong> ist eine der markantesten Holzarten, die sich nach der Stabilisierung ideal f\u00fcr die Herstellung von Griffen und dekorativen Elementen eignet.<\/p>\n","protected":false},"featured_media":26022,"comment_status":"open","ping_status":"closed","template":"","meta":[],"product_brand":[1621],"product_cat":[1051],"product_tag":[1077,1086,1078,1087],"class_list":{"0":"post-26159","1":"product","2":"type-product","3":"status-publish","4":"has-post-thumbnail","6":"product_brand-dt-grinder-de","7":"product_cat-stabilisierte_griffmaterialien","8":"product_tag-griffmaterial","9":"product_tag-karelien","10":"product_tag-material-des-messergriffs","11":"product_tag-stabilisiert","13":"first","14":"instock","15":"taxable","16":"shipping-taxable","17":"purchasable","18":"product-type-simple"},"_links":{"self":[{"href":"https:\/\/dtgrinder.com\/de\/wp-json\/wp\/v2\/product\/26159","targetHints":{"allow":["GET"]}}],"collection":[{"href":"https:\/\/dtgrinder.com\/de\/wp-json\/wp\/v2\/product"}],"about":[{"href":"https:\/\/dtgrinder.com\/de\/wp-json\/wp\/v2\/types\/product"}],"replies":[{"embeddable":true,"href":"https:\/\/dtgrinder.com\/de\/wp-json\/wp\/v2\/comments?post=26159"}],"wp:featuredmedia":[{"embeddable":true,"href":"https:\/\/dtgrinder.com\/de\/wp-json\/wp\/v2\/media\/26022"}],"wp:attachment":[{"href":"https:\/\/dtgrinder.com\/de\/wp-json\/wp\/v2\/media?parent=26159"}],"wp:term":[{"taxonomy":"product_brand","embeddable":true,"href":"https:\/\/dtgrinder.com\/de\/wp-json\/wp\/v2\/product_brand?post=26159"},{"taxonomy":"product_cat","embeddable":true,"href":"https:\/\/dtgrinder.com\/de\/wp-json\/wp\/v2\/product_cat?post=26159"},{"taxonomy":"product_tag","embeddable":true,"href":"https:\/\/dtgrinder.com\/de\/wp-json\/wp\/v2\/product_tag?post=26159"}],"curies":[{"name":"wp","href":"https:\/\/api.w.org\/{rel}","templated":true}]}}