{"id":25987,"date":"2025-07-07T15:00:47","date_gmt":"2025-07-07T13:00:47","guid":{"rendered":"https:\/\/dtgrinder.com\/termek\/padouk-griffmaterial-120x40x30-mm\/"},"modified":"2025-08-30T11:16:42","modified_gmt":"2025-08-30T09:16:42","slug":"padouk-griffmaterial-120x40x30-mm","status":"publish","type":"product","link":"https:\/\/dtgrinder.com\/de\/termek\/padouk-griffmaterial-120x40x30-mm\/","title":{"rendered":"Padouk Griffmaterial 120x40x30 [mm]"},"content":{"rendered":"<h2>Padouk Griffmaterial 120x40x30 [mm]<\/h2>\n<p>Das exotische Hartholz Padouk zeichnet sich durch seine leuchtend orange-rote Farbe und seine hervorragende Haltbarkeit aus. Es l\u00e4sst sich leicht bearbeiten und entwickelt mit der Zeit eine tiefe, warmtonige Patina. Eine einzigartige Wahl f\u00fcr Griffe, bei denen ein charakteristisches Aussehen und zuverl\u00e4ssige Leistung wichtig sind.  <\/p>\n<p>Gr\u00f6\u00dfe: 120x40x30 [mm].<br \/>\nAufgrund des Zuschnitts betr\u00e4gt die Toleranz +\/- 2 mm.<\/p>\n<p>Sehen Sie sich mehr <a href=\"\/?product_cat=kes_alapanyagok&#038;srsltid=AfmBOoojPaNoiUL__a0SdbPNv3j5duERsk9zXDJu-55oHU2KgMSfUbva&amp;v=18bd9197cb1d\">von unseren Messermaterialien an!<\/a><br \/>\nFolgen Sie uns <strong><a href=\"https:\/\/www.facebook.com\/dtgrinder\/\" target=\"_blank\" rel=\"noopener\">auf Facebook<\/a><\/strong> und <strong><a href=\"https:\/\/www.instagram.com\/dt_grinder\" target=\"_blank\" rel=\"noopener\">Instagram<\/a>!<\/strong><\/p>\n","protected":false},"excerpt":{"rendered":"<p>Das exotische Hartholz des Padouk zeichnet sich durch seine lebendige Farbe und Haltbarkeit aus. Es l\u00e4sst sich leicht bearbeiten und entwickelt mit der Zeit eine tiefe, warmtonige Patina. <\/p>\n","protected":false},"featured_media":25984,"comment_status":"open","ping_status":"closed","template":"","meta":[],"product_brand":[1621],"product_cat":[1063],"product_tag":[1077,1078,1081,1080,1079],"class_list":{"0":"post-25987","1":"product","2":"type-product","3":"status-publish","4":"has-post-thumbnail","6":"product_brand-dt-grinder-de","7":"product_cat-griffmaterialien_aus_holz_und_naturmaterialien","8":"product_tag-griffmaterial","9":"product_tag-material-des-messergriffs","10":"product_tag-material-des-messers","11":"product_tag-messer","12":"product_tag-padouk_messer_griff_material","14":"first","15":"instock","16":"taxable","17":"shipping-taxable","18":"purchasable","19":"product-type-simple"},"_links":{"self":[{"href":"https:\/\/dtgrinder.com\/de\/wp-json\/wp\/v2\/product\/25987","targetHints":{"allow":["GET"]}}],"collection":[{"href":"https:\/\/dtgrinder.com\/de\/wp-json\/wp\/v2\/product"}],"about":[{"href":"https:\/\/dtgrinder.com\/de\/wp-json\/wp\/v2\/types\/product"}],"replies":[{"embeddable":true,"href":"https:\/\/dtgrinder.com\/de\/wp-json\/wp\/v2\/comments?post=25987"}],"wp:featuredmedia":[{"embeddable":true,"href":"https:\/\/dtgrinder.com\/de\/wp-json\/wp\/v2\/media\/25984"}],"wp:attachment":[{"href":"https:\/\/dtgrinder.com\/de\/wp-json\/wp\/v2\/media?parent=25987"}],"wp:term":[{"taxonomy":"product_brand","embeddable":true,"href":"https:\/\/dtgrinder.com\/de\/wp-json\/wp\/v2\/product_brand?post=25987"},{"taxonomy":"product_cat","embeddable":true,"href":"https:\/\/dtgrinder.com\/de\/wp-json\/wp\/v2\/product_cat?post=25987"},{"taxonomy":"product_tag","embeddable":true,"href":"https:\/\/dtgrinder.com\/de\/wp-json\/wp\/v2\/product_tag?post=25987"}],"curies":[{"name":"wp","href":"https:\/\/api.w.org\/{rel}","templated":true}]}}