{"id":25807,"date":"2025-06-10T12:42:36","date_gmt":"2025-06-10T10:42:36","guid":{"rendered":"https:\/\/dtgrinder.com\/?post_type=product&#038;p=25807"},"modified":"2025-07-23T12:59:15","modified_gmt":"2025-07-23T10:59:15","slug":"3m-cubitron-ii-125x1x22-mm-trennscheibe-masolat-2","status":"publish","type":"product","link":"https:\/\/dtgrinder.com\/de\/termek\/3m-cubitron-ii-125x1x22-mm-trennscheibe-masolat-2\/","title":{"rendered":"3M Cubitron 3 125x1x22mm Trennscheibe"},"content":{"rendered":"<p data-start=\"100\" data-end=\"145\"><strong data-start=\"100\" data-end=\"143\">3M\u2122 Cubitron\u2122 3 125x1x22 mm Trennscheibe<\/strong><\/p>\n<p data-start=\"147\" data-end=\"447\">Die neueste Generation von Trennscheiben der <strong data-start=\"279\" data-end=\"297\">3M Cubitron\u2122 3<\/strong> Serie bietet eine hervorragende Schnittleistung, lange Lebensdauer und maximale Arbeitssicherheit.<br data-start=\"426\" data-end=\"429\">Die Scheibe <strong data-start=\"431\" data-end=\"467\">mit einem Durchmesser von 125 mm und einer Dicke von 1 mm<\/strong> ist ideal f\u00fcr schnelles, pr\u00e4zises und linienfreies Schneiden von <strong data-start=\"483\" data-end=\"517\">Stahl, Edelstahl (INOX<\/strong> ) und anderen schwer zu bearbeitenden Metallen.<\/p>\n<p data-start=\"449\" data-end=\"474\"><strong data-start=\"449\" data-end=\"472\">Wichtige Merkmale:<\/strong><\/p>\n<ul data-start=\"475\" data-end=\"1027\">\n<li data-start=\"614\" data-end=\"722\">\n<p data-start=\"616\" data-end=\"722\"><strong data-start=\"616\" data-end=\"657\">Precision Shaped Ceramic Grain (PSG<\/strong> ) Technologie f\u00fcr extrem schnelles Schneiden und geringe Hitzeentwicklung<\/p>\n<\/li>\n<li data-start=\"723\" data-end=\"781\">\n<p data-start=\"725\" data-end=\"781\"><strong data-start=\"725\" data-end=\"748\">L\u00e4ngere Lebensdauer<\/strong> im Vergleich zu herk\u00f6mmlichen Discs<\/p>\n<\/li>\n<li data-start=\"782\" data-end=\"876\">\n<p data-start=\"784\" data-end=\"876\"><strong data-start=\"784\" data-end=\"818\">Geringere Funken- und W\u00e4rmeentwicklung<\/strong>, dadurch Schutz des Werkst\u00fccks vor Farbver\u00e4nderungen und Verformungen<\/p>\n<\/li>\n<li data-start=\"877\" data-end=\"967\">\n<p data-start=\"879\" data-end=\"967\"><strong data-start=\"879\" data-end=\"906\">D\u00fcnne Schneidkante (1 mm)<\/strong> f\u00fcr schnelles, pr\u00e4zises Schneiden mit minimalem Materialverlust<\/p>\n<\/li>\n<li data-start=\"968\" data-end=\"1045\">\n<p data-start=\"970\" data-end=\"1045\"><strong data-start=\"970\" data-end=\"1000\">Ausgezeichnete Benutzerfreundlichkeit<\/strong>: einfaches und schnelles Schneiden mit weniger Aufwand<\/p>\n<\/li>\n<li data-start=\"968\" data-end=\"1045\">\n<p data-start=\"970\" data-end=\"1045\"><strong data-start=\"1048\" data-end=\"1084\">Auch f\u00fcr rostfreien Stahl geeignet<\/strong> &#8211; hinterl\u00e4sst keine Verunreinigungen auf der Schnittfl\u00e4che<\/p>\n<\/li>\n<\/ul>\n<p data-start=\"1029\" data-end=\"1050\"><strong data-start=\"1029\" data-end=\"1048\">Technische Daten:<\/strong><\/p>\n<ul data-start=\"1051\" data-end=\"1124\">\n<li data-start=\"1051\" data-end=\"1073\"><strong data-start=\"1053\" data-end=\"1064\">Durchmesser:<\/strong> 125 mm<\/li>\n<li data-start=\"1074\" data-end=\"1097\"><strong data-start=\"1076\" data-end=\"1090\">Dicke:<\/strong> 1 mm<\/li>\n<li data-start=\"1098\" data-end=\"1124\"><strong data-start=\"1100\" data-end=\"1116\">Bohrungsdurchmesser:<\/strong> 22 mm<\/li>\n<\/ul>\n<p data-start=\"1126\" data-end=\"1260\">Die <strong data-start=\"1522\" data-end=\"1551\">3M Cubitron\u2122 3 Trennscheibe<\/strong> ist die ideale Wahl f\u00fcr Profis, die bei ihrer t\u00e4glichen Arbeit die beste Qualit\u00e4t und Effizienz verlangen.<\/p>\n","protected":false},"excerpt":{"rendered":"<p data-start=\"100\" data-end=\"145\"><strong data-start=\"100\" data-end=\"143\">3M\u2122 Cubitron\u2122 3 125x1x22 mm Trennscheibe<\/strong><\/p>\n<p data-start=\"147\" data-end=\"447\">Die Scheibe mit <strong data-start=\"431\" data-end=\"467\">einem Durchmesser von 125 mm und einer Dicke von 1 mm<\/strong> ist ideal zum schnellen, pr\u00e4zisen und faltenfreien Schneiden von <strong data-start=\"483\" data-end=\"517\">Stahl, Edelstahl (INOX<\/strong> ) und anderen schwer zu bearbeitenden Metallen.<\/p>\n","protected":false},"featured_media":25809,"comment_status":"open","ping_status":"closed","template":"","meta":[],"product_brand":[1621],"product_cat":[880],"product_tag":[],"class_list":{"0":"post-25807","1":"product","2":"type-product","3":"status-publish","4":"has-post-thumbnail","6":"product_brand-dt-grinder-de","7":"product_cat-sonstiges-nuetzliches-zubehoer","8":"product_shipping_class-bander","10":"first","11":"instock","12":"taxable","13":"shipping-taxable","14":"purchasable","15":"product-type-simple"},"_links":{"self":[{"href":"https:\/\/dtgrinder.com\/de\/wp-json\/wp\/v2\/product\/25807","targetHints":{"allow":["GET"]}}],"collection":[{"href":"https:\/\/dtgrinder.com\/de\/wp-json\/wp\/v2\/product"}],"about":[{"href":"https:\/\/dtgrinder.com\/de\/wp-json\/wp\/v2\/types\/product"}],"replies":[{"embeddable":true,"href":"https:\/\/dtgrinder.com\/de\/wp-json\/wp\/v2\/comments?post=25807"}],"wp:featuredmedia":[{"embeddable":true,"href":"https:\/\/dtgrinder.com\/de\/wp-json\/wp\/v2\/media\/25809"}],"wp:attachment":[{"href":"https:\/\/dtgrinder.com\/de\/wp-json\/wp\/v2\/media?parent=25807"}],"wp:term":[{"taxonomy":"product_brand","embeddable":true,"href":"https:\/\/dtgrinder.com\/de\/wp-json\/wp\/v2\/product_brand?post=25807"},{"taxonomy":"product_cat","embeddable":true,"href":"https:\/\/dtgrinder.com\/de\/wp-json\/wp\/v2\/product_cat?post=25807"},{"taxonomy":"product_tag","embeddable":true,"href":"https:\/\/dtgrinder.com\/de\/wp-json\/wp\/v2\/product_tag?post=25807"}],"curies":[{"name":"wp","href":"https:\/\/api.w.org\/{rel}","templated":true}]}}