{"id":25550,"date":"2025-05-27T12:03:59","date_gmt":"2025-05-27T10:03:59","guid":{"rendered":"https:\/\/dtgrinder.com\/termek\/mosaikniete-d8-mm-x-160-mm-mit-tiermuster\/"},"modified":"2026-02-08T08:35:41","modified_gmt":"2026-02-08T07:35:41","slug":"mosaikniete-d8-mm-x-160-mm-mit-tiermuster","status":"publish","type":"product","link":"https:\/\/dtgrinder.com\/de\/termek\/mosaikniete-d8-mm-x-160-mm-mit-tiermuster\/","title":{"rendered":"Mosaikniete D8 [mm] x 160 [mm] &#8211; mit Tiermuster"},"content":{"rendered":"<h2>Mosaikniete D8 [mm] x 160 [mm] &#8211; mit Tiermuster<\/h2>\n<p>Exklusive Mosaiknieten mit einzigartigen Mustern, die Messern und anderem Kunsthandwerk einen besonderen Look verleihen.<\/p>\n<p>Im Inneren der Nieten f\u00fcllt schwarzes oder rotes Harz die Muster, wobei eine gro\u00dfe Auswahl an Motiven zur Verf\u00fcgung steht. Die Mosaiknieten befinden sich in einem Kupferrohr mit einem Durchmesser von 8 [mm] und einer L\u00e4nge von 160 mm.<\/p>\n<p>Derzeit sind die folgenden Proben verf\u00fcgbar:<br \/>\nReh<br \/>\nWildschwein<br \/>\nVizsla<br \/>\nVizsla im Gras<br \/>\nKaninchen<br \/>\nDackel<br \/>\nEichh\u00f6rnchen<br \/>\nEule<\/p>\n<p>Auf Anfrage k\u00f6nnen wir auch kundenspezifische Muster in der L\u00e4nge von 160 mm herstellen.<\/p>\n<p>W\u00e4hlen Sie aus der Dropdown-Liste die Muster und Farben aus!<\/p>\n<p>Folgen Sie uns <strong><a href=\"https:\/\/www.facebook.com\/dtgrinder\/\" target=\"_blank\" rel=\"noopener\">auf Facebook<\/a><\/strong> und <strong><a href=\"https:\/\/www.instagram.com\/dt_grinder\" target=\"_blank\" rel=\"noopener\">Instagram<\/a>!<\/strong><\/p>\n","protected":false},"excerpt":{"rendered":"<p>Mosaikniete D8 [mm] x 160 [mm] &#8211; mit Tiermuster. Exklusive Mosaiknieten mit einzigartigen Mustern, die Messern und anderem Kunsthandwerk einen besonderen Look verleihen.<\/p>\n","protected":false},"featured_media":38040,"comment_status":"open","ping_status":"closed","template":"","meta":[],"product_brand":[1621],"product_cat":[2008,1066,1921],"product_tag":[1018,1016,1017],"class_list":{"0":"post-25550","1":"product","2":"type-product","3":"status-publish","4":"has-post-thumbnail","6":"product_brand-dt-grinder-de","7":"product_cat-akciok","8":"product_cat-buntmetalle_fur_den_messerbau","9":"product_cat-nieten","10":"product_tag-messergriffstift","11":"product_tag-mosaik-nadel","12":"product_tag-mosaikniete","14":"first","15":"instock","16":"taxable","17":"shipping-taxable","18":"purchasable","19":"product-type-variable"},"_links":{"self":[{"href":"https:\/\/dtgrinder.com\/de\/wp-json\/wp\/v2\/product\/25550","targetHints":{"allow":["GET"]}}],"collection":[{"href":"https:\/\/dtgrinder.com\/de\/wp-json\/wp\/v2\/product"}],"about":[{"href":"https:\/\/dtgrinder.com\/de\/wp-json\/wp\/v2\/types\/product"}],"replies":[{"embeddable":true,"href":"https:\/\/dtgrinder.com\/de\/wp-json\/wp\/v2\/comments?post=25550"}],"wp:featuredmedia":[{"embeddable":true,"href":"https:\/\/dtgrinder.com\/de\/wp-json\/wp\/v2\/media\/38040"}],"wp:attachment":[{"href":"https:\/\/dtgrinder.com\/de\/wp-json\/wp\/v2\/media?parent=25550"}],"wp:term":[{"taxonomy":"product_brand","embeddable":true,"href":"https:\/\/dtgrinder.com\/de\/wp-json\/wp\/v2\/product_brand?post=25550"},{"taxonomy":"product_cat","embeddable":true,"href":"https:\/\/dtgrinder.com\/de\/wp-json\/wp\/v2\/product_cat?post=25550"},{"taxonomy":"product_tag","embeddable":true,"href":"https:\/\/dtgrinder.com\/de\/wp-json\/wp\/v2\/product_tag?post=25550"}],"curies":[{"name":"wp","href":"https:\/\/api.w.org\/{rel}","templated":true}]}}