{"id":24436,"date":"2025-04-17T15:28:17","date_gmt":"2025-04-17T13:28:17","guid":{"rendered":"https:\/\/dtgrinder.com\/termek\/alpakafaden-d15-x-200-mm-ni-18-kupfer-nickel-zink-legierung\/"},"modified":"2025-08-30T11:27:07","modified_gmt":"2025-08-30T09:27:07","slug":"alpakafaden-d15-x-200-mm-ni-18-kupfer-nickel-zink-legierung","status":"publish","type":"product","link":"https:\/\/dtgrinder.com\/de\/termek\/alpakafaden-d15-x-200-mm-ni-18-kupfer-nickel-zink-legierung\/","title":{"rendered":"Alpaka-Draht D1,5 x 200 [mm] Ni 18% (Kupfer-Nickel-Zink-Legierung)"},"content":{"rendered":"<h2 data-start=\"227\" data-end=\"528\">Alpaka-Draht D1,5 x 200 [mm] Ni 18% (Kupfer-Nickel-Zink-Legierung) Silber-Nickel<\/h2>\n<p data-start=\"227\" data-end=\"528\">Hochwertiges Alpaka-Draht<strong>\u00a0zum Nieten<\/strong> (Kupfer-Nickel-Zink-Legierung), mit 18% Nickelanteil, empfohlen vor allem <strong data-start=\"335\" data-end=\"392\">f\u00fcr das Vernieten von Messern, Messern und anderen Handwerksartikeln.<\/strong> Der Durchmesser von 2 mm ist die ideale Gr\u00f6\u00dfe f\u00fcr die Anbringung und Gestaltung von Griffrohlingen oder dekorativen Elementen.<\/p>\n<p class=\"\" data-start=\"530\" data-end=\"822\">Das Material bietet eine hervorragende <strong data-start=\"546\" data-end=\"568\">Bearbeitbarkeit<\/strong> und Haltbarkeit sowie einen \u00e4sthetischen Wert mit seiner eleganten silbernen Oberfl\u00e4che. In der internationalen Praxis als <strong data-start=\"690\" data-end=\"706\">Neusilber<\/strong> oder <strong data-start=\"690\" data-end=\"706\">Neusilber<\/strong> bekannt, enth\u00e4lt es eigentlich kein Silber &#8211; sein Name leitet sich von seinem Aussehen ab.<\/p>\n<h3>Zutaten:<\/h3>\n<p>Kupfer (Cu): ca. 56%<\/p>\n<p>Nickel (Ni): ca. 18%<\/p>\n<p>Zink (Zn): ca. 26%<\/p>\n<p>Der Preis bezieht sich auf eine 200 mm lange Spule.<\/p>\n<p>Folgen Sie uns <a href=\"https:\/\/www.facebook.com\/dtgrinder\/\" target=\"_blank\" rel=\"noopener\"><strong>Facebook<\/strong><\/a>-und <strong><a href=\"https:\/\/www.instagram.com\/dt_grinder\" target=\"_blank\" rel=\"noopener\">Instagram<\/a>!<\/strong><\/p>\n","protected":false},"excerpt":{"rendered":"<p>Hochwertiges <strong data-start=\"242\" data-end=\"261\">Alpaka-nietmaterial<\/strong> (Kupfer-Nickel-Zink-Legierung) mit 18% Nickelgehalt, das vor allem <strong data-start=\"335\" data-end=\"392\">zum Vernieten von Messern und anderen Handwerksgegenst\u00e4nden<\/strong> empfohlen wird.<\/p>\n","protected":false},"featured_media":24370,"comment_status":"open","ping_status":"closed","template":"","meta":[],"product_brand":[1621],"product_cat":[1066],"product_tag":[968,969,972,970,975,971,976],"class_list":{"0":"post-24436","1":"product","2":"type-product","3":"status-publish","4":"has-post-thumbnail","6":"product_brand-dt-grinder-de","7":"product_cat-buntmetalle_fur_den_messerbau","8":"product_tag-alpaka","9":"product_tag-kupfer-zink-nickel","10":"product_tag-neusilber","11":"product_tag-ni18-de","12":"product_tag-nieten","13":"product_tag-silbernickel","14":"product_tag-stift","15":"product_shipping_class-bander","17":"first","18":"instock","19":"taxable","20":"shipping-taxable","21":"purchasable","22":"product-type-simple"},"_links":{"self":[{"href":"https:\/\/dtgrinder.com\/de\/wp-json\/wp\/v2\/product\/24436","targetHints":{"allow":["GET"]}}],"collection":[{"href":"https:\/\/dtgrinder.com\/de\/wp-json\/wp\/v2\/product"}],"about":[{"href":"https:\/\/dtgrinder.com\/de\/wp-json\/wp\/v2\/types\/product"}],"replies":[{"embeddable":true,"href":"https:\/\/dtgrinder.com\/de\/wp-json\/wp\/v2\/comments?post=24436"}],"wp:featuredmedia":[{"embeddable":true,"href":"https:\/\/dtgrinder.com\/de\/wp-json\/wp\/v2\/media\/24370"}],"wp:attachment":[{"href":"https:\/\/dtgrinder.com\/de\/wp-json\/wp\/v2\/media?parent=24436"}],"wp:term":[{"taxonomy":"product_brand","embeddable":true,"href":"https:\/\/dtgrinder.com\/de\/wp-json\/wp\/v2\/product_brand?post=24436"},{"taxonomy":"product_cat","embeddable":true,"href":"https:\/\/dtgrinder.com\/de\/wp-json\/wp\/v2\/product_cat?post=24436"},{"taxonomy":"product_tag","embeddable":true,"href":"https:\/\/dtgrinder.com\/de\/wp-json\/wp\/v2\/product_tag?post=24436"}],"curies":[{"name":"wp","href":"https:\/\/api.w.org\/{rel}","templated":true}]}}