{"id":24431,"date":"2025-04-17T15:06:39","date_gmt":"2025-04-17T13:06:39","guid":{"rendered":"https:\/\/dtgrinder.com\/termek\/alpakka-niet-d4-x-100-mm-ni-18-kupfer-nickel-zink-legierung\/"},"modified":"2025-08-30T11:27:12","modified_gmt":"2025-08-30T09:27:12","slug":"alpakka-niet-d4-x-100-mm-ni-18-kupfer-nickel-zink-legierung","status":"publish","type":"product","link":"https:\/\/dtgrinder.com\/de\/termek\/alpakka-niet-d4-x-100-mm-ni-18-kupfer-nickel-zink-legierung\/","title":{"rendered":"Alpaka-Niet D4 x 100 [mm] Ni 18% (Kupfer-Nickel-Zink-Legierung)"},"content":{"rendered":"<h2 data-start=\"227\" data-end=\"528\">Alpaka-Niet D4 x 100 [mm] Ni 18% (Kupfer-Nickel-Zink-Legierung)<\/h2>\n<p data-start=\"227\" data-end=\"528\">Hochwertige <strong data-start=\"242\" data-end=\"261\">Alpaka-niete<\/strong> (Kupfer-Nickel-Zink-Legierung) mit 18% Nickelanteil, die vor allem <strong data-start=\"335\" data-end=\"392\">zum Vernieten von Messern und anderen Handwerksgegenst\u00e4nden<\/strong> empfohlen wird. Der Durchmesser von 4 mm und die L\u00e4nge von 100 mm bieten eine ideale Gr\u00f6\u00dfe f\u00fcr die Befestigung von Griffstiften, Querst\u00e4ben oder Dekorationsgegenst\u00e4nden.<\/p>\n<p class=\"\" data-start=\"530\" data-end=\"822\">Das Material bietet eine hervorragende <strong data-start=\"546\" data-end=\"568\">Bearbeitbarkeit<\/strong> und Haltbarkeit sowie einen \u00e4sthetischen Wert mit seinem eleganten Silberfinish. Es ist international als <strong data-start=\"690\" data-end=\"706\">Neusilber<\/strong> oder <strong data-start=\"690\" data-end=\"706\">Neusilber<\/strong> bekannt, enth\u00e4lt aber eigentlich kein Silber &#8211; sein Name leitet sich von seinem Aussehen ab.<\/p>\n<h3>Zutaten:<\/h3>\n<p>Kupfer (Cu): ca. 56%<\/p>\n<p>Nickel (Ni): ca. 18%<\/p>\n<p>Zink (Zn): ca. 26%<\/p>\n<p>Folgen Sie uns <a href=\"https:\/\/www.facebook.com\/dtgrinder\/\" target=\"_blank\" rel=\"noopener\"><strong>Facebook<\/strong><\/a>-und <strong><a href=\"https:\/\/www.instagram.com\/dt_grinder\" target=\"_blank\" rel=\"noopener\">Instagram<\/a>!<\/strong><\/p>\n","protected":false},"excerpt":{"rendered":"<p>Hochwertige <strong data-start=\"242\" data-end=\"261\">Alpaka-niete<\/strong> (Kupfer-Nickel-Zink-Legierung) mit 18% Nickelanteil, empfohlen vor allem <strong data-start=\"335\" data-end=\"392\">f\u00fcr die Vernietung von Messern und anderen Handwerksgegenst\u00e4nden<\/strong>.<\/p>\n","protected":false},"featured_media":24365,"comment_status":"open","ping_status":"closed","template":"","meta":[],"product_brand":[1621],"product_cat":[1066,1921],"product_tag":[968,969,972,970,971],"class_list":{"0":"post-24431","1":"product","2":"type-product","3":"status-publish","4":"has-post-thumbnail","6":"product_brand-dt-grinder-de","7":"product_cat-buntmetalle_fur_den_messerbau","8":"product_cat-nieten","9":"product_tag-alpaka","10":"product_tag-kupfer-zink-nickel","11":"product_tag-neusilber","12":"product_tag-ni18-de","13":"product_tag-silbernickel","14":"product_shipping_class-bander","16":"first","17":"instock","18":"taxable","19":"shipping-taxable","20":"purchasable","21":"product-type-simple"},"_links":{"self":[{"href":"https:\/\/dtgrinder.com\/de\/wp-json\/wp\/v2\/product\/24431","targetHints":{"allow":["GET"]}}],"collection":[{"href":"https:\/\/dtgrinder.com\/de\/wp-json\/wp\/v2\/product"}],"about":[{"href":"https:\/\/dtgrinder.com\/de\/wp-json\/wp\/v2\/types\/product"}],"replies":[{"embeddable":true,"href":"https:\/\/dtgrinder.com\/de\/wp-json\/wp\/v2\/comments?post=24431"}],"wp:featuredmedia":[{"embeddable":true,"href":"https:\/\/dtgrinder.com\/de\/wp-json\/wp\/v2\/media\/24365"}],"wp:attachment":[{"href":"https:\/\/dtgrinder.com\/de\/wp-json\/wp\/v2\/media?parent=24431"}],"wp:term":[{"taxonomy":"product_brand","embeddable":true,"href":"https:\/\/dtgrinder.com\/de\/wp-json\/wp\/v2\/product_brand?post=24431"},{"taxonomy":"product_cat","embeddable":true,"href":"https:\/\/dtgrinder.com\/de\/wp-json\/wp\/v2\/product_cat?post=24431"},{"taxonomy":"product_tag","embeddable":true,"href":"https:\/\/dtgrinder.com\/de\/wp-json\/wp\/v2\/product_tag?post=24431"}],"curies":[{"name":"wp","href":"https:\/\/api.w.org\/{rel}","templated":true}]}}