{"id":24020,"date":"2025-04-10T16:34:51","date_gmt":"2025-04-10T14:34:51","guid":{"rendered":"https:\/\/dtgrinder.com\/termek\/aluminium-abschreckplatten-set-365x165x20-mm-2-teilig\/"},"modified":"2025-08-30T11:13:46","modified_gmt":"2025-08-30T09:13:46","slug":"aluminium-abschreckplatten-set-365x165x20-mm-2-teilig","status":"publish","type":"product","link":"https:\/\/dtgrinder.com\/de\/termek\/aluminium-abschreckplatten-set-365x165x20-mm-2-teilig\/","title":{"rendered":"Aluminium-Abschreckplatten-Set \u2013 365\u00d7165\u00d720 mm (2-teilig)"},"content":{"rendered":"<h3 class=\"\" data-start=\"1271\" data-end=\"1343\"><strong data-start=\"1280\" data-end=\"1341\">Aluminium-Abschreckplatten-Set \u2013 365\u00d7165\u00d720 mm (2-teilig)<\/strong><\/h3>\n<p class=\"\" data-start=\"1344\" data-end=\"1452\"><strong data-start=\"1344\" data-end=\"1452\">Ideal zum schnellen und gleichm\u00e4\u00dfigen Abk\u00fchlen von Klingen, die in Hitzebehandlungsfolie geh\u00e4rtet wurden<\/strong><\/p>\n<p class=\"\" data-start=\"1454\" data-end=\"1763\">Dieses massive Aluminiumplatten-Set wurde speziell f\u00fcr die professionelle W\u00e4rmebehandlung von Messerklingen entwickelt. Die zwei 20 mm dicken, schweren Platten eignen sich hervorragend, um Stahl nach dem H\u00e4rten schnell und kontrolliert abzuk\u00fchlen \u2013 besonders bei in Hitzebehandlungsfolie eingepackten Klingen.<\/p>\n<p class=\"\" data-start=\"1765\" data-end=\"1786\"><strong data-start=\"1765\" data-end=\"1786\">Technische Daten:<\/strong><\/p>\n<p class=\"\" data-start=\"1789\" data-end=\"1822\">Ma\u00dfe: 365\u00d7165 mm, St\u00e4rke: 20 mm<\/p>\n<p class=\"\" data-start=\"1825\" data-end=\"1875\">Material: massivem Aluminium, pr\u00e4zise bearbeitet<\/p>\n<p class=\"\" data-start=\"1878\" data-end=\"1907\">Lieferumfang: 2 Platten (Set)<\/p>\n<p class=\"\" data-start=\"1909\" data-end=\"2221\"><strong data-start=\"1909\" data-end=\"1922\">Vorteile:<\/strong><br \/>\nSchnellere Abk\u00fchlung \u2013 Aluminium leitet W\u00e4rme sehr gut und verk\u00fcrzt so die Abk\u00fchlzeit<br data-start=\"2010\" data-end=\"2013\" \/>Weniger Verzug \u2013 zwischen den Platten geklemmte Klingen k\u00fchlen gleichm\u00e4\u00dfiger ab, was ein Verbiegen reduziert<br data-start=\"2123\" data-end=\"2126\" \/>Ideale Gr\u00f6\u00dfe auch f\u00fcr Kochmesser \u2013 gro\u00df genug f\u00fcr viele Klingenformen, dabei gut handhabbar<\/p>\n<p class=\"\" data-start=\"2223\" data-end=\"2410\"><strong data-start=\"2223\" data-end=\"2246\">Tipp zur Anwendung:<\/strong><br data-start=\"2246\" data-end=\"2249\" \/>Die Platten sollten w\u00e4hrend des Abk\u00fchlens fest zusammengedr\u00fcckt werden (z.\u202fB. mit einem Schraubstock oder per Hand), damit die Klinge gleichm\u00e4\u00dfigen Druck erh\u00e4lt.<\/p>\n<p class=\"\" data-start=\"2412\" data-end=\"2453\"><strong data-start=\"2412\" data-end=\"2453\">Folge uns auf Facebook und Instagram!<\/strong><\/p>\n","protected":false},"excerpt":{"rendered":"<p class=\"\" data-start=\"1344\" data-end=\"1452\"><strong data-start=\"1344\" data-end=\"1452\">Ideal zum schnellen und gleichm\u00e4\u00dfigen Abk\u00fchlen von Klingen, die in Hitzebehandlungsfolie geh\u00e4rtet wurden<\/strong><\/p>\n<p class=\"\" data-start=\"1454\" data-end=\"1763\">Dieses massive Aluminiumplatten-Set wurde speziell f\u00fcr die professionelle W\u00e4rmebehandlung von Messerklingen entwickelt. Die zwei 20 mm dicken, schweren Platten eignen sich hervorragend, um Stahl nach dem H\u00e4rten schnell und kontrolliert abzuk\u00fchlen \u2013 besonders bei in Hitzebehandlungsfolie eingepackten Klingen.<\/p>\n<p class=\"\" data-start=\"1765\" data-end=\"1786\"><strong data-start=\"1765\" data-end=\"1786\">Technische Daten:<\/strong><\/p>\n<p class=\"\" data-start=\"1789\" data-end=\"1822\">Ma\u00dfe: 365\u00d7165 mm, St\u00e4rke: 20 mm<\/p>\n<p class=\"\" data-start=\"1825\" data-end=\"1875\">Material: massivem Aluminium, pr\u00e4zise bearbeitet<\/p>\n<p class=\"\" data-start=\"1878\" data-end=\"1907\">Lieferumfang: 2 Platten (Set)<\/p>\n","protected":false},"featured_media":24018,"comment_status":"open","ping_status":"closed","template":"","meta":[],"product_brand":[1621],"product_cat":[880,928],"product_tag":[950,952,951],"class_list":{"0":"post-24020","1":"product","2":"type-product","3":"status-publish","4":"has-post-thumbnail","6":"product_brand-dt-grinder-de","7":"product_cat-sonstiges-nuetzliches-zubehoer","8":"product_cat-zubehor_fur_die_warmebehandlung","9":"product_tag-abschreckplatten","10":"product_tag-abschreckplatten-set","11":"product_tag-aluminium-abschreckplatten-set","12":"product_shipping_class-bander","14":"first","15":"instock","16":"taxable","17":"shipping-taxable","18":"purchasable","19":"product-type-simple"},"_links":{"self":[{"href":"https:\/\/dtgrinder.com\/de\/wp-json\/wp\/v2\/product\/24020","targetHints":{"allow":["GET"]}}],"collection":[{"href":"https:\/\/dtgrinder.com\/de\/wp-json\/wp\/v2\/product"}],"about":[{"href":"https:\/\/dtgrinder.com\/de\/wp-json\/wp\/v2\/types\/product"}],"replies":[{"embeddable":true,"href":"https:\/\/dtgrinder.com\/de\/wp-json\/wp\/v2\/comments?post=24020"}],"wp:featuredmedia":[{"embeddable":true,"href":"https:\/\/dtgrinder.com\/de\/wp-json\/wp\/v2\/media\/24018"}],"wp:attachment":[{"href":"https:\/\/dtgrinder.com\/de\/wp-json\/wp\/v2\/media?parent=24020"}],"wp:term":[{"taxonomy":"product_brand","embeddable":true,"href":"https:\/\/dtgrinder.com\/de\/wp-json\/wp\/v2\/product_brand?post=24020"},{"taxonomy":"product_cat","embeddable":true,"href":"https:\/\/dtgrinder.com\/de\/wp-json\/wp\/v2\/product_cat?post=24020"},{"taxonomy":"product_tag","embeddable":true,"href":"https:\/\/dtgrinder.com\/de\/wp-json\/wp\/v2\/product_tag?post=24020"}],"curies":[{"name":"wp","href":"https:\/\/api.w.org\/{rel}","templated":true}]}}