{"id":22792,"date":"2025-03-06T08:07:58","date_gmt":"2025-03-06T07:07:58","guid":{"rendered":"https:\/\/dtgrinder.com\/?post_type=product&#038;p=22792"},"modified":"2025-08-30T11:22:55","modified_gmt":"2025-08-30T09:22:55","slug":"industrieller-diamant-abrichter-fur-schleifscheiben-masolat","status":"publish","type":"product","link":"https:\/\/dtgrinder.com\/de\/termek\/industrieller-diamant-abrichter-fur-schleifscheiben-masolat\/","title":{"rendered":"Industrieller Diamant-Abrichter T-Form"},"content":{"rendered":"<h2><strong>Industrieller Diamant-Abrichter T-Form<br \/>\n<\/strong><\/h2>\n<p>Funktion:Dient der pr\u00e4zisen Kontrolle und Formgebung von Schleifsteinen.<br \/>\nSorgt f\u00fcr eine glatte Oberfl\u00e4che des Schleifsteins, beseitigt Unebenheiten und stellt sein Profil wieder her.<\/p>\n<p>Diamant-Schleifsteinregulatoren k\u00f6nnen f\u00fcr eine Vielzahl von Anwendungen eingesetzt werden, vor allem in der Metallbearbeitung und Feinmechanik:<\/p>\n<p><strong>Ausrichten und Reinigen des Schleifsteins<\/strong><br \/>\nFunktion: Entfernt Ablagerungen und Verstopfungen auf der Oberfl\u00e4che des Schleifsteins.<br \/>\nNutzen: Erneuert die Schneidkanten des Schleifsteins und verbessert die Schleifleistung.<br \/>\n<strong>Profilierung und Formgebung<\/strong><br \/>\nErm\u00f6glicht die spezielle Formgebung der Schleifsteinoberfl\u00e4che (z.B. winklige oder gebogene Profile).<br \/>\nVorteil: N\u00fctzlich f\u00fcr Pr\u00e4zisionsarbeiten wie z.B. im Werkzeugbau.<br \/>\n<strong>Beseitigung der Oberfl\u00e4chenrauheit<\/strong><br \/>\nEntfernt kleinere Unebenheiten und Wellen auf der Schleifsteinoberfl\u00e4che.<br \/>\nVorteil: Sorgt f\u00fcr einen gleichm\u00e4\u00dfigen Materialabtrag.<br \/>\n<strong>Schleifsteinauffrischung<\/strong><br \/>\nSch\u00e4rfen Sie abgenutzte Schleifsteine nach und verl\u00e4ngern Sie so deren Lebensdauer.<br \/>\nVorteil: Wirtschaftlicherer Betrieb, da die Schleifsteine seltener ausgetauscht werden m\u00fcssen.<\/p>\n","protected":false},"excerpt":{"rendered":"<p>Industrieller Diamant-Abrichter T-Form. Wird f\u00fcr die pr\u00e4zise Kontrolle und Formgebung von Schleifsteinen verwendet. Es sorgt f\u00fcr eine glatte Oberfl\u00e4che des Schleifsteins, beseitigt Unebenheiten und stellt sein Profil wieder her.<\/p>\n","protected":false},"featured_media":22795,"comment_status":"open","ping_status":"closed","template":"","meta":[],"product_brand":[1621],"product_cat":[731,880],"product_tag":[899,900],"class_list":{"0":"post-22792","1":"product","2":"type-product","3":"status-publish","4":"has-post-thumbnail","6":"product_brand-dt-grinder-de","7":"product_cat-fleischwolfscheibe-und-messerschleifer","8":"product_cat-sonstiges-nuetzliches-zubehoer","9":"product_tag-diamant-abrichter-fur-schleifscheiben","10":"product_tag-diamant-abrichter-fur-schleifscheiben-de","11":"product_shipping_class-bander","13":"first","14":"instock","15":"taxable","16":"shipping-taxable","17":"purchasable","18":"product-type-simple"},"_links":{"self":[{"href":"https:\/\/dtgrinder.com\/de\/wp-json\/wp\/v2\/product\/22792","targetHints":{"allow":["GET"]}}],"collection":[{"href":"https:\/\/dtgrinder.com\/de\/wp-json\/wp\/v2\/product"}],"about":[{"href":"https:\/\/dtgrinder.com\/de\/wp-json\/wp\/v2\/types\/product"}],"replies":[{"embeddable":true,"href":"https:\/\/dtgrinder.com\/de\/wp-json\/wp\/v2\/comments?post=22792"}],"wp:featuredmedia":[{"embeddable":true,"href":"https:\/\/dtgrinder.com\/de\/wp-json\/wp\/v2\/media\/22795"}],"wp:attachment":[{"href":"https:\/\/dtgrinder.com\/de\/wp-json\/wp\/v2\/media?parent=22792"}],"wp:term":[{"taxonomy":"product_brand","embeddable":true,"href":"https:\/\/dtgrinder.com\/de\/wp-json\/wp\/v2\/product_brand?post=22792"},{"taxonomy":"product_cat","embeddable":true,"href":"https:\/\/dtgrinder.com\/de\/wp-json\/wp\/v2\/product_cat?post=22792"},{"taxonomy":"product_tag","embeddable":true,"href":"https:\/\/dtgrinder.com\/de\/wp-json\/wp\/v2\/product_tag?post=22792"}],"curies":[{"name":"wp","href":"https:\/\/api.w.org\/{rel}","templated":true}]}}