{"id":22753,"date":"2025-03-05T15:16:16","date_gmt":"2025-03-05T14:16:16","guid":{"rendered":"https:\/\/dtgrinder.com\/?post_type=product&#038;p=22753"},"modified":"2025-08-30T11:22:46","modified_gmt":"2025-08-30T09:22:46","slug":"hardox-verschleisplatte-fur-dtg-bg1200-und-dtg-bg2000-bandschleifmaschinen-masolat","status":"publish","type":"product","link":"https:\/\/dtgrinder.com\/de\/termek\/hardox-verschleisplatte-fur-dtg-bg1200-und-dtg-bg2000-bandschleifmaschinen-masolat\/","title":{"rendered":"Hardox-Verschlei\u00dfplatte &#8211; DTG-KS1 und DTG-KS3 f\u00fcr Sch\u00e4rfmaschinen"},"content":{"rendered":"<div class=\"field field-name-body field-type-text-long field-label-above\">\n<div class=\"field-label\">\n<h2 data-start=\"74\" data-end=\"408\">Hardox-Verschlei\u00dfplatte &#8211; DTG-KS1 und DTG-KS3 f\u00fcr Sch\u00e4rfmaschinen<\/h2>\n<p data-start=\"74\" data-end=\"408\">Diese Hardox-Verschlei\u00dfplatte wurde speziell f\u00fcr die Schleifmaschinen DTG-KS1 und DTG-KS3 entwickelt, um eine lange Lebensdauer und hervorragende Verschlei\u00dffestigkeit zu gew\u00e4hrleisten. Das Hardox-Material ist hart und langlebig und h\u00e4lt auch starker Abnutzung stand.<\/p>\n<p data-start=\"410\" data-end=\"429\"><strong data-start=\"410\" data-end=\"429\">Wichtige Merkmale:<\/strong><\/p>\n<ul data-start=\"430\" data-end=\"730\">\n<li data-start=\"430\" data-end=\"491\"><strong data-start=\"432\" data-end=\"442\">Material:<\/strong> Hardox-Stahl &#8211; ausgezeichnete Verschlei\u00dffestigkeit und Haltbarkeit<\/li>\n<li data-start=\"492\" data-end=\"569\"><strong data-start=\"494\" data-end=\"504\">Gr\u00f6\u00dfe:<\/strong> basierend auf den in der Abbildung gezeigten Ma\u00dfen, mit vorgebohrten Befestigungsl\u00f6chern (f\u00fcr M6-Senkkopfschraube)<\/li>\n<li data-start=\"570\" data-end=\"654\"><strong data-start=\"572\" data-end=\"591\">Kompatibilit\u00e4t:<\/strong> f\u00fcr DTG-KS1 und DTG-KS3 Sch\u00e4rfmaschinen<\/li>\n<li data-start=\"655\" data-end=\"730\"><strong data-start=\"657\" data-end=\"676\">Oberfl\u00e4chenbehandlung:<\/strong> verzinkt f\u00fcr Korrosionsschutz<\/li>\n<\/ul>\n<p data-start=\"732\" data-end=\"744\"><strong data-start=\"732\" data-end=\"744\">Vorteile:<\/strong><\/p>\n<ul data-start=\"745\" data-end=\"967\">\n<li data-start=\"745\" data-end=\"818\"><strong data-start=\"747\" data-end=\"771\">L\u00e4ngere Lebensdauer:<\/strong> widersteht Reibung und hohen Belastungen<\/li>\n<li data-start=\"819\" data-end=\"896\"><strong data-start=\"821\" data-end=\"838\">Einfacher Austausch:<\/strong> vorgebohrte L\u00f6cher sorgen f\u00fcr eine einfache Installation<\/li>\n<li data-start=\"897\" data-end=\"967\"><strong data-start=\"899\" data-end=\"922\">Passgenauigkeit:<\/strong> speziell f\u00fcr DTG-KS-Modelle entwickelt<\/li>\n<\/ul>\n<\/div>\n<\/div>\n","protected":false},"excerpt":{"rendered":"<p>Hardox-Verschlei\u00dfplatte &#8211; DTG-KS1 und DTG-KS3 f\u00fcr Sch\u00e4rfmaschinen. Die Hardox-Verschlei\u00dfplatte wurde speziell f\u00fcr die Schleifmaschinen DTG-KS1 und DTG-KS3 entwickelt, um eine lange Lebensdauer und hervorragende Verschlei\u00dffestigkeit zu gew\u00e4hrleisten.<\/p>\n","protected":false},"featured_media":22756,"comment_status":"open","ping_status":"closed","template":"","meta":[],"product_brand":[1950],"product_cat":[637,880],"product_tag":[890,891,894],"class_list":{"0":"post-22753","1":"product","2":"type-product","3":"status-publish","4":"has-post-thumbnail","6":"product_brand-hardox","7":"product_cat-schleifmaschinen-zubehor","8":"product_cat-sonstiges-nuetzliches-zubehoer","9":"product_tag-hardox-de","10":"product_tag-hardox-verschleisplatte","11":"product_tag-hardox-verschleisplatte-de","12":"product_shipping_class-bander","14":"first","15":"instock","16":"taxable","17":"shipping-taxable","18":"purchasable","19":"product-type-simple"},"_links":{"self":[{"href":"https:\/\/dtgrinder.com\/de\/wp-json\/wp\/v2\/product\/22753","targetHints":{"allow":["GET"]}}],"collection":[{"href":"https:\/\/dtgrinder.com\/de\/wp-json\/wp\/v2\/product"}],"about":[{"href":"https:\/\/dtgrinder.com\/de\/wp-json\/wp\/v2\/types\/product"}],"replies":[{"embeddable":true,"href":"https:\/\/dtgrinder.com\/de\/wp-json\/wp\/v2\/comments?post=22753"}],"wp:featuredmedia":[{"embeddable":true,"href":"https:\/\/dtgrinder.com\/de\/wp-json\/wp\/v2\/media\/22756"}],"wp:attachment":[{"href":"https:\/\/dtgrinder.com\/de\/wp-json\/wp\/v2\/media?parent=22753"}],"wp:term":[{"taxonomy":"product_brand","embeddable":true,"href":"https:\/\/dtgrinder.com\/de\/wp-json\/wp\/v2\/product_brand?post=22753"},{"taxonomy":"product_cat","embeddable":true,"href":"https:\/\/dtgrinder.com\/de\/wp-json\/wp\/v2\/product_cat?post=22753"},{"taxonomy":"product_tag","embeddable":true,"href":"https:\/\/dtgrinder.com\/de\/wp-json\/wp\/v2\/product_tag?post=22753"}],"curies":[{"name":"wp","href":"https:\/\/api.w.org\/{rel}","templated":true}]}}